{"id":1059,"date":"2019-11-20T15:00:00","date_gmt":"2019-11-20T14:00:00","guid":{"rendered":"http:\/\/www.museiciviciviggiutesi.com\/?page_id=1059"},"modified":"2019-11-26T17:20:11","modified_gmt":"2019-11-26T16:20:11","slug":"lotta-di-leoni","status":"publish","type":"page","link":"https:\/\/www.museiciviciviggiutesi.com\/?page_id=1059","title":{"rendered":"Lotta di leoni"},"content":{"rendered":"<div class=\"flex_column av_two_third  flex_column_div av-zero-column-padding first  avia-builder-el-0  el_before_av_one_third  avia-builder-el-first  \" style='border-radius:0px; '><p><div class='avia-button-wrap avia-button-left  avia-builder-el-1  el_before_av_image  avia-builder-el-first  '><a href='https:\/\/www.museiciviciviggiutesi.com\/?page_id=963'  class='avia-button   avia-icon_select-yes-left-icon avia-color-custom avia-size-small avia-position-left '  style='background-color:#f39200; border-color:#f39200; color:#ffffff; ' ><span class='avia_button_icon avia_button_icon_left ' aria-hidden='true' data-av_icon='\ue893' data-av_iconfont='entypo-fontello'><\/span><span class='avia_iconbox_title' >Torna alla lista delle opere<\/span><\/a><\/div><br \/>\n<div class='avia-image-container  av-styling-    avia-builder-el-2  el_after_av_button  avia-builder-el-last   avia-align-center '  itemprop=\"image\" itemscope=\"itemscope\" itemtype=\"https:\/\/schema.org\/ImageObject\"  ><div class='avia-image-container-inner'><div class='avia-image-overlay-wrap'><img class='avia_image' src='https:\/\/www.museiciviciviggiutesi.com\/wp-content\/uploads\/2019\/11\/Lotta-di-leoni-Giuseppe-Buzzi-Leone.jpg' alt='' title='Lotta-di-leoni-Giuseppe-Buzzi-Leone' height=\"588\" width=\"850\"  itemprop=\"thumbnailUrl\"  \/><\/div><\/div><\/div><\/p><\/div>\n<div class=\"flex_column av_one_third  flex_column_div av-zero-column-padding   avia-builder-el-3  el_after_av_two_third  el_before_av_section  avia-builder-el-last  \" style='border-radius:0px; '><section class=\"av_textblock_section \"  itemscope=\"itemscope\" itemtype=\"https:\/\/schema.org\/CreativeWork\" ><div class='avia_textblock  '   itemprop=\"text\" ><h3>Lotta di leoni<\/h3>\n<p><strong>Artista:\u00a0<\/strong><a href=\"http:\/\/www.museiciviciviggiutesi.com\/?page_id=997\" target=\"_blank\" rel=\"nofollow noopener noreferrer\">Giuseppe Buzzi Leone<\/a><br \/>\n<strong>Anno di realizzazione:<\/strong>\u00a0ante 1843<br \/>\n<strong>Soggetto:<\/strong>\u00a0Allegoria<br \/>\n<strong>Collocazione:<\/strong>\u00a0Viggi\u00f9, Museo della scultura viggiutese dell&#8217;Ottocento<\/p>\n<\/div><\/section><br \/>\n<div class=\"togglecontainer   toggle_close_all  avia-builder-el-5  el_after_av_textblock  avia-builder-el-last  \" >\n<section class=\"av_toggle_section\"  itemscope=\"itemscope\" itemtype=\"https:\/\/schema.org\/CreativeWork\"  >    <div class=\"single_toggle\" data-tags=\"{Tutto} \"  >        <p data-fake-id=\"#toggle-id-1\" class=\"toggler \"  itemprop=\"headline\"   >Dati tecnici<span class=\"toggle_icon\" >        <span class=\"vert_icon\"><\/span><span class=\"hor_icon\"><\/span><\/span><\/p>        <div id=\"toggle-id-1-container\" class=\"toggle_wrap \"  >            <div class=\"toggle_content invers-color \"  itemprop=\"text\"   ><p><strong>Tecnica:\u00a0<\/strong>Altorilievo<br \/>\n<strong>Materiale:<\/strong>\u00a0Gesso<\/p>\n<p><strong>Dimensioni:<\/strong>\u00a099x60x18<br \/>\n<strong>Stato:<\/strong>\u00a0Buono<\/p>\n<p><strong>Nel museo:<\/strong>\u00a0Si<\/p>\n            <\/div>        <\/div>    <\/div><\/section>\n<section class=\"av_toggle_section\"  itemscope=\"itemscope\" itemtype=\"https:\/\/schema.org\/CreativeWork\"  >    <div class=\"single_toggle\" data-tags=\"{Tutto} \"  >        <p data-fake-id=\"#toggle-id-2\" class=\"toggler \"  itemprop=\"headline\"   >Descrizione<span class=\"toggle_icon\" >        <span class=\"vert_icon\"><\/span><span class=\"hor_icon\"><\/span><\/span><\/p>        <div id=\"toggle-id-2-container\" class=\"toggle_wrap \"  >            <div class=\"toggle_content invers-color \"  itemprop=\"text\"   ><p>In quest&#8217;interessante opera del Buzzi Leone, si vede, in maniera egregia l&#8217;abilit\u00e0 dello scultore nel ritrarre animali. Il tema affrontato \u00e8 quello della lotta tra due esemplari di leoni, un maschio ed una femmina che vengono ritratti con un forte aggetto che mette in risalto la bravura dell&#8217;artista nei rilievi oltre che nelle sculture a tutto tondo. Sullo sfondo del pannello si possono vedere altrti due leoni che stanno per darsi all&#8217;inseguimenti di due gazzelle. Lo scultore ha potuto acquisire questa sua straordinaria capacit\u00e0 espressiva principalmente grazie al suo soggiorno parigino della met\u00e0 degli ani &#8217;30 dell&#8217;800, durante il quale pot\u00e9 studiare animali dal vero al &#8220;Jardin des plantes&#8221;.<\/p>\n            <\/div>        <\/div>    <\/div><\/section>\n<section class=\"av_toggle_section\"  itemscope=\"itemscope\" itemtype=\"https:\/\/schema.org\/CreativeWork\"  >    <div class=\"single_toggle\" data-tags=\"{Tutto} \"  >        <p data-fake-id=\"#toggle-id-3\" class=\"toggler \"  itemprop=\"headline\"   >Bibliografia<span class=\"toggle_icon\" >        <span class=\"vert_icon\"><\/span><span class=\"hor_icon\"><\/span><\/span><\/p>        <div id=\"toggle-id-3-container\" class=\"toggle_wrap \"  >            <div class=\"toggle_content invers-color \"  itemprop=\"text\"   ><p>F. Gualdoni, Scultura a Varese dal verismo ad oggi, Varese, 1994; Picasass, Varese, Macchione, 1995; D. Agostinelli, Luigi Buzzi Leone scultore (1823-1909) &#8211; tesi di laurea AA 1996-7; Storia dell&#8217;arte a Varese e nel suo territorio, Varese, 2011<\/p>\n            <\/div>        <\/div>    <\/div><\/section>\n<\/div><\/p><\/div><\/div><\/div><\/div><!-- close content main div --><\/div><\/div><div id='av_section_1' class='avia-section main_color avia-section-default avia-shadow avia-bg-style-scroll  avia-builder-el-6  el_after_av_one_third  avia-builder-el-last    container_wrap sidebar_right' style='background-color: #f8f8f8;  '  ><div class='container' ><div class='template-page content  av-content-small alpha units'><div class='post-entry post-entry-type-page post-entry-1059'><div class='entry-content-wrapper clearfix'>\n<div style='padding-bottom:10px; font-size:26px;' class='av-special-heading av-special-heading-h3  blockquote classic-quote  avia-builder-el-7  el_before_av_hr  avia-builder-el-first   av-inherit-size '><h3 class='av-special-heading-tag '  itemprop=\"headline\"  >Altre opere del Museo dell \u2019800<\/h3><div class='special-heading-border'><div class='special-heading-inner-border' ><\/div><\/div><\/div>\n<div  class='hr hr-short hr-center   avia-builder-el-8  el_after_av_heading  el_before_av_portfolio  avia-builder-el-last  '><span class='hr-inner ' ><span class='hr-inner-style'><\/span><\/span><\/div>\n<div class=' grid-sort-container isotope   no_margin-container with-excerpt-container grid-total-even grid-col-4 grid-links-' data-portfolio-id='1'><div data-ajax-id='98' class=' grid-entry flex_column isotope-item all_sort no_margin post-entry post-entry-98 grid-entry-overview grid-loop-1 grid-parity-odd  museo-del-800_sort  av_one_fourth first default_av_fullwidth '><article class='main_color inner-entry'  itemscope=\"itemscope\" itemtype=\"https:\/\/schema.org\/CreativeWork\" ><a href='http:\/\/www.museiciviciviggiutesi.com\/?page_id=1026' title='Busto ritratto di Felice Argenti, Stefano Butti'  data-rel='grid-1' class='grid-image avia-hover-fx'><img loading=\"lazy\" decoding=\"async\" width=\"260\" height=\"185\" src=\"https:\/\/www.museiciviciviggiutesi.com\/wp-content\/uploads\/2019\/11\/Busto-ritratto-di-Felice-Argenti-Stefano-Butti-p-260x185.jpg\" class=\"attachment-portfolio_small size-portfolio_small wp-post-image\" alt=\"\" \/><\/a><div class='grid-content'><div class='avia-arrow'><\/div><header class=\"entry-content-header\"><h3 class='grid-entry-title entry-title '  itemprop=\"headline\" >Busto ritratto di Felice Argenti, Stefano Butti<\/h3><\/header><\/div><footer class=\"entry-footer\"><\/footer><\/article><\/div><div data-ajax-id='96' class=' grid-entry flex_column isotope-item all_sort no_margin post-entry post-entry-96 grid-entry-overview grid-loop-2 grid-parity-even  museo-del-800_sort  av_one_fourth  default_av_fullwidth '><article class='main_color inner-entry'  itemscope=\"itemscope\" itemtype=\"https:\/\/schema.org\/CreativeWork\" ><a href='http:\/\/www.museiciviciviggiutesi.com\/?page_id=1031' title='Cloe e Dafne, Angelo Botticelli'  data-rel='grid-1' class='grid-image avia-hover-fx'><img loading=\"lazy\" decoding=\"async\" width=\"260\" height=\"185\" src=\"https:\/\/www.museiciviciviggiutesi.com\/wp-content\/uploads\/2019\/11\/Angelo-Bottinelli-Cloe-e-Dafne-p-260x185.jpg\" class=\"attachment-portfolio_small size-portfolio_small wp-post-image\" alt=\"\" \/><\/a><div class='grid-content'><div class='avia-arrow'><\/div><header class=\"entry-content-header\"><h3 class='grid-entry-title entry-title '  itemprop=\"headline\" >Cloe e Dafne, Angelo Botticelli<\/h3><\/header><\/div><footer class=\"entry-footer\"><\/footer><\/article><\/div><div data-ajax-id='94' class=' grid-entry flex_column isotope-item all_sort no_margin post-entry post-entry-94 grid-entry-overview grid-loop-3 grid-parity-odd  museo-del-800_sort  av_one_fourth  default_av_fullwidth '><article class='main_color inner-entry'  itemscope=\"itemscope\" itemtype=\"https:\/\/schema.org\/CreativeWork\" ><a href='http:\/\/www.museiciviciviggiutesi.com\/?page_id=1001' title='Il garibaldino, Luigi Buzzi Leone'  data-rel='grid-1' class='grid-image avia-hover-fx'><img loading=\"lazy\" decoding=\"async\" width=\"260\" height=\"185\" src=\"https:\/\/www.museiciviciviggiutesi.com\/wp-content\/uploads\/2019\/11\/il-garibaldino-luigi-buzzi-leone-p-260x185.jpg\" class=\"attachment-portfolio_small size-portfolio_small wp-post-image\" alt=\"\" \/><\/a><div class='grid-content'><div class='avia-arrow'><\/div><header class=\"entry-content-header\"><h3 class='grid-entry-title entry-title '  itemprop=\"headline\" >Il garibaldino, Luigi Buzzi Leone<\/h3><\/header><\/div><footer class=\"entry-footer\"><\/footer><\/article><\/div><div data-ajax-id='92' class=' grid-entry flex_column isotope-item all_sort no_margin post-entry post-entry-92 grid-entry-overview grid-loop-4 grid-parity-even  post-entry-last  museo-del-800_sort  av_one_fourth  default_av_fullwidth '><article class='main_color inner-entry'  itemscope=\"itemscope\" itemtype=\"https:\/\/schema.org\/CreativeWork\" ><a href='http:\/\/www.museiciviciviggiutesi.com\/?page_id=1054' title='Autoritratto (Antonio Bottinelli)'  data-rel='grid-1' class='grid-image avia-hover-fx'><img loading=\"lazy\" decoding=\"async\" width=\"260\" height=\"185\" src=\"https:\/\/www.museiciviciviggiutesi.com\/wp-content\/uploads\/2019\/11\/autoritratto-bottinelli-antonio-p-260x185.jpg\" class=\"attachment-portfolio_small size-portfolio_small wp-post-image\" alt=\"\" \/><\/a><div class='grid-content'><div class='avia-arrow'><\/div><header class=\"entry-content-header\"><h3 class='grid-entry-title entry-title '  itemprop=\"headline\" >Autoritratto (Antonio Bottinelli)<\/h3><\/header><\/div><footer class=\"entry-footer\"><\/footer><\/article><\/div><\/div>\n<\/div><\/div><\/div><!-- close content main div --><\/div><\/div><div id='after_section_1' class='main_color av_default_container_wrap container_wrap sidebar_right' style=' '  ><div class='container' ><div class='template-page content  av-content-small alpha units'><div class='post-entry post-entry-type-page post-entry-1059'><div class='entry-content-wrapper clearfix'><\/p>\n","protected":false},"excerpt":{"rendered":"","protected":false},"author":1,"featured_media":0,"parent":0,"menu_order":0,"comment_status":"closed","ping_status":"closed","template":"","meta":{"footnotes":""},"class_list":["post-1059","page","type-page","status-publish","hentry"],"_links":{"self":[{"href":"https:\/\/www.museiciviciviggiutesi.com\/index.php?rest_route=\/wp\/v2\/pages\/1059","targetHints":{"allow":["GET"]}}],"collection":[{"href":"https:\/\/www.museiciviciviggiutesi.com\/index.php?rest_route=\/wp\/v2\/pages"}],"about":[{"href":"https:\/\/www.museiciviciviggiutesi.com\/index.php?rest_route=\/wp\/v2\/types\/page"}],"author":[{"embeddable":true,"href":"https:\/\/www.museiciviciviggiutesi.com\/index.php?rest_route=\/wp\/v2\/users\/1"}],"replies":[{"embeddable":true,"href":"https:\/\/www.museiciviciviggiutesi.com\/index.php?rest_route=%2Fwp%2Fv2%2Fcomments&post=1059"}],"version-history":[{"count":3,"href":"https:\/\/www.museiciviciviggiutesi.com\/index.php?rest_route=\/wp\/v2\/pages\/1059\/revisions"}],"predecessor-version":[{"id":1488,"href":"https:\/\/www.museiciviciviggiutesi.com\/index.php?rest_route=\/wp\/v2\/pages\/1059\/revisions\/1488"}],"wp:attachment":[{"href":"https:\/\/www.museiciviciviggiutesi.com\/index.php?rest_route=%2Fwp%2Fv2%2Fmedia&parent=1059"}],"curies":[{"name":"wp","href":"https:\/\/api.w.org\/{rel}","templated":true}]}}