{"id":1098,"date":"2019-11-20T17:11:58","date_gmt":"2019-11-20T16:11:58","guid":{"rendered":"http:\/\/www.museiciviciviggiutesi.com\/?page_id=1098"},"modified":"2019-11-22T11:06:32","modified_gmt":"2019-11-22T10:06:32","slug":"artisti-viggiutesi","status":"publish","type":"page","link":"https:\/\/www.museiciviciviggiutesi.com\/?page_id=1098","title":{"rendered":"Artisti Viggiutesi"},"content":{"rendered":"<div class=\"flex_column av_one_full  flex_column_div av-zero-column-padding first  avia-builder-el-0  el_before_av_one_fourth  avia-builder-el-first  \" style='border-radius:0px; '><div style='padding-bottom:10px; font-size:26px;' class='av-special-heading av-special-heading-h3  blockquote modern-quote  avia-builder-el-1  avia-builder-el-no-sibling   av-inherit-size '><h3 class='av-special-heading-tag '  itemprop=\"headline\"  >Gli artisti<\/h3><div class ='av-subheading av-subheading_below  ' style='font-size:14px;'><p>I maestri Viggiutesi<\/p>\n<\/div><div class='special-heading-border'><div class='special-heading-inner-border' ><\/div><\/div><\/div><\/div><div class=\"flex_column av_one_fourth  av-animated-generic left-to-right  flex_column_div av-zero-column-padding first  avia-builder-el-2  el_after_av_one_full  el_before_av_three_fourth   column-top-margin\" style='border-radius:0px; '><div class='avia-image-container  av-styling-    avia-builder-el-3  avia-builder-el-no-sibling   avia-align-center '  itemprop=\"image\" itemscope=\"itemscope\" itemtype=\"https:\/\/schema.org\/ImageObject\"  ><div class='avia-image-container-inner'><div class='avia-image-overlay-wrap'><img class='avia_image' src='https:\/\/www.museiciviciviggiutesi.com\/wp-content\/uploads\/2019\/11\/maestri-viggiutesi-239x300.jpg' alt='' title='maestri-viggiutesi' height=\"300\" width=\"239\"  itemprop=\"thumbnailUrl\"  \/><\/div><\/div><\/div><\/div><\/p>\n<div class=\"flex_column av_three_fourth  flex_column_div av-zero-column-padding   avia-builder-el-4  el_after_av_one_fourth  el_before_av_one_full  column-top-margin\" style='border-radius:0px; '><p><section class=\"av_textblock_section \"  itemscope=\"itemscope\" itemtype=\"https:\/\/schema.org\/CreativeWork\" ><div class='avia_textblock  '   itemprop=\"text\" ><p>Sul finire del XV secolo, con il venir meno delle istituzioni corporative, non si pot\u00e9 pi\u00f9 parlare di una attivit\u00e0\u00a0comune e tradizionale dei \u201cMaestri Comacini\u201d. La Famiglia subentr\u00f2 come unica forma istituzionale di\u00a0questa tradizione: cos\u00ec anche le Famiglie viggiutesi si inserirono in questa tradizionale \u201cvocazione\u201d\u00a0all\u2019architettura e alla scultura dell\u2019Alta Lombardia. Dal XVI secolo in poi furono protagoniste del panorama\u00a0artistico italiano famiglie di architetti, di scultori e di lapicidi viggiutesi.<\/p>\n<\/div><\/section><br \/>\n<div class='avia-data-table-wrap avia_responsive_table'><table class='avia-table avia-data-table avia-table-1  avia-builder-el-6  el_after_av_textblock  avia-builder-el-last   avia_pricing_default '  itemscope=\"itemscope\" itemtype=\"https:\/\/schema.org\/Table\" ><caption>Elenco dei principali artisti<\/caption><tbody><tr class=''><td class=''>Longhi Alessio \u2013 Architetto e Scultore<\/td><td class=''>1480 \u2013 1553<\/td><\/tr><tr class=''><td class=''>Longhi Nicolo\u2019 \u2013 Scultore<\/td><td class=''>1514 \u2013 1577<\/td><\/tr><tr class=''><td class=''>Longhi Martino il vecchio \u2013 Architetto<\/td><td class=''>1534 \u2013 1591<\/td><\/tr><tr class=''><td class=''>Argenti Gio Antonio dei Garzoni \u2013 Architetto<\/td><td class=''>1537 \u2013 1590<\/td><\/tr><tr class=''><td class=''>Abbondio Antonio da Viggiu\u00ec (Buzzi) \u2013 Scultore<\/td><td class=''>1538 \u2013 1595<\/td><\/tr><tr class=''><td class=''>Longhi Silla \u2013 Scultore<\/td><td class=''>1540 \u2013 1620<\/td><\/tr><tr class=''><td class=''>Buzzi Lelio \u2013 Architetto<\/td><td class=''>1553 \u2013 1619<\/td><\/tr><tr class=''><td class=''>Ponzio Flaminio \u2013 Architetto<\/td><td class=''>1559 \u2013 1613<\/td><\/tr><tr class=''><td class=''>Longhi Onorio Architetto<\/td><td class=''>1562 \u2013 1634<\/td><\/tr><tr class=''><td class=''>Buzzi Carlo \u2013 Pittore<\/td><td class=''>1577 \u2013 1655<\/td><\/tr><tr class=''><td class=''>Longhi Martino il giovane \u2013 Architetto<\/td><td class=''>1602 \u2013 1660<\/td><\/tr><tr class=''><td class=''>Buzzi Elia Vincenzo \u2013 Scultore<\/td><td class=''>1708 \u2013 1780<\/td><\/tr><tr class=''><td class=''>Giudici Carlo Maria \u2013 Pittore e Scultore<\/td><td class=''>1723 \u2013 1804<\/td><\/tr><tr class=''><td class=''>Longhi Gabriele \u2013 Architetto<\/td><td class=''>1737 \u2013 1820<\/td><\/tr><tr class=''><td class=''>Buzzi Giuseppe Scultore<\/td><td class=''>1760 \u2013 1838<\/td><\/tr><tr class=''><td class=''>Pellegatta Giacomo \u2013 Pittore di prospettiva<\/td><td class=''>1768 \u2013 1850<\/td><\/tr><tr class=''><td class=''>Argenti Francesco Maria \u2013 Architetto<\/td><td class=''>1783 \u2013 1818<\/td><\/tr><tr class=''><td class=''>Buzzi Leone Giacomo \u2013 Architetto Scultore<\/td><td class=''>1787 \u2013 1858<\/td><\/tr><tr class=''><td class=''>Piazza Giovanni -Scultore<\/td><td class=''>1801 \u2013 1827<\/td><\/tr><tr class=''><td class=''>Galli Giacinto \u2013 Scultore<\/td><td class=''>1806 \u2013 1880<\/td><\/tr><tr class=''><td class=''>Butti Guido \u2013 Scultore<\/td><td class=''>1806 \u2013 1878<\/td><\/tr><tr class=''><td class=''>Butti Stefano \u2013 Scultore<\/td><td class=''>1807 \u2013 1880<\/td><\/tr><tr class=''><td class=''>Romano Carlo \u2013 Scultore<\/td><td class=''>1810 \u2013 1883<\/td><\/tr><tr class=''><td class=''>Argenti Giuseppe \u2013 Scultore<\/td><td class=''>1811 \u2013 1870<\/td><\/tr><tr class=''><td class=''>Buzzi Leone Giuseppe \u2013 Scultore<\/td><td class=''>1812 \u2013 1843<\/td><\/tr><tr class=''><td class=''>Galli Antonio \u2013 Scultore<\/td><td class=''>1812 \u2013 1861<\/td><\/tr><tr class=''><td class=''>Buzzi Giberto Francesco Maria \u2013 Scultore<\/td><td class=''>1813 \u2013 1894<\/td><\/tr><tr class=''><td class=''>Buzzi Leone Francesco Maria \u2013 Scultore<\/td><td class=''>1814 \u2013 1892<\/td><\/tr><tr class=''><td class=''>Argenti Giosue\u2019 \u2013 Scultore<\/td><td class=''>1819 \u2013 1901<\/td><\/tr><tr class=''><td class=''>Buzzi Leone Luigi \u2013 Scultore<\/td><td class=''>1823 \u2013 1909<\/td><\/tr><tr class=''><td class=''>Bottinelli Antonio \u2013 Scultore<\/td><td class=''>1827 \u2013 1898<\/td><\/tr><tr class=''><td class=''>Tantardini Antonio \u2013 Scultore<\/td><td class=''>1829 \u2013 1879<\/td><\/tr><tr class=''><td class=''>Galli Rizzardo \u2013 Scultore<\/td><td class=''>1836 \u2013 1914<\/td><\/tr><tr class=''><td class=''>Buzzi Giberto Luigi \u2013 Scultore<\/td><td class=''>1838 \u2013 1915<\/td><\/tr><tr class=''><td class=''>Argenti Antonio \u2013 Scultore<\/td><td class=''>1845 \u2013 1916<\/td><\/tr><tr class=''><td class=''>Butti Enrico \u2013 Scultore<\/td><td class=''>1847 \u2013 1932<\/td><\/tr><tr class=''><td class=''>Giudici Primo \u2013 Scultore<\/td><td class=''>1852 \u2013 1905<\/td><\/tr><tr class=''><td class=''>Bottinelli Angelo \u2013 Scultore<\/td><td class=''>1854 \u2013 1890<\/td><\/tr><tr class=''><td class=''>Rusconi Enrico \u2013 Scultore<\/td><td class=''>1856 \u2013 1933<\/td><\/tr><tr class=''><td class=''>Gunella Egidio \u2013 Scultore<\/td><td class=''>1864 \u2013 1934<\/td><\/tr><tr class=''><td class=''>Bottinelli Giuseppe \u2013 Scultore<\/td><td class=''>1865 \u2013 1934<\/td><\/tr><tr class=''><td class=''>Galli Angelo \u2013 Scultore<\/td><td class=''>1870 \u2013 1935<\/td><\/tr><tr class=''><td class=''>Piatti Antonio \u2013 Pittore<\/td><td class=''>1875 \u2013 1962<\/td><\/tr><tr class=''><td class=''>Piatti Luigi \u2013 Scultore<\/td><td class=''>1881 \u2013 1939<\/td><\/tr><tr class=''><td class=''>Buzzi Reschini Giacomo \u2013 Scultore<\/td><td class=''>1881 \u2013 1962<\/td><\/tr><tr class=''><td class=''>Galli Giuseppe \u2013 Scultore<\/td><td class=''>1903 \u2013 1988<\/td><\/tr><tr class=''><td class=''>Conti Ferdinando \u2013 Scultore<\/td><td class=''>1906 \u2013 1960<\/td><\/tr><tr class=''><td class=''>Freschetti Gottardo \u2013 Scultore<\/td><td class=''>1906 \u2013 1979<\/td><\/tr><tr class=''><td class=''>Cedraschi Ettore \u2013 Scultore<\/td><td class=''>1909 \u2013 1996<\/td><\/tr><tr class=''><td class=''>Ortelli Gottardo \u2013 Pittore<\/td><td class=''>1938 \u2013 2003<\/td><\/tr><\/tbody><\/table><\/div><style type='text\/css'><\/style><\/p><\/div>\n<div class=\"flex_column av_one_full  flex_column_div av-zero-column-padding first  avia-builder-el-7  el_after_av_three_fourth  el_before_av_one_fourth  column-top-margin\" style='border-radius:0px; '><div style='padding-bottom:10px; ' class='av-special-heading av-special-heading-h3    avia-builder-el-8  avia-builder-el-no-sibling   '><h3 class='av-special-heading-tag '  itemprop=\"headline\"  >Artisti Viggiutesi a Roma nei Sec. XVI &#8211; XVII<\/h3><div class='special-heading-border'><div class='special-heading-inner-border' ><\/div><\/div><\/div><\/div>\n<div class=\"flex_column av_one_fourth  av-animated-generic left-to-right  flex_column_div av-zero-column-padding first  avia-builder-el-9  el_after_av_one_full  el_before_av_three_fourth   column-top-margin\" style='border-radius:0px; '><div class='avia-image-container  av-styling-    avia-builder-el-10  avia-builder-el-no-sibling   avia-align-center '  itemprop=\"image\" itemscope=\"itemscope\" itemtype=\"https:\/\/schema.org\/ImageObject\"  ><div class='avia-image-container-inner'><div class='avia-image-overlay-wrap'><img class='avia_image' src='https:\/\/www.museiciviciviggiutesi.com\/wp-content\/uploads\/2019\/11\/artisti-viggiutesi-a-roma-239x300.jpg' alt='' title='artisti-viggiutesi-a-roma' height=\"300\" width=\"239\"  itemprop=\"thumbnailUrl\"  \/><\/div><\/div><\/div><\/div>\n<div class=\"flex_column av_three_fourth  flex_column_div av-zero-column-padding   avia-builder-el-11  el_after_av_one_fourth  el_before_av_one_full  column-top-margin\" style='border-radius:0px; '><section class=\"av_textblock_section \"  itemscope=\"itemscope\" itemtype=\"https:\/\/schema.org\/CreativeWork\" ><div class='avia_textblock  '   itemprop=\"text\" ><p>Con il XVI secolo, il territorio dei Maestri Comacini continu\u00f2 a dare i natali ad architetti, scultori, decoratori,\u00a0che svolsero la propria attivit\u00e0 in particolare nella citt\u00e0 di Roma e nei vicini centri laziali nel periodo tardo\u00a0Rinascimentale, Manieristico e poi Barocco.\u00a0I viggiutesi che emigrarono a Roma vi rimasero per diverse generazioni: i figli continuarono le opere dei\u00a0padri e dei nonni pur mantenendo sempre un legame con il loro paese d\u2019origine.\u00a0I viggiutesi a Roma furono architetti, scultori, capomastri nelle opere di scalpello, lapicidi e scalpellini e \u201crifinitori\u201d\u00a0di statue antiche molto apprezzati.\u00a0Un caso emblematico fu costituito dalla Famiglia dei Longhi che, pur lavorando per diversi Papi e Cardinali,\u00a0realizzando opere assai significative, che rimasero nella Storia dell\u2019Arte, ebbero comunque sempre\u00a0come punto di riferimento Viggi\u00f9.<\/p>\n<p>I Longhi avevano una propria Congregazione nella Venerabile Compagnia del Corpus Domini, esistente\u00a0anche a Viggi\u00f9 e facevano parte della Confraternita dei \u201cQuattro Santi Coronati\u201d la quale aveva una ramificazione\u00a0in tutta Europa, con una propria sede in Roma, nell\u2019omonima Chiesa dove sono sepolti questi\u00a0scalpellini martirizzati.<\/p>\n<\/div><\/section><\/div>\n<div class=\"flex_column av_one_full  flex_column_div av-zero-column-padding first  avia-builder-el-13  el_after_av_three_fourth  el_before_av_one_fourth  column-top-margin\" style='border-radius:0px; '><div style='padding-bottom:10px; ' class='av-special-heading av-special-heading-h3    avia-builder-el-14  avia-builder-el-no-sibling   '><h3 class='av-special-heading-tag '  itemprop=\"headline\"  >Gli artisti Viggiutesi presso il Duomo di Milano<\/h3><div class='special-heading-border'><div class='special-heading-inner-border' ><\/div><\/div><\/div><\/div>\n<div class=\"flex_column av_one_fourth  av-animated-generic left-to-right  flex_column_div av-zero-column-padding first  avia-builder-el-15  el_after_av_one_full  el_before_av_three_fourth   column-top-margin\" style='border-radius:0px; '><div class='avia-image-container  av-styling-    avia-builder-el-16  avia-builder-el-no-sibling   avia-align-center '  itemprop=\"image\" itemscope=\"itemscope\" itemtype=\"https:\/\/schema.org\/ImageObject\"  ><div class='avia-image-container-inner'><div class='avia-image-overlay-wrap'><img class='avia_image' src='https:\/\/www.museiciviciviggiutesi.com\/wp-content\/uploads\/2019\/11\/artisti-viggiutesi-presso-il-duomo-di-milano-239x300.jpg' alt='' title='artisti-viggiutesi-presso-il-duomo-di-milano' height=\"300\" width=\"239\"  itemprop=\"thumbnailUrl\"  \/><\/div><\/div><\/div><\/div>\n<div class=\"flex_column av_three_fourth  flex_column_div av-zero-column-padding   avia-builder-el-17  el_after_av_one_fourth  el_before_av_one_full  column-top-margin\" style='border-radius:0px; '><section class=\"av_textblock_section \"  itemscope=\"itemscope\" itemtype=\"https:\/\/schema.org\/CreativeWork\" ><div class='avia_textblock  '   itemprop=\"text\" ><div><\/div>\n<div>\n<div>\n<p>I rapporti lavorativi tra i viggiutesi e la Veneranda Fabbrica del Duomo di Milano, cominciarono dalla fine del XIV\u00a0secolo, nel momento stesso in cui si mise in atto il grande progetto di rinnovamento della Basilica di Santa Maria\u00a0Maggiore, situata ove oggi sorge il Duomo.<br \/>\nNegli annali della Veneranda Fabbrica, che riportano i dati dei registri contabili, \u00e8 testimoniata, nel 1392, l\u2019attivit\u00e0\u00a0nella Fabbrica di Stefano da Viglue, \u201cMagistri lapidibus vivis\u201d. Fu costante, in effetti, la presenza di maestranze di\u00a0Viggi\u00f9 nel cantiere: tale presenza \u00e8 stata documentata negli annali del Duomo, dagli albori della costruzione fino\u00a0ai giorni nostri. In tali registri, \u00e8 possibile individuare viggiutesi che svolsero la loro attivit\u00e0 come amministratori, architetti,\u00a0protostatuari, scultori, pittori, capifabbrica, capicompagnia, ornatisti, quadratori e che si sono distinti per\u00a0le loro capacit\u00e0 artistiche e professionali.<\/p>\n<p>Il primo scultore viggiutese di figura nominato negli annali \u00e8 Antonio da Viggi\u00f9, il quale, nel 1559, scolp\u00ec una statua\u00a0di Ges\u00f9 portacroce, collocata e ancora presente in una apposita nicchia nella Sacrestia settentrionale del Duomo.\u00a0Il primo architetto viggiutese presente nel cantiere milanese fu Lelio Buzzi che, verso la fine del XVI sec., gett\u00f2 le\u00a0basi dell\u2019odierna facciata del Duomo. Suo figlio Carlo dipinse diversi quadroni, raffiguranti episodi della vita di San\u00a0Carlo Borromeo, che ancora oggi vengono esposti nella navata centrale nella ricorrenza di San Carlo. Anche\u00a0l\u2019architetto viggiutese Onorio Longhi all\u2019inizio del XVII secolo ha presentato i disegni per la facciata del Duomo,\u00a0che per\u00f2 non venne realizzata.<\/p>\n<p>Con l\u2019inizio del XVIII sec. s\u2019inaugur\u00f2 un periodo d\u2019oro per gli artisti e le maestranze viggiutesi che vide i protostatuari\u00a0Elia Vincenzo Buzzi e Carlo Maria Giudici divenire figure di spicco della scultura del Settecento Lombardo.\u00a0Con l\u2019inizio del XIX secolo la Scuola viggiutese divenne la protagonista dei lavori per il compimento della facciata\u00a0del Duomo: si ricordano l\u2019Amministratore Giovanni Angelo Giudici che tratt\u00f2 con Napoleone Bonaparte il compimento\u00a0del prospetto del Duomo, mentre, tra i disegnatori, i maestri dei marmi ed i modellatori sono da citare Giacomo\u00a0Buzzi Leone, Francesco Buzzi Leone e Stefano Casanova.\u00a0I cantieri della Veneranda Fabbrica in Camposanto, nella Cassina ed in Santa Redegonda avevano 42 botteghe,\u00a025 delle quali erano gestite da viggiutesi che realizzarono in questi laboratori gli ornati, le guglie, gli archi rampanti\u00a0che erano necessari al compimento del Duomo. Un lavoro non indifferente lo fecero anche gli scultori di figura nel\u00a0realizzare le statue mancanti. Sono da ricordare : Argenti Bernardo, Argenti Giosu\u00e8, Argenti Giuseppe, Antonio\u00a0Bottinelli, Enrico Butti, Guido Butti, Gio Batta, Pietro Buzzi Donelli, Giuseppe e Luigi Buzzi Leone, Luigi Cocchi,\u00a0Carlo Gerolamo, Luigi e Pompeo Marchesi, Giovanni Piazza, Carlo Romano e Antonio Tantardini.\u00a0Operanti nel XX secolo furono, invece, Nando Conti ed Ettore Cedraschi.<\/p>\n<\/div>\n<\/div>\n<\/div><\/section><\/div>\n<div class=\"flex_column av_one_full  flex_column_div av-zero-column-padding first  avia-builder-el-19  el_after_av_three_fourth  el_before_av_one_fourth  column-top-margin\" style='border-radius:0px; '><div style='padding-bottom:10px; ' class='av-special-heading av-special-heading-h3    avia-builder-el-20  avia-builder-el-no-sibling   '><h3 class='av-special-heading-tag '  itemprop=\"headline\"  >Gli altari eseguiti dai Viggiutesi<\/h3><div class='special-heading-border'><div class='special-heading-inner-border' ><\/div><\/div><\/div><\/div>\n<div class=\"flex_column av_one_fourth  av-animated-generic left-to-right  flex_column_div av-zero-column-padding first  avia-builder-el-21  el_after_av_one_full  el_before_av_three_fourth   column-top-margin\" style='border-radius:0px; '><div class='avia-image-container  av-styling-    avia-builder-el-22  avia-builder-el-no-sibling   avia-align-center '  itemprop=\"image\" itemscope=\"itemscope\" itemtype=\"https:\/\/schema.org\/ImageObject\"  ><div class='avia-image-container-inner'><div class='avia-image-overlay-wrap'><img class='avia_image' src='https:\/\/www.museiciviciviggiutesi.com\/wp-content\/uploads\/2019\/11\/altari-eseguiti-dai-viggiutesi-239x300.jpg' alt='' title='altari-eseguiti-dai-viggiutesi' height=\"300\" width=\"239\"  itemprop=\"thumbnailUrl\"  \/><\/div><\/div><\/div><\/div>\n<div class=\"flex_column av_three_fourth  flex_column_div av-zero-column-padding   avia-builder-el-23  el_after_av_one_fourth  el_before_av_one_full  column-top-margin\" style='border-radius:0px; '><section class=\"av_textblock_section \"  itemscope=\"itemscope\" itemtype=\"https:\/\/schema.org\/CreativeWork\" ><div class='avia_textblock  '   itemprop=\"text\" ><div><\/div>\n<div>\n<p>Con le direttive \u201cINSTRUCTIONES FABBRICAE ET SUPELLECTILIS ECCLESIASTICAE\u201d, emanate\u00a0dopo il Concilio di Trento e messe in atto da S. Carlo Borromeo nella Diocesi Ambrosiana, si ebbe un radicale\u00a0cambiamento nella costruzione degli altari delle Chiese. Si ordin\u00f2 di prediligere, nel rinnovare gli\u00a0altari, non pi\u00f9 il legno ma i marmi lustri ed il Santo incoraggi\u00f2 pure la creazione di numerose \u201cOfficine\u00a0Sacre\u201d.<\/p>\n<p>Con queste direttive, le botteghe viggiutesi ebbero un notevole numero di commesse: nella zona ricca di\u00a0pietre e marmi pregiati e con la presenza di mano d\u2019opera qualificata, gli imprenditori locali furono privilegiati\u00a0nelle ordinazioni di questi manufatti. Questi artigiani dornarono di magnifici altari sia le chiese delle\u00a0citt\u00e0 pi\u00f9 prestigiose che quelle di modeste comunit\u00e0, sparse in Lombardia, Piemonte e Canton Ticino.\u00a0I committenti chiedevano sempre pi\u00f9 spesso marmi con venature e colori rari, che la lucidatura fosse perfetta\u00a0e che le forme architettoniche fossero corrette, nonch\u00e9, che le sculture presenti sull\u2019altare venissero\u00a0eseguite da artisti di fama. Poich\u00e9 l\u2019esecuzione di queste opere marmoree richiedevano una notevole disponibilit\u00e0\u00a0finanziaria ed un\u2019organizzazione sul lavoro a livello industriale si crearono botteghe il cui titolare\u00a0poteva disporre di cave di marmo pregiate, di mezzi finanziari per pagare i marmi importati da cave lontane\u00a0e la mercede per gli operai. Il titolare della bottega doveva avere capacit\u00e0 tecniche corrispondenti a\u00a0quelle di un architetto, di uno scultore, di un marmista ed, inoltre, capacit\u00e0 necessarie per istruire e controllare\u00a0i lavoranti.<\/p>\n<p>Talvolta alcuni imprenditori trasferirono le loro botteghe dove le richieste erano maggiori riducendo, cos\u00ec,\u00a0gli oneri dei trasporti dei manufatti i quali incidevano di molto sul costo finale dell\u2019opera.\u00a0Gli altari eseguiti dalle botteghe viggiutesi furono innumerevoli: dal primo censimento eseguito sino al\u00a01995 furono circa duecento. In questi ultimi tempi si \u00e8 raggiunto il numero di mille (in buona parte documentati\u00a0e fotografati): gli artefici che li hanno eseguiti sono circa duecento ed altrettante sono le localit\u00e0 in\u00a0cui essi hanno operato, dal 1600 al 1950 circa.<\/p>\n<\/div>\n<\/div><\/section><\/div>\n<div class=\"flex_column av_one_full  flex_column_div av-zero-column-padding first  avia-builder-el-25  el_after_av_three_fourth  el_before_av_one_fourth  column-top-margin\" style='border-radius:0px; '><div style='padding-bottom:10px; ' class='av-special-heading av-special-heading-h3    avia-builder-el-26  avia-builder-el-no-sibling   '><h3 class='av-special-heading-tag '  itemprop=\"headline\"  >Le opere cimiteriali<\/h3><div class='special-heading-border'><div class='special-heading-inner-border' ><\/div><\/div><\/div><\/div>\n<div class=\"flex_column av_one_fourth  av-animated-generic left-to-right  flex_column_div av-zero-column-padding first  avia-builder-el-27  el_after_av_one_full  el_before_av_three_fourth   column-top-margin\" style='border-radius:0px; '><div class='avia-image-container  av-styling-    avia-builder-el-28  avia-builder-el-no-sibling   avia-align-center '  itemprop=\"image\" itemscope=\"itemscope\" itemtype=\"https:\/\/schema.org\/ImageObject\"  ><div class='avia-image-container-inner'><div class='avia-image-overlay-wrap'><img class='avia_image' src='https:\/\/www.museiciviciviggiutesi.com\/wp-content\/uploads\/2019\/11\/opere-cimiteriali-viggi\u00f9-239x300.jpg' alt='' title='opere-cimiteriali-viggi\u00f9' height=\"300\" width=\"239\"  itemprop=\"thumbnailUrl\"  \/><\/div><\/div><\/div><\/div>\n<div class=\"flex_column av_three_fourth  flex_column_div av-zero-column-padding   avia-builder-el-29  el_after_av_one_fourth  avia-builder-el-last  column-top-margin\" style='border-radius:0px; '><section class=\"av_textblock_section \"  itemscope=\"itemscope\" itemtype=\"https:\/\/schema.org\/CreativeWork\" ><div class='avia_textblock  '   itemprop=\"text\" ><p>Gi\u00e0 nel 1787, l\u2019Imperatore Giuseppe II\u00b0 d\u2019Austria, proib\u00ec con una legge propria, di eseguire inumazioni\u00a0entro le mura delle citt\u00e0 dell\u2019Impero Austro Ungarico.\u00a0Nel 1804, con le nuove leggi napoleoniche, vietava di seppellire i morti nelle chiese ed attorno ad esse ed\u00a0imponeva la costruzioni di cimiteri fuori dai centri abitati.<br \/>\nVeniva data la possibilit\u00e0 ad ognuno di poter collocare\u00a0in quei luoghi dei monumenti sepolcrali, o lapidi, quali dimore o ricordi dei propri defunti,\u00a0d\u2019importanza e valore pari a quello delle case che essi abitavano durante la loro vita: questi luoghi divennero\u00a0luogo di metamorfosi del corpo che si trasformava in spirito.\u00a0Aumentarono cos\u00ec le botteghe specializzate in arte funeraria e prese vita un nuovo lavoro per gli scalpellini\u00a0della zona viggiutese i quali si adeguarono alle richieste date dalle nuove leggi, proponendo ai congiunti\u00a0del defunto: steli funerarie, tombe orizzontali con cimasa, cippi con urne, piramidi, obelischi, colonne\u00a0intere o spezzate, corone di fiori in marmo.\u00a0In seguito, con gli ampliamenti dei cimiteri, venne dato il permesso di edificare lungo i muri perimetrali\u00a0delle cappelle per commemorare intere famiglie. Si pensava che cos\u00ec il pensiero della morte potesse\u00a0essere reso meno doloroso dalla vaghezza dell\u2019arte e il soggiorno eterno dei cari trapassati potesse addormentarsi\u00a0nel ricordo.<\/p>\n<p>Nella maggioranza dei monumenti funebri si respinge l\u2019idea della morte e si preferisce\u00a0vedere il defunto come vivo: il ritratto diventa allora uno degli elementi pi\u00f9 costanti nelle decorazioni\u00a0e, cos\u00ec, molte sepolture recano il busto o il tondo in rilievo del defunto nella sua posa pi\u00f9 abituale.\u00a0Pi\u00f9 di un secolo di scultura funeraria ha portato i cimiteri, specialmente quelli principali delle citt\u00e0, ad\u00a0essere dei veri e propri Musei all\u2019aperto, dove molti viggiutesi costruirono i propri laboratori e la loro fortuna.\u00a0Questa tipologia di lavoro non ebbe mai a mancare, sfuggendo cos\u00ec alla crisi della lavorazione della\u00a0pietra.<\/p>\n<\/div><\/section><\/div>\n","protected":false},"excerpt":{"rendered":"","protected":false},"author":1,"featured_media":0,"parent":0,"menu_order":0,"comment_status":"closed","ping_status":"closed","template":"","meta":{"footnotes":""},"class_list":["post-1098","page","type-page","status-publish","hentry"],"_links":{"self":[{"href":"https:\/\/www.museiciviciviggiutesi.com\/index.php?rest_route=\/wp\/v2\/pages\/1098","targetHints":{"allow":["GET"]}}],"collection":[{"href":"https:\/\/www.museiciviciviggiutesi.com\/index.php?rest_route=\/wp\/v2\/pages"}],"about":[{"href":"https:\/\/www.museiciviciviggiutesi.com\/index.php?rest_route=\/wp\/v2\/types\/page"}],"author":[{"embeddable":true,"href":"https:\/\/www.museiciviciviggiutesi.com\/index.php?rest_route=\/wp\/v2\/users\/1"}],"replies":[{"embeddable":true,"href":"https:\/\/www.museiciviciviggiutesi.com\/index.php?rest_route=%2Fwp%2Fv2%2Fcomments&post=1098"}],"version-history":[{"count":3,"href":"https:\/\/www.museiciviciviggiutesi.com\/index.php?rest_route=\/wp\/v2\/pages\/1098\/revisions"}],"predecessor-version":[{"id":1318,"href":"https:\/\/www.museiciviciviggiutesi.com\/index.php?rest_route=\/wp\/v2\/pages\/1098\/revisions\/1318"}],"wp:attachment":[{"href":"https:\/\/www.museiciviciviggiutesi.com\/index.php?rest_route=%2Fwp%2Fv2%2Fmedia&parent=1098"}],"curies":[{"name":"wp","href":"https:\/\/api.w.org\/{rel}","templated":true}]}}