{"id":505,"date":"2019-11-19T09:23:39","date_gmt":"2019-11-19T08:23:39","guid":{"rendered":"http:\/\/www.museiciviciviggiutesi.com\/?page_id=505"},"modified":"2019-12-28T14:54:48","modified_gmt":"2019-12-28T13:54:48","slug":"il-guerriero-di-legnano","status":"publish","type":"page","link":"https:\/\/www.museiciviciviggiutesi.com\/?page_id=505","title":{"rendered":"Il guerriero di Legnano"},"content":{"rendered":"<div class=\"flex_column av_two_third  flex_column_div av-zero-column-padding first  avia-builder-el-0  el_before_av_one_third  avia-builder-el-first  \" style='border-radius:0px; '><p><div class='avia-button-wrap avia-button-left  avia-builder-el-1  el_before_av_image  avia-builder-el-first  '><a href='https:\/\/www.museiciviciviggiutesi.com\/?page_id=490'  class='avia-button   avia-icon_select-yes-left-icon avia-color-custom avia-size-small avia-position-left '  style='background-color:#c73a21; border-color:#c73a21; color:#ffffff; ' ><span class='avia_button_icon avia_button_icon_left ' aria-hidden='true' data-av_icon='\ue893' data-av_iconfont='entypo-fontello'><\/span><span class='avia_iconbox_title' >Torna alla lista delle opere<\/span><\/a><\/div><br \/>\n<div class='avia-image-container  av-styling-    avia-builder-el-2  el_after_av_button  avia-builder-el-last   avia-align-center '  itemprop=\"image\" itemscope=\"itemscope\" itemtype=\"https:\/\/schema.org\/ImageObject\"  ><div class='avia-image-container-inner'><div class='avia-image-overlay-wrap'><img class='avia_image' src='https:\/\/www.museiciviciviggiutesi.com\/wp-content\/uploads\/2019\/11\/alberto_da_giussano1.jpg' alt='' title='alberto_da_giussano1' height=\"624\" width=\"488\"  itemprop=\"thumbnailUrl\"  \/><\/div><\/div><\/div><\/p><\/div>\n<div class=\"flex_column av_one_third  flex_column_div av-zero-column-padding   avia-builder-el-3  el_after_av_two_third  el_before_av_section  avia-builder-el-last  \" style='border-radius:0px; '><section class=\"av_textblock_section \"  itemscope=\"itemscope\" itemtype=\"https:\/\/schema.org\/CreativeWork\" ><div class='avia_textblock  '   itemprop=\"text\" ><h3>Il Guerriero di legnano<\/h3>\n<p><strong>Artista:\u00a0<\/strong><span id=\"OBJ_PREFIX_DWT202_com_zimbra_url\" class=\"Object\" role=\"link\"><span id=\"OBJ_PREFIX_DWT217_com_zimbra_url\" class=\"Object\" role=\"link\"><a href=\"http:\/\/www.museiciviciviggiutesi.com\/?page_id=453\" target=\"_blank\" rel=\"nofollow noopener noreferrer\">Enrico Butti<\/a><\/span><\/span><br \/>\n<strong>Anno di realizzazione:<\/strong>\u00a01897-1900<\/p>\n<p><strong>Soggetto:<\/strong>\u00a0Monumento celebrativo<br \/>\n<strong>Collocazione:<\/strong>\u00a0Legnano, Piazza stazione<\/p>\n<\/div><\/section><br \/>\n<div class=\"togglecontainer   toggle_close_all  avia-builder-el-5  el_after_av_textblock  el_before_av_hr  \" >\n<section class=\"av_toggle_section\"  itemscope=\"itemscope\" itemtype=\"https:\/\/schema.org\/CreativeWork\"  >    <div class=\"single_toggle\" data-tags=\"{Tutto} \"  >        <p data-fake-id=\"#toggle-id-1\" class=\"toggler \"  itemprop=\"headline\"   >Dati tecnici<span class=\"toggle_icon\" >        <span class=\"vert_icon\"><\/span><span class=\"hor_icon\"><\/span><\/span><\/p>        <div id=\"toggle-id-1-container\" class=\"toggle_wrap \"  >            <div class=\"toggle_content invers-color \"  itemprop=\"text\"   ><p><strong>Tecnica:\u00a0<\/strong>Scultura a tutto tondo<br \/>\n<strong>Materiale:<\/strong>\u00a0Gesso<\/p>\n<p><strong>Dimensioni:<\/strong>\u00a0615x230x240<br \/>\n<strong>Stato:<\/strong>\u00a0Ottimo<\/p>\n<p><strong>Nel museo:<\/strong>\u00a0Si<\/p>\n            <\/div>        <\/div>    <\/div><\/section>\n<section class=\"av_toggle_section\"  itemscope=\"itemscope\" itemtype=\"https:\/\/schema.org\/CreativeWork\"  >    <div class=\"single_toggle\" data-tags=\"{Tutto} \"  >        <p data-fake-id=\"#toggle-id-2\" class=\"toggler \"  itemprop=\"headline\"   > Descrizione<span class=\"toggle_icon\" >        <span class=\"vert_icon\"><\/span><span class=\"hor_icon\"><\/span><\/span><\/p>        <div id=\"toggle-id-2-container\" class=\"toggle_wrap \"  >            <div class=\"toggle_content invers-color \"  itemprop=\"text\"   ><p>Gesso della figura principale del celeberrimo monumento ad Alberto da Giussano, eroe della battaglia di Legnano, inaugurato in quella citt\u00e0 il 29 <span id=\"OBJ_PREFIX_DWT203_com_zimbra_date\" class=\"Object\" role=\"link\">giugno <\/span>1900 (la cronaca della cerimonia \u00e8 in &#8220;L&#8217;Illustrazione Italiana&#8221;, 8 <span id=\"OBJ_PREFIX_DWT204_com_zimbra_date\" class=\"Object\" role=\"link\">luglio <\/span>1900, p. 27). Fu presentato nel 1897 all&#8217;Esposizione di Brera, tenutasi quell&#8217;anno negli spazi della Permanente, e ottenne il premio Principe Umberto tra unanimi consensi, condividendolo con opere di L. Secchi e di F. Carcano (l&#8217;Esposizione era divenuta triennale e i premi si erano perci\u00f2 moltiplicati): si veda, al proposito, la lettera del Butti datata 3 <span id=\"OBJ_PREFIX_DWT205_com_zimbra_date\" class=\"Object\" role=\"link\">giugno <\/span>1897, riprodotta a parte. Il Chirtani (1896-97, p. 131) ne parl\u00f2 con accenti entusiastici: &#8220;&#8230; \u00c8 l&#8217;eroe serenamente baldo d&#8217;aver vinto&#8230;&#8221;. Sulla sua scia la critica non ha risparmiato accenti retorici e patriottici &#8211; soprattutto tra le due guerre &#8211; a proposito del monumento. Acuta e ben diversamente orientata la recente osservazione di M. Biancale (1961, p. 309): &#8220;&#8230;Dall&#8217;Eleonora a questo guerriero il divario sembra troppo grande; ma infine trattasi d&#8217;una differente teatralit\u00e0&#8230;&#8221;. In effetti il pezzo \u00e8 svolto proprio sull&#8217;enfatizzazione teatrale del concetto che \u00e8 destinato a esprimere: anche se \u00e8 indubbio che la trattazione piena, per volumi massicci ma calibrati, con una vigoria assai disinvolta e un senso della struttura ben definito (la tensione verticale molto marcata, il chiasmo netto prodotto dallo scudo e dalla gamba destra, la torsione del corpo dal piede sinistro alla spada) e con gli ormai collaudati effetti di incidenza dinamica della luce, configura questo esempio come uno dei pi\u00f9 riusciti esiti della scultura monumentale tra Ottocento e Novecento.<\/p>\n            <\/div>        <\/div>    <\/div><\/section>\n<section class=\"av_toggle_section\"  itemscope=\"itemscope\" itemtype=\"https:\/\/schema.org\/CreativeWork\"  >    <div class=\"single_toggle\" data-tags=\"{Tutto} \"  >        <p data-fake-id=\"#toggle-id-3\" class=\"toggler \"  itemprop=\"headline\"   >Premi<span class=\"toggle_icon\" >        <span class=\"vert_icon\"><\/span><span class=\"hor_icon\"><\/span><\/span><\/p>        <div id=\"toggle-id-3-container\" class=\"toggle_wrap \"  >            <div class=\"toggle_content invers-color \"  itemprop=\"text\"   ><p>Premio Principe Umberto alle Esposiszione di Brera del 1897<\/p>\n<div><\/div>\n            <\/div>        <\/div>    <\/div><\/section>\n<section class=\"av_toggle_section\"  itemscope=\"itemscope\" itemtype=\"https:\/\/schema.org\/CreativeWork\"  >    <div class=\"single_toggle\" data-tags=\"{Tutto} \"  >        <p data-fake-id=\"#toggle-id-4\" class=\"toggler \"  itemprop=\"headline\"   >Esposizioni<span class=\"toggle_icon\" >        <span class=\"vert_icon\"><\/span><span class=\"hor_icon\"><\/span><\/span><\/p>        <div id=\"toggle-id-4-container\" class=\"toggle_wrap \"  >            <div class=\"toggle_content invers-color \"  itemprop=\"text\"   ><ul>\n<li>1897 Esposizione di Brera<\/li>\n<\/ul>\n            <\/div>        <\/div>    <\/div><\/section>\n<section class=\"av_toggle_section\"  itemscope=\"itemscope\" itemtype=\"https:\/\/schema.org\/CreativeWork\"  >    <div class=\"single_toggle\" data-tags=\"{Tutto} \"  >        <p data-fake-id=\"#toggle-id-5\" class=\"toggler \"  itemprop=\"headline\"   >Bibliografia<span class=\"toggle_icon\" >        <span class=\"vert_icon\"><\/span><span class=\"hor_icon\"><\/span><\/span><\/p>        <div id=\"toggle-id-5-container\" class=\"toggle_wrap \"  >            <div class=\"toggle_content invers-color \"  itemprop=\"text\"   ><p>Cat. Esp. Brera 1897, n. 289 \/ Chirtani 1896-97, pp. 129-131 \/ Arte e Storia <span id=\"OBJ_PREFIX_DWT206_com_zimbra_date\" class=\"Object\" role=\"link\"><span id=\"OBJ_PREFIX_DWT218_com_zimbra_date\" class=\"Object\" role=\"link\">15-5-1897<\/span><\/span>, p. 72 \/ A.M. (Melani) 1897, p. 94 \/ Moschino 1897-98, p. 887 \/ Willard 1898, p. 228 \/ Legnano 29-6\u00ac1900 \/ 111. It. <span id=\"OBJ_PREFIX_DWT207_com_zimbra_date\" class=\"Object\" role=\"link\"><span id=\"OBJ_PREFIX_DWT219_com_zimbra_date\" class=\"Object\" role=\"link\">8-7-1900<\/span><\/span>, pp. 21, 27 \/ Carotti 1900, pp. 484-485 \/ Cat. Bienn. Venezia 1901, p. 40 \/ Colombo 1911, p. 20 \/ Melani 1912, p. 622 \/ Romussi 1913, pp. 128-131 \/ Caravatti 1925, pp. 60, 113 \/ Ongaro 1927, pp. 5,7 \/ Prealp. III. <span id=\"OBJ_PREFIX_DWT208_com_zimbra_date\" class=\"Object\" role=\"link\"><span id=\"OBJ_PREFIX_DWT220_com_zimbra_date\" class=\"Object\" role=\"link\">2-10-1927<\/span><\/span>, pp. 2, 4-5 \/ Simoni 1927, tavv. LVI-LVIII \/ Ferrari 1928, p. 3 \/ Accetti 1928, p. 4 \/ Carr\u00e0 1929, p. 3 \/ Accetti 1932, p. 3 \/ Accetti 19322, p. 11 \/ V. B. 1932, p. 7 \/ Bonardi 1932, p. 3 \/ Carr\u00e0 1932, p. 3 \/ 111. It. <span id=\"OBJ_PREFIX_DWT209_com_zimbra_date\" class=\"Object\" role=\"link\"><span id=\"OBJ_PREFIX_DWT221_com_zimbra_date\" class=\"Object\" role=\"link\">31-1-1932<\/span><\/span>, p. 156 \/ Riv. Vig. <span id=\"OBJ_PREFIX_DWT210_com_zimbra_date\" class=\"Object\" role=\"link\"><span id=\"OBJ_PREFIX_DWT222_com_zimbra_date\" class=\"Object\" role=\"link\">31-1-1932<\/span><\/span>, p. 3 \/ Costantini 1932, p. 113 \/ Riv, Vig. <span id=\"OBJ_PREFIX_DWT211_com_zimbra_date\" class=\"Object\" role=\"link\"><span id=\"OBJ_PREFIX_DWT223_com_zimbra_date\" class=\"Object\" role=\"link\">6-3-1932<\/span><\/span>, p. 2 \/ Bagaini 1932, pp. 68, 70-71 \/ Vigezzi 1932, p. 82 \/ Ojetti-Dami 1933, p. 239 \/ Riv. Vig. <span id=\"OBJ_PREFIX_DWT212_com_zimbra_date\" class=\"Object\" role=\"link\"><span id=\"OBJ_PREFIX_DWT224_com_zimbra_date\" class=\"Object\" role=\"link\">3-7-1938<\/span><\/span>, p. 2 \/ Piatti 1938, p. I \/ Accetti 1938, n. 15 \/ Nicodemi-Bezzola 1938, n. 168 \/ Accetti 1939, passim \/ Costantini 1940, Pp. 80, 464 \/ Piatti 1942, pp. 62, 66 \/ Bessone &#8211; Aurelj 1947, p. 105 \/ Sapori 1949, p. 443 \/ Lavagnino 1956, pp. 643, 645 \/ Thieme-Becker, p. 305 \/ Biancale 1961, p. 309 \/ Comanducci 1962, P. 287 \/ Piceni-Cinotti 1962, p. 607 \/ Ottino Della Chiesa 1968, p. 52 \/ Caramel 1972, p. 617 Caramel-Pirovano 1975, n. 399, tav. 397 \/ Poggialini Tominetti-Bossaglia 1979, p. 87 \/ Gualdoni 1982 cfr. n 12 \/ Brugnotti 1990 \/ De Micheli 1992, p. 188 \/ Milano1993, p. 439-40 \/ Degl&#8217;Innocenti, 1999 \/ Un secolo 2003, p. 97 \/ Italian 2004, p. 80.<\/p>\n            <\/div>        <\/div>    <\/div><\/section>\n<\/div><br \/>\n<div  class='hr hr-default   avia-builder-el-6  el_after_av_toggle_container  el_before_av_textblock '><span class='hr-inner ' ><span class='hr-inner-style'><\/span><\/span><\/div><br \/>\n<section class=\"av_textblock_section \"  itemscope=\"itemscope\" itemtype=\"https:\/\/schema.org\/CreativeWork\" ><div class='avia_textblock  av_inherit_color '  style='color:#000000; '  itemprop=\"text\" ><p>Altre immagini dell&#8217;opera<\/p>\n<\/div><\/section><br \/>\n<div class='avia-gallery  avia-gallery-1 avia_lazyload avia-gallery-animate avia_animate_when_visible  avia-builder-el-8  el_after_av_textblock  avia-builder-el-last  '  itemprop=\"image\" itemscope=\"itemscope\" itemtype=\"https:\/\/schema.org\/ImageObject\" ><div class='avia-gallery-thumb'> <a href='https:\/\/www.museiciviciviggiutesi.com\/wp-content\/uploads\/2019\/11\/alberto_da_giussano4.jpg' data-rel='gallery-1' data-prev-img='https:\/\/www.museiciviciviggiutesi.com\/wp-content\/uploads\/2019\/11\/alberto_da_giussano4-495x368.jpg' class='first_thumb lightbox ' data-onclick='1' title=''  itemprop=\"thumbnailUrl\" ><img  src='https:\/\/www.museiciviciviggiutesi.com\/wp-content\/uploads\/2019\/11\/alberto_da_giussano4-450x276.jpg' width='450' height='276'  title='alberto_da_giussano4' alt='' \/><\/a> <a href='https:\/\/www.museiciviciviggiutesi.com\/wp-content\/uploads\/2019\/11\/alberto_da_giussano5.jpg' data-rel='gallery-1' data-prev-img='https:\/\/www.museiciviciviggiutesi.com\/wp-content\/uploads\/2019\/11\/alberto_da_giussano5-495x360.jpg' class='lightbox ' data-onclick='2' title=''  itemprop=\"thumbnailUrl\" ><img  src='https:\/\/www.museiciviciviggiutesi.com\/wp-content\/uploads\/2019\/11\/alberto_da_giussano5-450x270.jpg' width='450' height='270'  title='alberto_da_giussano5' alt='' \/><\/a> <a href='https:\/\/www.museiciviciviggiutesi.com\/wp-content\/uploads\/2019\/11\/alberto_da_giussano6-1.jpg' data-rel='gallery-1' data-prev-img='https:\/\/www.museiciviciviggiutesi.com\/wp-content\/uploads\/2019\/11\/alberto_da_giussano6-1-493x400.jpg' class='lightbox ' data-onclick='3' title=''  itemprop=\"thumbnailUrl\" ><img  src='https:\/\/www.museiciviciviggiutesi.com\/wp-content\/uploads\/2019\/11\/alberto_da_giussano6-1-450x639.jpg' width='450' height='639'  title='alberto_da_giussano6 (1)' alt='' \/><\/a> <a href='https:\/\/www.museiciviciviggiutesi.com\/wp-content\/uploads\/2019\/11\/alberto_da_giussano6.jpg' data-rel='gallery-1' data-prev-img='https:\/\/www.museiciviciviggiutesi.com\/wp-content\/uploads\/2019\/11\/alberto_da_giussano6-493x400.jpg' class='lightbox ' data-onclick='4' title=''  itemprop=\"thumbnailUrl\" ><img  src='https:\/\/www.museiciviciviggiutesi.com\/wp-content\/uploads\/2019\/11\/alberto_da_giussano6-450x639.jpg' width='450' height='639'  title='alberto_da_giussano6' alt='' \/><\/a> <a href='https:\/\/www.museiciviciviggiutesi.com\/wp-content\/uploads\/2019\/11\/alberto_da_giussano7.jpg' data-rel='gallery-1' data-prev-img='https:\/\/www.museiciviciviggiutesi.com\/wp-content\/uploads\/2019\/11\/alberto_da_giussano7-495x400.jpg' class='lightbox ' data-onclick='5' title=''  itemprop=\"thumbnailUrl\" ><img  src='https:\/\/www.museiciviciviggiutesi.com\/wp-content\/uploads\/2019\/11\/alberto_da_giussano7-450x600.jpg' width='450' height='600'  title='alberto_da_giussano7' alt='' \/><\/a><\/div><\/div><\/p><\/div>\n<\/div><\/div><\/div><!-- close content main div --><\/div><\/div><div id='av_section_1' class='avia-section main_color avia-section-default avia-shadow avia-bg-style-scroll  avia-builder-el-9  el_after_av_one_third  avia-builder-el-last    container_wrap sidebar_right' style='background-color: #f8f8f8;  '  ><div class='container' ><div class='template-page content  av-content-small alpha units'><div class='post-entry post-entry-type-page post-entry-505'><div class='entry-content-wrapper clearfix'>\n<div style='padding-bottom:10px; font-size:26px;' class='av-special-heading av-special-heading-h3  blockquote classic-quote  avia-builder-el-10  el_before_av_hr  avia-builder-el-first   av-inherit-size '><h3 class='av-special-heading-tag '  itemprop=\"headline\"  >Altre opere di Enrico Butti<\/h3><div class='special-heading-border'><div class='special-heading-inner-border' ><\/div><\/div><\/div>\n<div  class='hr hr-short hr-center   avia-builder-el-11  el_after_av_heading  el_before_av_portfolio  avia-builder-el-last  '><span class='hr-inner ' ><span class='hr-inner-style'><\/span><\/span><\/div>\n<div class=' grid-sort-container isotope   no_margin-container with-title-container grid-total-even grid-col-4 grid-links-' data-portfolio-id='1'><div data-ajax-id='608' class=' grid-entry flex_column isotope-item all_sort no_margin post-entry post-entry-608 grid-entry-overview grid-loop-1 grid-parity-odd  museo-enrico-butti_sort  av_one_fourth first default_av_fullwidth '><article class='main_color inner-entry'  itemscope=\"itemscope\" itemtype=\"https:\/\/schema.org\/CreativeWork\" ><a href='http:\/\/www.museiciviciviggiutesi.com\/?page_id=623' title='Stizze, Enrico Butti'  data-rel='grid-1' class='grid-image avia-hover-fx'><img loading=\"lazy\" decoding=\"async\" width=\"260\" height=\"185\" src=\"https:\/\/www.museiciviciviggiutesi.com\/wp-content\/uploads\/2019\/11\/stizze2-260x185.jpg\" class=\"attachment-portfolio_small size-portfolio_small wp-post-image\" alt=\"\" \/><\/a><div class='grid-content'><div class='avia-arrow'><\/div><header class=\"entry-content-header\"><h3 class='grid-entry-title entry-title '  itemprop=\"headline\" >Stizze, Enrico Butti<\/h3><\/header><\/div><footer class=\"entry-footer\"><\/footer><\/article><\/div><div data-ajax-id='604' class=' grid-entry flex_column isotope-item all_sort no_margin post-entry post-entry-604 grid-entry-overview grid-loop-2 grid-parity-even  museo-enrico-butti_sort  av_one_fourth  default_av_fullwidth '><article class='main_color inner-entry'  itemscope=\"itemscope\" itemtype=\"https:\/\/schema.org\/CreativeWork\" ><a href='http:\/\/www.museiciviciviggiutesi.com\/?page_id=531' title='Il Tempo, Enrico Butti'  data-rel='grid-1' class='grid-image avia-hover-fx'><img loading=\"lazy\" decoding=\"async\" width=\"260\" height=\"185\" src=\"https:\/\/www.museiciviciviggiutesi.com\/wp-content\/uploads\/2019\/11\/il-tempo-p2-260x185.jpg\" class=\"attachment-portfolio_small size-portfolio_small wp-post-image\" alt=\"\" srcset=\"https:\/\/www.museiciviciviggiutesi.com\/wp-content\/uploads\/2019\/11\/il-tempo-p2-260x185.jpg 260w, https:\/\/www.museiciviciviggiutesi.com\/wp-content\/uploads\/2019\/11\/il-tempo-p2-450x321.jpg 450w\" sizes=\"auto, (max-width: 260px) 100vw, 260px\" \/><\/a><div class='grid-content'><div class='avia-arrow'><\/div><header class=\"entry-content-header\"><h3 class='grid-entry-title entry-title '  itemprop=\"headline\" >Il Tempo, Enrico Butti<\/h3><\/header><\/div><footer class=\"entry-footer\"><\/footer><\/article><\/div><div data-ajax-id='602' class=' grid-entry flex_column isotope-item all_sort no_margin post-entry post-entry-602 grid-entry-overview grid-loop-3 grid-parity-odd  museo-enrico-butti_sort  av_one_fourth  default_av_fullwidth '><article class='main_color inner-entry'  itemscope=\"itemscope\" itemtype=\"https:\/\/schema.org\/CreativeWork\" ><a href='http:\/\/www.museiciviciviggiutesi.com\/?page_id=494' title='Cristo crocefisso, Enrico Butti'  data-rel='grid-1' class='grid-image avia-hover-fx'><img loading=\"lazy\" decoding=\"async\" width=\"260\" height=\"185\" src=\"https:\/\/www.museiciviciviggiutesi.com\/wp-content\/uploads\/2019\/11\/crocifisso-p1-260x185.jpg\" class=\"attachment-portfolio_small size-portfolio_small wp-post-image\" alt=\"\" srcset=\"https:\/\/www.museiciviciviggiutesi.com\/wp-content\/uploads\/2019\/11\/crocifisso-p1-260x185.jpg 260w, https:\/\/www.museiciviciviggiutesi.com\/wp-content\/uploads\/2019\/11\/crocifisso-p1-450x321.jpg 450w\" sizes=\"auto, (max-width: 260px) 100vw, 260px\" \/><\/a><div class='grid-content'><div class='avia-arrow'><\/div><header class=\"entry-content-header\"><h3 class='grid-entry-title entry-title '  itemprop=\"headline\" >Cristo crocefisso, Enrico Butti<\/h3><\/header><\/div><footer class=\"entry-footer\"><\/footer><\/article><\/div><div data-ajax-id='595' class=' grid-entry flex_column isotope-item all_sort no_margin post-entry post-entry-595 grid-entry-overview grid-loop-4 grid-parity-even  post-entry-last  museo-enrico-butti_sort  av_one_fourth  default_av_fullwidth '><article class='main_color inner-entry'  itemscope=\"itemscope\" itemtype=\"https:\/\/schema.org\/CreativeWork\" ><a href='http:\/\/www.museiciviciviggiutesi.com\/?page_id=511' title='Il Minatore, Enrico Butti'  data-rel='grid-1' class='grid-image avia-hover-fx'><img loading=\"lazy\" decoding=\"async\" width=\"260\" height=\"185\" src=\"https:\/\/www.museiciviciviggiutesi.com\/wp-content\/uploads\/2019\/11\/minatore-p2-1.jpg\" class=\"attachment-portfolio_small size-portfolio_small wp-post-image\" alt=\"\" \/><\/a><div class='grid-content'><div class='avia-arrow'><\/div><header class=\"entry-content-header\"><h3 class='grid-entry-title entry-title '  itemprop=\"headline\" >Il Minatore, Enrico Butti<\/h3><\/header><\/div><footer class=\"entry-footer\"><\/footer><\/article><\/div><\/div>\n<\/div><\/div><\/div><!-- close content main div --><\/div><\/div><div id='after_section_1' class='main_color av_default_container_wrap container_wrap sidebar_right' style=' '  ><div class='container' ><div class='template-page content  av-content-small alpha units'><div class='post-entry post-entry-type-page post-entry-505'><div class='entry-content-wrapper clearfix'>\n","protected":false},"excerpt":{"rendered":"","protected":false},"author":1,"featured_media":0,"parent":0,"menu_order":0,"comment_status":"closed","ping_status":"closed","template":"","meta":{"footnotes":""},"class_list":["post-505","page","type-page","status-publish","hentry"],"_links":{"self":[{"href":"https:\/\/www.museiciviciviggiutesi.com\/index.php?rest_route=\/wp\/v2\/pages\/505","targetHints":{"allow":["GET"]}}],"collection":[{"href":"https:\/\/www.museiciviciviggiutesi.com\/index.php?rest_route=\/wp\/v2\/pages"}],"about":[{"href":"https:\/\/www.museiciviciviggiutesi.com\/index.php?rest_route=\/wp\/v2\/types\/page"}],"author":[{"embeddable":true,"href":"https:\/\/www.museiciviciviggiutesi.com\/index.php?rest_route=\/wp\/v2\/users\/1"}],"replies":[{"embeddable":true,"href":"https:\/\/www.museiciviciviggiutesi.com\/index.php?rest_route=%2Fwp%2Fv2%2Fcomments&post=505"}],"version-history":[{"count":6,"href":"https:\/\/www.museiciviciviggiutesi.com\/index.php?rest_route=\/wp\/v2\/pages\/505\/revisions"}],"predecessor-version":[{"id":1525,"href":"https:\/\/www.museiciviciviggiutesi.com\/index.php?rest_route=\/wp\/v2\/pages\/505\/revisions\/1525"}],"wp:attachment":[{"href":"https:\/\/www.museiciviciviggiutesi.com\/index.php?rest_route=%2Fwp%2Fv2%2Fmedia&parent=505"}],"curies":[{"name":"wp","href":"https:\/\/api.w.org\/{rel}","templated":true}]}}