{"id":548,"date":"2019-11-19T10:04:58","date_gmt":"2019-11-19T09:04:58","guid":{"rendered":"http:\/\/www.museiciviciviggiutesi.com\/?page_id=548"},"modified":"2019-11-26T17:17:03","modified_gmt":"2019-11-26T16:17:03","slug":"laratura","status":"publish","type":"page","link":"https:\/\/www.museiciviciviggiutesi.com\/?page_id=548","title":{"rendered":"L&#8217;aratura"},"content":{"rendered":"<div class=\"flex_column av_two_third  flex_column_div av-zero-column-padding first  avia-builder-el-0  el_before_av_one_third  avia-builder-el-first  \" style='border-radius:0px; '><p><div class='avia-button-wrap avia-button-left  avia-builder-el-1  el_before_av_slideshow  avia-builder-el-first  '><a href='https:\/\/www.museiciviciviggiutesi.com\/?page_id=490'  class='avia-button   avia-icon_select-yes-left-icon avia-color-custom avia-size-small avia-position-left '  style='background-color:#c73a21; border-color:#c73a21; color:#ffffff; ' ><span class='avia_button_icon avia_button_icon_left ' aria-hidden='true' data-av_icon='\ue893' data-av_iconfont='entypo-fontello'><\/span><span class='avia_iconbox_title' >Torna alla lista delle opere<\/span><\/a><\/div><br \/>\n<div  data-size='no scaling'  data-lightbox_size='large'  data-animation='fade'  data-conditional_play=''  data-ids='736,737,738,739'  data-video_counter='0'  data-autoplay='true'  data-bg_slider='false'  data-slide_height=''  data-handle='av_slideshow'  data-interval='5'  data-class=' avia-builder-el-2  el_after_av_button  avia-builder-el-last   '  data-css_id=''  data-scroll_down=''  data-control_layout='av-control-default'  data-custom_markup=''  data-perma_caption=''  data-autoplay_stopper=''  data-image_attachment=''  data-min_height='0px'  class='avia-slideshow avia-slideshow-1  av-control-default av-default-height-applied avia-slideshow-no scaling av_slideshow  avia-builder-el-2  el_after_av_button  avia-builder-el-last    avia-fade-slider '  itemprop=\"image\" itemscope=\"itemscope\" itemtype=\"https:\/\/schema.org\/ImageObject\" ><ul class='avia-slideshow-inner ' style='padding-bottom: 73.255813953488%;' ><li  class=' slide-1 ' ><div data-rel='slideshow-1' class='avia-slide-wrap '   ><img src='https:\/\/www.museiciviciviggiutesi.com\/wp-content\/uploads\/2019\/11\/aratura4.jpg' width='774' height='567' title='aratura4' alt=''  itemprop=\"thumbnailUrl\"   \/><\/div><\/li><li  class=' slide-2 ' ><div data-rel='slideshow-1' class='avia-slide-wrap '   ><img src='https:\/\/www.museiciviciviggiutesi.com\/wp-content\/uploads\/2019\/11\/aratura1.jpg' width='774' height='567' title='aratura1' alt=''  itemprop=\"thumbnailUrl\"   \/><\/div><\/li><li  class=' slide-3 ' ><div data-rel='slideshow-1' class='avia-slide-wrap '   ><img src='https:\/\/www.museiciviciviggiutesi.com\/wp-content\/uploads\/2019\/11\/aratura2.jpg' width='774' height='567' title='aratura2' alt=''  itemprop=\"thumbnailUrl\"   \/><\/div><\/li><li  class=' slide-4 ' ><div data-rel='slideshow-1' class='avia-slide-wrap '   ><img src='https:\/\/www.museiciviciviggiutesi.com\/wp-content\/uploads\/2019\/11\/aratura3.jpg' width='774' height='567' title='aratura3' alt=''  itemprop=\"thumbnailUrl\"   \/><\/div><\/li><\/ul><div class='avia-slideshow-arrows avia-slideshow-controls'><a href='#prev' class='prev-slide' aria-hidden='true' data-av_icon='\ue87c' data-av_iconfont='entypo-fontello'>Anteriore<\/a><a href='#next' class='next-slide' aria-hidden='true' data-av_icon='\ue87d' data-av_iconfont='entypo-fontello'>Posteriore<\/a><\/div><div class='avia-slideshow-dots avia-slideshow-controls'><a href='#1' class='goto-slide active' >1<\/a><a href='#2' class='goto-slide ' >2<\/a><a href='#3' class='goto-slide ' >3<\/a><a href='#4' class='goto-slide ' >4<\/a><\/div><\/div><\/p><\/div>\n<div class=\"flex_column av_one_third  flex_column_div av-zero-column-padding   avia-builder-el-3  el_after_av_two_third  el_before_av_section  avia-builder-el-last  \" style='border-radius:0px; '><section class=\"av_textblock_section \"  itemscope=\"itemscope\" itemtype=\"https:\/\/schema.org\/CreativeWork\" ><div class='avia_textblock  '   itemprop=\"text\" ><h3><strong>L&#8217;aratura<\/strong><\/h3>\n<p><strong>Artista:\u00a0<\/strong><span id=\"OBJ_PREFIX_DWT400_com_zimbra_url\" class=\"Object\" role=\"link\"><span id=\"OBJ_PREFIX_DWT411_com_zimbra_url\" class=\"Object\" role=\"link\"><a href=\"http:\/\/www.museiciviciviggiutesi.com\/?page_id=453\" target=\"_blank\" rel=\"nofollow noopener noreferrer\">Enrico Butti<\/a><\/span><\/span><br \/>\n<strong>Anno di realizzazione:<\/strong>\u00a01912<\/p>\n<p><strong>Soggetto:<\/strong>\u00a0Soggetto funerario<br \/>\n<strong>Collocazione:<\/strong>\u00a0Milano, Cimitero Monumentale, sepoltura famiglia Besenzanica.<\/p>\n<\/div><\/section><br \/>\n<div class=\"togglecontainer   toggle_close_all  avia-builder-el-5  el_after_av_textblock  el_before_av_hr  \" >\n<section class=\"av_toggle_section\"  itemscope=\"itemscope\" itemtype=\"https:\/\/schema.org\/CreativeWork\"  >    <div class=\"single_toggle\" data-tags=\"{Tutto} \"  >        <p data-fake-id=\"#toggle-id-1\" class=\"toggler \"  itemprop=\"headline\"   >Dati tecnici<span class=\"toggle_icon\" >        <span class=\"vert_icon\"><\/span><span class=\"hor_icon\"><\/span><\/span><\/p>        <div id=\"toggle-id-1-container\" class=\"toggle_wrap \"  >            <div class=\"toggle_content invers-color \"  itemprop=\"text\"   ><p><strong>Tecnica:\u00a0<\/strong>Scultura a tutto tondo<br \/>\n<strong>Materiale:<\/strong>\u00a0Gesso<\/p>\n<p><strong>Dimensioni:<\/strong>\u00a0390x535x190<br \/>\n<strong>Stato:<\/strong>\u00a0Ottimo<\/p>\n<p><strong>Nel museo:<\/strong>\u00a0Si<\/p>\n            <\/div>        <\/div>    <\/div><\/section>\n<section class=\"av_toggle_section\"  itemscope=\"itemscope\" itemtype=\"https:\/\/schema.org\/CreativeWork\"  >    <div class=\"single_toggle\" data-tags=\"{Tutto} \"  >        <p data-fake-id=\"#toggle-id-2\" class=\"toggler \"  itemprop=\"headline\"   >Descrizione<span class=\"toggle_icon\" >        <span class=\"vert_icon\"><\/span><span class=\"hor_icon\"><\/span><\/span><\/p>        <div id=\"toggle-id-2-container\" class=\"toggle_wrap \"  >            <div class=\"toggle_content invers-color \"  itemprop=\"text\"   ><p>Gesso al naturale del gruppo principale del monumento Besenzanica, realizzato in bronzo e pietra simona della Valcamonica e collocato nel Cimitero Monumentale di Milano. \u00c8, insieme a &#8220;Il minatore&#8221; e a &#8220;Il guerriero di Legnano&#8221;, una delle opere che diedero maggior rinomanza al Butti. L&#8217;intenzione dell&#8217;autore era esplicitamente allegorica, e l&#8217;impostazione una sorta di sincretismo realistico-simbolico. Egli stesso cos\u00ec ne parl\u00f2: &#8220;Il lavoro nella solenne e primitiva manifestazione, in cui l&#8217;uomo pi\u00f9 sente la comunanza con l&#8217;eterna madre di tutti; gli aratori, la cui opera dalla morte fa rigenerare la vita come dal tempo l&#8217;eternit\u00e0 la perenne attivit\u00e0 vitale della natura, che alimenta del proprio soffio la fiamma perpetua della vita&#8221; (cit. in Borri 1966, p. 64). Di diverso avviso fu in genere la critica coeva, che interpret\u00f2 il monumento pi\u00f9 come un monstrum tecnico che come un&#8217;opera compiuta. Il Pantalini (1913, p. 328) lo defin\u00ec &#8220;bizzarria&#8221; e scrisse: &#8220;&#8230; Ebbene, basta guardare questo monumento per sentire che esso \u00e8 fuori di posto, e che non ha alcuno di quei requisiti che fanno la caratteristica del monumento funebre&#8230;&#8221;. Pi\u00f9 esplicito e puntuale il Vicini (1914, p. 272), che pure apprezzava altre realizzazioni dell&#8217;artista: &#8220;.. Butti con delle opere colossali non riesce a simpatizzare [&#8230;] Colosso di natura permane la Sfinge che guarda nell&#8217;astratto, mente due buoi e delle figure di bronzo grandi quasi quanto il vero si staccano sullo sfondo formato dalla Sfinge stessa come macchiette seconda- rie, scevre per\u00f2 d&#8217;accento, d&#8217;armonia e di significato. Come rimpiansi e desiderai, qui di fronte al colosso, una piccola scultura di Pellini o di Bistolfi tracciata con finezza di tocco a guisa di un profilo a sanguina!&#8230;&#8221;.<br \/>\nIn effetti il lavoro ha una grandiosit\u00e0 di concezione che il Butti non riesce a controllare e risolvere adeguatamente. L&#8217;impianto \u00e8 forte e vigorosissimo, la coppia di buoi svolta con grande sicurezza &#8211; anche se con enfasi -. I due aratori per\u00f2 sono trattati con un&#8217;essenzialit\u00e0 un po&#8217; brusca e schematica (non padroneggiato appieno appare soprattutto quello chino sull&#8217;aratro), anche se conferiscono una significativa cornice di tensione dinamica alla volumetria massiccia degli animali. Ma soprattutto stona &#8211; elemento non rilevabile dal gesso, ma dal monumento finito &#8211; la massa eccessiva di pietra che fa da scenografia, culminante con quell&#8217;enormit\u00e0 femminile simboleggiante probabilmente la Natura (e non una Sfinge), che appare come un&#8217;inutile e opprimente superfetazione plastica. Il gruppo in gesso, nel suo potente realismo (e non alterato dal turgore cupo del bronzo), \u00e8 certamente assai pi\u00f9 godibile del monumento finito, anche se non \u00e8 certo ascrivibile tra i risultati pi\u00f9 felici del Butti.<br \/>\nNella sala IV \u00e8 conservato il gesso a grandezza definitiva del gruppo dell\u2019Aratura: vi sono poi due bozzetti in diverse dimensioni della figura che guida l\u2019aratro e due studi, sempre in diverse dimensioni, delle figure dei buoi. Un altro studio presenta l\u2019intero complesso monumentale con la figura femminile sullo sfondo.<\/p>\n            <\/div>        <\/div>    <\/div><\/section>\n<section class=\"av_toggle_section\"  itemscope=\"itemscope\" itemtype=\"https:\/\/schema.org\/CreativeWork\"  >    <div class=\"single_toggle\" data-tags=\"{Tutto} \"  >        <p data-fake-id=\"#toggle-id-3\" class=\"toggler \"  itemprop=\"headline\"   >Bibliografia<span class=\"toggle_icon\" >        <span class=\"vert_icon\"><\/span><span class=\"hor_icon\"><\/span><\/span><\/p>        <div id=\"toggle-id-3-container\" class=\"toggle_wrap \"  >            <div class=\"toggle_content invers-color \"  itemprop=\"text\"   ><p>Pantalini 1913, p. 328 \/ Annoni 1913, p. 98 \/ Vicini 1914, p. 272 \/ Ongaro 1927, p. 9 \/ Prealp. III. <span id=\"OBJ_PREFIX_DWT401_com_zimbra_date\" class=\"Object\" role=\"link\"><span id=\"OBJ_PREFIX_DWT412_com_zimbra_date\" class=\"Object\" role=\"link\">2-10-1932<\/span><\/span>, p. 2 \/ Simoni 1927, tav. XIV \/ Ferrari 1928, p. 3 \/ Accetti 1928, p. 4 \/ Carr\u00e0 \u00a01929, p. 3 \/ Accetti 1932, p. 2 \/ Accetti 19322, p. 11 \/ V. B. 1932, p. 7 \/ Ill. It. <span id=\"OBJ_PREFIX_DWT402_com_zimbra_date\" class=\"Object\" role=\"link\"><span id=\"OBJ_PREFIX_DWT413_com_zimbra_date\" class=\"Object\" role=\"link\">31-1-1932<\/span><\/span>, p. 156 \/ Riv. Vig. <span id=\"OBJ_PREFIX_DWT403_com_zimbra_date\" class=\"Object\" role=\"link\"><span id=\"OBJ_PREFIX_DWT414_com_zimbra_date\" class=\"Object\" role=\"link\">31-1-1932<\/span><\/span>, p. 4 \/ Costantini 1932, p. 113 \/ Bagaini 1932, p. 69 \/ Riv. Vig. <span id=\"OBJ_PREFIX_DWT404_com_zimbra_date\" class=\"Object\" role=\"link\"><span id=\"OBJ_PREFIX_DWT415_com_zimbra_date\" class=\"Object\" role=\"link\">3-7-1938<\/span><\/span>, p. 2 \/ Piatti 1938, p. 1 \/ Accetti 1938, n. 21 \/ Accetti 1939, passim \/ Costantini 1940, pp. 77-78, 464 \/ Piatti 1942, pp. 65-66 \/ Nicodemi 1949, p. 183 \/ Sapori 1949, pp. <span id=\"OBJ_PREFIX_DWT405_com_zimbra_phone\" class=\"Object\" role=\"link\"><a href=\"callto:36, 161, 443\">36, 161, 443<\/a><\/span> \/ Vollmer 1953, p. 367 \/ Comanducci 1962, p. 287 \/ Piceni-Cinotti 1962, p. 607 \/ Borri 1966, pp. 64, 66 \/ Caramel 1972, p. 617 \/ Poggialini Tominetti-Bossaglia 1979, pp. 87-89, n. 43, fig. 70 \/ DE MICHELI 1981, p. 8 \/ Gualdoni 1982, cfr. n. 29 \/ Monumentale 1992, p. <span id=\"OBJ_PREFIX_DWT406_com_zimbra_phone\" class=\"Object\" role=\"link\"><a href=\"callto:77, 174, 177, 202\">77, 174, 177, 202<\/a><\/span> \/ La citt\u00e0 1995, p. 335 \/ GINEX 1996, pp. 58-59 \/ Un secolo 2003, pp. 10, 97 \/ Italian 2004, pp. 6-7.<\/p>\n            <\/div>        <\/div>    <\/div><\/section>\n<\/div><br \/>\n<div  class='hr hr-default   avia-builder-el-6  el_after_av_toggle_container  el_before_av_textblock '><span class='hr-inner ' ><span class='hr-inner-style'><\/span><\/span><\/div><br \/>\n<section class=\"av_textblock_section \"  itemscope=\"itemscope\" itemtype=\"https:\/\/schema.org\/CreativeWork\" ><div class='avia_textblock  av_inherit_color '  style='color:#000000; '  itemprop=\"text\" ><p>Altre immagini dell&#8217;opera<\/p>\n<\/div><\/section><br \/>\n<div class='avia-gallery  avia-gallery-1 avia_lazyload avia-gallery-animate avia_animate_when_visible  avia-builder-el-8  el_after_av_textblock  avia-builder-el-last  '  itemprop=\"image\" itemscope=\"itemscope\" itemtype=\"https:\/\/schema.org\/ImageObject\" ><div class='avia-gallery-thumb'> <a href='https:\/\/www.museiciviciviggiutesi.com\/wp-content\/uploads\/2019\/11\/araturamonrid.jpg' data-rel='gallery-1' data-prev-img='https:\/\/www.museiciviciviggiutesi.com\/wp-content\/uploads\/2019\/11\/araturamonrid-495x400.jpg' class='first_thumb lightbox ' data-onclick='1' title=''  itemprop=\"thumbnailUrl\" ><img  src='https:\/\/www.museiciviciviggiutesi.com\/wp-content\/uploads\/2019\/11\/araturamonrid-450x423.jpg' width='450' height='423'  title='araturamonrid' alt='' \/><\/a> <a href='https:\/\/www.museiciviciviggiutesi.com\/wp-content\/uploads\/2019\/11\/Besenzanica-MI-1030x772-1030x772.jpg' data-rel='gallery-1' data-prev-img='https:\/\/www.museiciviciviggiutesi.com\/wp-content\/uploads\/2019\/11\/Besenzanica-MI-1030x772-495x400.jpg' class='lightbox ' data-onclick='2' title=''  itemprop=\"thumbnailUrl\" ><img  src='https:\/\/www.museiciviciviggiutesi.com\/wp-content\/uploads\/2019\/11\/Besenzanica-MI-1030x772-450x337.jpg' width='450' height='337'  title='Besenzanica-MI-1030x772' alt='' \/><\/a> <a href='https:\/\/www.museiciviciviggiutesi.com\/wp-content\/uploads\/2019\/11\/P5160052-1030x772-1030x772.jpg' data-rel='gallery-1' data-prev-img='https:\/\/www.museiciviciviggiutesi.com\/wp-content\/uploads\/2019\/11\/P5160052-1030x772-495x400.jpg' class='lightbox ' data-onclick='3' title='OLYMPUS DIGITAL CAMERA'  itemprop=\"thumbnailUrl\" ><img data-avia-tooltip='OLYMPUS DIGITAL CAMERA' src='https:\/\/www.museiciviciviggiutesi.com\/wp-content\/uploads\/2019\/11\/P5160052-1030x772-450x337.jpg' width='450' height='337'  title='OLYMPUS DIGITAL CAMERA' alt='' \/><\/a> <a href='https:\/\/www.museiciviciviggiutesi.com\/wp-content\/uploads\/2019\/11\/P5160053-1030x772-1030x772.jpg' data-rel='gallery-1' data-prev-img='https:\/\/www.museiciviciviggiutesi.com\/wp-content\/uploads\/2019\/11\/P5160053-1030x772-495x400.jpg' class='lightbox ' data-onclick='4' title='OLYMPUS DIGITAL CAMERA'  itemprop=\"thumbnailUrl\" ><img data-avia-tooltip='OLYMPUS DIGITAL CAMERA' src='https:\/\/www.museiciviciviggiutesi.com\/wp-content\/uploads\/2019\/11\/P5160053-1030x772-450x337.jpg' width='450' height='337'  title='OLYMPUS DIGITAL CAMERA' alt='' \/><\/a> <a href='https:\/\/www.museiciviciviggiutesi.com\/wp-content\/uploads\/2019\/11\/P5160054-772x1030-772x1030.jpg' data-rel='gallery-1' data-prev-img='https:\/\/www.museiciviciviggiutesi.com\/wp-content\/uploads\/2019\/11\/P5160054-772x1030-495x400.jpg' class='lightbox ' data-onclick='5' title='OLYMPUS DIGITAL CAMERA'  itemprop=\"thumbnailUrl\" ><img data-avia-tooltip='OLYMPUS DIGITAL CAMERA' src='https:\/\/www.museiciviciviggiutesi.com\/wp-content\/uploads\/2019\/11\/P5160054-772x1030-450x600.jpg' width='450' height='600'  title='OLYMPUS DIGITAL CAMERA' alt='' \/><\/a> <a href='https:\/\/www.museiciviciviggiutesi.com\/wp-content\/uploads\/2019\/11\/P5160055-1030x772-1030x772.jpg' data-rel='gallery-1' data-prev-img='https:\/\/www.museiciviciviggiutesi.com\/wp-content\/uploads\/2019\/11\/P5160055-1030x772-495x400.jpg' class='first_thumb lightbox ' data-onclick='6' title='OLYMPUS DIGITAL CAMERA'  itemprop=\"thumbnailUrl\" ><img data-avia-tooltip='OLYMPUS DIGITAL CAMERA' src='https:\/\/www.museiciviciviggiutesi.com\/wp-content\/uploads\/2019\/11\/P5160055-1030x772-450x337.jpg' width='450' height='337'  title='OLYMPUS DIGITAL CAMERA' alt='' \/><\/a> <a href='https:\/\/www.museiciviciviggiutesi.com\/wp-content\/uploads\/2019\/11\/Senza-titolo-1-copia.jpg' data-rel='gallery-1' data-prev-img='https:\/\/www.museiciviciviggiutesi.com\/wp-content\/uploads\/2019\/11\/Senza-titolo-1-copia-495x400.jpg' class='lightbox ' data-onclick='7' title=''  itemprop=\"thumbnailUrl\" ><img  src='https:\/\/www.museiciviciviggiutesi.com\/wp-content\/uploads\/2019\/11\/Senza-titolo-1-copia-450x307.jpg' width='450' height='307'  title='Senza-titolo-1-copia' alt='' \/><\/a><\/div><\/div><\/p><\/div><\/div><\/div><\/div><!-- close content main div --><\/div><\/div><div id='av_section_1' class='avia-section main_color avia-section-default avia-shadow avia-bg-style-scroll  avia-builder-el-9  el_after_av_one_third  avia-builder-el-last    container_wrap sidebar_right' style='background-color: #f8f8f8;  '  ><div class='container' ><div class='template-page content  av-content-small alpha units'><div class='post-entry post-entry-type-page post-entry-548'><div class='entry-content-wrapper clearfix'>\n<div style='padding-bottom:10px; font-size:26px;' class='av-special-heading av-special-heading-h3  blockquote classic-quote  avia-builder-el-10  el_before_av_hr  avia-builder-el-first   av-inherit-size '><h3 class='av-special-heading-tag '  itemprop=\"headline\"  >Altre opere di Enrico Butti<\/h3><div class='special-heading-border'><div class='special-heading-inner-border' ><\/div><\/div><\/div>\n<div  class='hr hr-short hr-center   avia-builder-el-11  el_after_av_heading  el_before_av_portfolio  avia-builder-el-last  '><span class='hr-inner ' ><span class='hr-inner-style'><\/span><\/span><\/div>\n<div class=' grid-sort-container isotope   no_margin-container with-excerpt-container grid-total-even grid-col-4 grid-links-' data-portfolio-id='1'><div data-ajax-id='608' class=' grid-entry flex_column isotope-item all_sort no_margin post-entry post-entry-608 grid-entry-overview grid-loop-1 grid-parity-odd  museo-enrico-butti_sort  av_one_fourth first default_av_fullwidth '><article class='main_color inner-entry'  itemscope=\"itemscope\" itemtype=\"https:\/\/schema.org\/CreativeWork\" ><a href='http:\/\/www.museiciviciviggiutesi.com\/?page_id=623' title='Stizze, Enrico Butti'  data-rel='grid-1' class='grid-image avia-hover-fx'><img loading=\"lazy\" decoding=\"async\" width=\"260\" height=\"185\" src=\"https:\/\/www.museiciviciviggiutesi.com\/wp-content\/uploads\/2019\/11\/stizze2-260x185.jpg\" class=\"attachment-portfolio_small size-portfolio_small wp-post-image\" alt=\"\" \/><\/a><div class='grid-content'><div class='avia-arrow'><\/div><header class=\"entry-content-header\"><h3 class='grid-entry-title entry-title '  itemprop=\"headline\" >Stizze, Enrico Butti<\/h3><\/header><\/div><footer class=\"entry-footer\"><\/footer><\/article><\/div><div data-ajax-id='604' class=' grid-entry flex_column isotope-item all_sort no_margin post-entry post-entry-604 grid-entry-overview grid-loop-2 grid-parity-even  museo-enrico-butti_sort  av_one_fourth  default_av_fullwidth '><article class='main_color inner-entry'  itemscope=\"itemscope\" itemtype=\"https:\/\/schema.org\/CreativeWork\" ><a href='http:\/\/www.museiciviciviggiutesi.com\/?page_id=531' title='Il Tempo, Enrico Butti'  data-rel='grid-1' class='grid-image avia-hover-fx'><img loading=\"lazy\" decoding=\"async\" width=\"260\" height=\"185\" src=\"https:\/\/www.museiciviciviggiutesi.com\/wp-content\/uploads\/2019\/11\/il-tempo-p2-260x185.jpg\" class=\"attachment-portfolio_small size-portfolio_small wp-post-image\" alt=\"\" srcset=\"https:\/\/www.museiciviciviggiutesi.com\/wp-content\/uploads\/2019\/11\/il-tempo-p2-260x185.jpg 260w, https:\/\/www.museiciviciviggiutesi.com\/wp-content\/uploads\/2019\/11\/il-tempo-p2-450x321.jpg 450w\" sizes=\"auto, (max-width: 260px) 100vw, 260px\" \/><\/a><div class='grid-content'><div class='avia-arrow'><\/div><header class=\"entry-content-header\"><h3 class='grid-entry-title entry-title '  itemprop=\"headline\" >Il Tempo, Enrico Butti<\/h3><\/header><\/div><footer class=\"entry-footer\"><\/footer><\/article><\/div><div data-ajax-id='602' class=' grid-entry flex_column isotope-item all_sort no_margin post-entry post-entry-602 grid-entry-overview grid-loop-3 grid-parity-odd  museo-enrico-butti_sort  av_one_fourth  default_av_fullwidth '><article class='main_color inner-entry'  itemscope=\"itemscope\" itemtype=\"https:\/\/schema.org\/CreativeWork\" ><a href='http:\/\/www.museiciviciviggiutesi.com\/?page_id=494' title='Cristo crocefisso, Enrico Butti'  data-rel='grid-1' class='grid-image avia-hover-fx'><img loading=\"lazy\" decoding=\"async\" width=\"260\" height=\"185\" src=\"https:\/\/www.museiciviciviggiutesi.com\/wp-content\/uploads\/2019\/11\/crocifisso-p1-260x185.jpg\" class=\"attachment-portfolio_small size-portfolio_small wp-post-image\" alt=\"\" srcset=\"https:\/\/www.museiciviciviggiutesi.com\/wp-content\/uploads\/2019\/11\/crocifisso-p1-260x185.jpg 260w, https:\/\/www.museiciviciviggiutesi.com\/wp-content\/uploads\/2019\/11\/crocifisso-p1-450x321.jpg 450w\" sizes=\"auto, (max-width: 260px) 100vw, 260px\" \/><\/a><div class='grid-content'><div class='avia-arrow'><\/div><header class=\"entry-content-header\"><h3 class='grid-entry-title entry-title '  itemprop=\"headline\" >Cristo crocefisso, Enrico Butti<\/h3><\/header><\/div><footer class=\"entry-footer\"><\/footer><\/article><\/div><div data-ajax-id='595' class=' grid-entry flex_column isotope-item all_sort no_margin post-entry post-entry-595 grid-entry-overview grid-loop-4 grid-parity-even  post-entry-last  museo-enrico-butti_sort  av_one_fourth  default_av_fullwidth '><article class='main_color inner-entry'  itemscope=\"itemscope\" itemtype=\"https:\/\/schema.org\/CreativeWork\" ><a href='http:\/\/www.museiciviciviggiutesi.com\/?page_id=511' title='Il Minatore, Enrico Butti'  data-rel='grid-1' class='grid-image avia-hover-fx'><img loading=\"lazy\" decoding=\"async\" width=\"260\" height=\"185\" src=\"https:\/\/www.museiciviciviggiutesi.com\/wp-content\/uploads\/2019\/11\/minatore-p2-1.jpg\" class=\"attachment-portfolio_small size-portfolio_small wp-post-image\" alt=\"\" \/><\/a><div class='grid-content'><div class='avia-arrow'><\/div><header class=\"entry-content-header\"><h3 class='grid-entry-title entry-title '  itemprop=\"headline\" >Il Minatore, Enrico Butti<\/h3><\/header><\/div><footer class=\"entry-footer\"><\/footer><\/article><\/div><\/div>\n<\/div><\/div><\/div><!-- close content main div --><\/div><\/div><div id='after_section_1' class='main_color av_default_container_wrap container_wrap sidebar_right' style=' '  ><div class='container' ><div class='template-page content  av-content-small alpha units'><div class='post-entry post-entry-type-page post-entry-548'><div class='entry-content-wrapper clearfix'><\/p>\n","protected":false},"excerpt":{"rendered":"","protected":false},"author":1,"featured_media":0,"parent":0,"menu_order":0,"comment_status":"closed","ping_status":"closed","template":"","meta":{"footnotes":""},"class_list":["post-548","page","type-page","status-publish","hentry"],"_links":{"self":[{"href":"https:\/\/www.museiciviciviggiutesi.com\/index.php?rest_route=\/wp\/v2\/pages\/548","targetHints":{"allow":["GET"]}}],"collection":[{"href":"https:\/\/www.museiciviciviggiutesi.com\/index.php?rest_route=\/wp\/v2\/pages"}],"about":[{"href":"https:\/\/www.museiciviciviggiutesi.com\/index.php?rest_route=\/wp\/v2\/types\/page"}],"author":[{"embeddable":true,"href":"https:\/\/www.museiciviciviggiutesi.com\/index.php?rest_route=\/wp\/v2\/users\/1"}],"replies":[{"embeddable":true,"href":"https:\/\/www.museiciviciviggiutesi.com\/index.php?rest_route=%2Fwp%2Fv2%2Fcomments&post=548"}],"version-history":[{"count":6,"href":"https:\/\/www.museiciviciviggiutesi.com\/index.php?rest_route=\/wp\/v2\/pages\/548\/revisions"}],"predecessor-version":[{"id":1476,"href":"https:\/\/www.museiciviciviggiutesi.com\/index.php?rest_route=\/wp\/v2\/pages\/548\/revisions\/1476"}],"wp:attachment":[{"href":"https:\/\/www.museiciviciviggiutesi.com\/index.php?rest_route=%2Fwp%2Fv2%2Fmedia&parent=548"}],"curies":[{"name":"wp","href":"https:\/\/api.w.org\/{rel}","templated":true}]}}