{"id":569,"date":"2019-11-19T10:17:25","date_gmt":"2019-11-19T09:17:25","guid":{"rendered":"http:\/\/www.museiciviciviggiutesi.com\/?page_id=569"},"modified":"2019-12-28T14:53:49","modified_gmt":"2019-12-28T13:53:49","slug":"la-morente","status":"publish","type":"page","link":"https:\/\/www.museiciviciviggiutesi.com\/?page_id=569","title":{"rendered":"La morente"},"content":{"rendered":"<div class=\"flex_column av_two_third  flex_column_div av-zero-column-padding first  avia-builder-el-0  el_before_av_one_third  avia-builder-el-first  \" style='border-radius:0px; '><p><div class='avia-button-wrap avia-button-left  avia-builder-el-1  el_before_av_slideshow  avia-builder-el-first  '><a href='https:\/\/www.museiciviciviggiutesi.com\/?page_id=490'  class='avia-button   avia-icon_select-yes-left-icon avia-color-custom avia-size-small avia-position-left '  style='background-color:#c73a21; border-color:#c73a21; color:#ffffff; ' ><span class='avia_button_icon avia_button_icon_left ' aria-hidden='true' data-av_icon='\ue893' data-av_iconfont='entypo-fontello'><\/span><span class='avia_iconbox_title' >Torna alla lista delle opere<\/span><\/a><\/div><br \/>\n<div  data-size='featured'  data-lightbox_size='large'  data-animation='fade'  data-conditional_play=''  data-ids='669,670,671'  data-video_counter='0'  data-autoplay='true'  data-bg_slider='false'  data-slide_height=''  data-handle='av_slideshow'  data-interval='5'  data-class=' avia-builder-el-2  el_after_av_button  avia-builder-el-last   '  data-css_id=''  data-scroll_down=''  data-control_layout='av-control-default'  data-custom_markup=''  data-perma_caption=''  data-autoplay_stopper=''  data-image_attachment=''  data-min_height='0px'  data-default-height='28.666666666667'  class='avia-slideshow avia-slideshow-1  av-control-default av-default-height-applied avia-slideshow-featured av_slideshow  avia-builder-el-2  el_after_av_button  avia-builder-el-last    avia-fade-slider '  itemprop=\"image\" itemscope=\"itemscope\" itemtype=\"https:\/\/schema.org\/ImageObject\" ><ul class='avia-slideshow-inner ' style='padding-bottom: 55.555555555556%;' ><li  class=' slide-1 ' ><div data-rel='slideshow-1' class='avia-slide-wrap '   ><img src='https:\/\/www.museiciviciviggiutesi.com\/wp-content\/uploads\/2019\/11\/la-morente1-774x430.jpg' width='774' height='430' title='la-morente1' alt=''  itemprop=\"thumbnailUrl\"   \/><\/div><\/li><li  class=' slide-2 ' ><div data-rel='slideshow-1' class='avia-slide-wrap '   ><img src='https:\/\/www.museiciviciviggiutesi.com\/wp-content\/uploads\/2019\/11\/la-morente2-774x430.jpg' width='774' height='430' title='la-morente2' alt=''  itemprop=\"thumbnailUrl\"   \/><\/div><\/li><li  class=' slide-3 ' ><div data-rel='slideshow-1' class='avia-slide-wrap '   ><img src='https:\/\/www.museiciviciviggiutesi.com\/wp-content\/uploads\/2019\/11\/la-morente31-774x430.jpg' width='774' height='430' title='la-morente31' alt=''  itemprop=\"thumbnailUrl\"   \/><\/div><\/li><\/ul><div class='avia-slideshow-arrows avia-slideshow-controls'><a href='#prev' class='prev-slide' aria-hidden='true' data-av_icon='\ue87c' data-av_iconfont='entypo-fontello'>Anteriore<\/a><a href='#next' class='next-slide' aria-hidden='true' data-av_icon='\ue87d' data-av_iconfont='entypo-fontello'>Posteriore<\/a><\/div><div class='avia-slideshow-dots avia-slideshow-controls'><a href='#1' class='goto-slide active' >1<\/a><a href='#2' class='goto-slide ' >2<\/a><a href='#3' class='goto-slide ' >3<\/a><\/div><\/div><\/p><\/div>\n<div class=\"flex_column av_one_third  flex_column_div av-zero-column-padding   avia-builder-el-3  el_after_av_two_third  el_before_av_section  avia-builder-el-last  \" style='border-radius:0px; '><section class=\"av_textblock_section \"  itemscope=\"itemscope\" itemtype=\"https:\/\/schema.org\/CreativeWork\" ><div class='avia_textblock  '   itemprop=\"text\" ><div>\n<h3><strong>La morente<\/strong><\/h3>\n<p><strong>Artista:\u00a0<\/strong><span id=\"OBJ_PREFIX_DWT464_com_zimbra_url\" class=\"Object\" role=\"link\"><span id=\"OBJ_PREFIX_DWT478_com_zimbra_url\" class=\"Object\" role=\"link\"><a href=\"http:\/\/www.museiciviciviggiutesi.com\/?page_id=453\" target=\"_blank\" rel=\"nofollow noopener noreferrer\">Enrico Butti<\/a><\/span><\/span><br \/>\n<strong>Anno di realizzazione:<\/strong>\u00a01891<\/p>\n<p><strong>Soggetto:<\/strong>\u00a0Soggetto funerario<br \/>\n<strong>Collocazione:<\/strong>\u00a0Milano, Cimitero Monumentale, Edicola Casati<\/p>\n<\/div>\n<\/div><\/section><br \/>\n<div class=\"togglecontainer   toggle_close_all  avia-builder-el-5  el_after_av_textblock  el_before_av_hr  \" >\n<section class=\"av_toggle_section\"  itemscope=\"itemscope\" itemtype=\"https:\/\/schema.org\/CreativeWork\"  >    <div class=\"single_toggle\" data-tags=\"{Tutto} \"  >        <p data-fake-id=\"#toggle-id-1\" class=\"toggler \"  itemprop=\"headline\"   >Dati tecnici<span class=\"toggle_icon\" >        <span class=\"vert_icon\"><\/span><span class=\"hor_icon\"><\/span><\/span><\/p>        <div id=\"toggle-id-1-container\" class=\"toggle_wrap \"  >            <div class=\"toggle_content invers-color \"  itemprop=\"text\"   ><p><strong>Tecnica:\u00a0<\/strong>Scultura a tutto tondo<br \/>\n<strong>Materiale:<\/strong>\u00a0Gesso<\/p>\n<p><strong>Dimensioni:<\/strong>\u00a0128x135x279<br \/>\n<strong>Stato:<\/strong>\u00a0Ottimo<\/p>\n<p><strong>Nel museo:<\/strong>\u00a0Si<\/p>\n            <\/div>        <\/div>    <\/div><\/section>\n<section class=\"av_toggle_section\"  itemscope=\"itemscope\" itemtype=\"https:\/\/schema.org\/CreativeWork\"  >    <div class=\"single_toggle\" data-tags=\"{Tutto} \"  >        <p data-fake-id=\"#toggle-id-2\" class=\"toggler \"  itemprop=\"headline\"   >Descrizione<span class=\"toggle_icon\" >        <span class=\"vert_icon\"><\/span><span class=\"hor_icon\"><\/span><\/span><\/p>        <div id=\"toggle-id-2-container\" class=\"toggle_wrap \"  >            <div class=\"toggle_content invers-color \"  itemprop=\"text\"   ><p>Gesso al naturale per l&#8217;edicola Casati al Cimitero Monumentale di Milano. Presentata all&#8217;Esposizione di Brera del 1891 (catalogata come &#8220;Monumento funerario in bronzo&#8221;), l&#8217;opera fu pronosticata vincente dalla critica ma non entr\u00f2 nella rosa dei premiati.<br \/>\nPi\u00f9 che la concezione, fortemente intrisa di idealismo, turbava la giuria e il pubblico la nudit\u00e0 della giovane giacente, particolare ritenuto poco decoroso per una scultura tombale. Ne segu\u00ec una vera e propria polemica che vide schierarsi a favore del Butti critici influenti come Bettini (1891, p. 36), Sormani (1891, pp. 84- 86) e addirittura una &#8220;firma&#8221; come Neera (1891, p. 197).<br \/>\nAssai equilibrato appare, in questo contesto, il giudizio del Grubicy (1891, pp. 33-37) che, dopo aver dichiarato incomprensibile il conferimento del premio Principe Umberto&#8221;.., ad una sgradevole quanto pretensiosa pittura del Laurenti di Venezia&#8230;&#8221;, analizza compiutamente l&#8217;opera nei suoi umori idealistici, giungendo a riconoscere che &#8220;&#8230; c&#8217;\u00e8 forse un po&#8217; d&#8217;eccesso nell&#8217;interessamento vivo che si accaparrano volta a volta questi due concetti: reale quello della morta, simbolico quello del bassorilievo&#8230;&#8221;. Nulla a che vedere con la bieca ottusit\u00e0 del Marescotti, che ancora nel 1899 insister\u00e0 sulla nudit\u00e0 della giovane bollandola come &#8220;&#8230; convenzione analfabeta di una mente digiuna di studi, priva di intenzione artistica, ignara delle vere e sentite espressioni dell&#8217;animo umano&#8230;&#8221; (p. 20). Al di l\u00e0 di tali valutazioni, che nel loro complesso rivelano tutt&#8217;al pi\u00f9 il disagio culturale della critica di quegli anni, va osservato che l&#8217;opera schiude il filone di pi\u00f9 marcata sensiblerie idealistica del Butti, che ne innerver\u00e0 gran parte della produzione funeraria (cfr. nn. <span id=\"OBJ_PREFIX_DWT465_com_zimbra_phone\" class=\"Object\" role=\"link\"><a href=\"callto:24, 26, 54, 55\">24, 26, 54, 55<\/a><\/span>, ecc.). L&#8217;artista certo fatica a controllare il repertorio delle valenze simboliche, delle sfumature poetiche in gioco, e tenta di riscattarle con la propria abilit\u00e0 nell&#8217;impaginare forme e nel produrre effetti: si veda, ad esempio, la notevole soluzione delle chiome sparse sul cuscino.<br \/>\nComplessivamente, tuttavia, si avverte l&#8217;assenza di un&#8217;intima tensione espressiva: un raffronto con l&#8217;analogo soggetto tratto dal Bistolfi nel 1906 per la tomba Fanny Lacroix, pure al Monumentale, indica chiaramente che l&#8217;eclettismo del Butti era mentale ancor prima che tecnico. A titolo di curiosit\u00e0 va ricordato che per quest&#8217;opera pos\u00f2 Virginia Sevesi, modella prediletta e poi compagna dell&#8217;artista (cfr. n. 105).<\/p>\n            <\/div>        <\/div>    <\/div><\/section>\n<section class=\"av_toggle_section\"  itemscope=\"itemscope\" itemtype=\"https:\/\/schema.org\/CreativeWork\"  >    <div class=\"single_toggle\" data-tags=\"{Tutto} \"  >        <p data-fake-id=\"#toggle-id-3\" class=\"toggler \"  itemprop=\"headline\"   >Premi<span class=\"toggle_icon\" >        <span class=\"vert_icon\"><\/span><span class=\"hor_icon\"><\/span><\/span><\/p>        <div id=\"toggle-id-3-container\" class=\"toggle_wrap \"  >            <div class=\"toggle_content invers-color \"  itemprop=\"text\"   ><p>Premio Principe Umberto alle Esposizione di Brera del 1890<\/p>\n            <\/div>        <\/div>    <\/div><\/section>\n<section class=\"av_toggle_section\"  itemscope=\"itemscope\" itemtype=\"https:\/\/schema.org\/CreativeWork\"  >    <div class=\"single_toggle\" data-tags=\"{Tutto} \"  >        <p data-fake-id=\"#toggle-id-4\" class=\"toggler \"  itemprop=\"headline\"   >Esposizioni<span class=\"toggle_icon\" >        <span class=\"vert_icon\"><\/span><span class=\"hor_icon\"><\/span><\/span><\/p>        <div id=\"toggle-id-4-container\" class=\"toggle_wrap \"  >            <div class=\"toggle_content invers-color \"  itemprop=\"text\"   ><ul>\n<li>1891 Esposizione di Brera<\/li>\n<\/ul>\n            <\/div>        <\/div>    <\/div><\/section>\n<section class=\"av_toggle_section\"  itemscope=\"itemscope\" itemtype=\"https:\/\/schema.org\/CreativeWork\"  >    <div class=\"single_toggle\" data-tags=\"{Tutto} \"  >        <p data-fake-id=\"#toggle-id-5\" class=\"toggler \"  itemprop=\"headline\"   >Bibliografia<span class=\"toggle_icon\" >        <span class=\"vert_icon\"><\/span><span class=\"hor_icon\"><\/span><\/span><\/p>        <div id=\"toggle-id-5-container\" class=\"toggle_wrap \"  >            <div class=\"toggle_content invers-color \"  itemprop=\"text\"   ><p>Cat. Esp. Brera 1891, n. 17 \/ Bettini 1891, p. 36 \/ Grubicy De Dragon 1891, pp. 33-37 \/ Sormani 1891, pp. 84-86 \/ Arte e Storia <span id=\"OBJ_PREFIX_DWT479_com_zimbra_date\" class=\"Object\" role=\"link\">10-5-1891<\/span>, pp. 79 \/ Biagio da Vig. <span id=\"OBJ_PREFIX_DWT466_com_zimbra_date\" class=\"Object\" role=\"link\">maggio <\/span>1891, p. 2 \/ Neera 1891, p. 197 \/ Cron. d&#8217;Arte <span id=\"OBJ_PREFIX_DWT467_com_zimbra_date\" class=\"Object\" role=\"link\"><span id=\"OBJ_PREFIX_DWT480_com_zimbra_date\" class=\"Object\" role=\"link\">28-6-1891<\/span><\/span>, p. 236 \/ V. G. (Grubicy) 1891, p. LIII \/ I11. It. <span id=\"OBJ_PREFIX_DWT468_com_zimbra_date\" class=\"Object\" role=\"link\"><span id=\"OBJ_PREFIX_DWT481_com_zimbra_date\" class=\"Object\" role=\"link\">8-11-1891<\/span><\/span>, p. 303 \/ Moschino 1897-98, pp. 887, 889 \/ Marescotti 1899, pp. 17-27 \/ The Studio 1905, p. 252 \/ Colombo 1911, p. 19 \/ Melani 1912, p. 622 \/ Annoni 1913, p. 83 \/ Ongaro 1927, p. 8 \/ Prealp. Ill. 2- 10-1927, p. 4 \/ Simoni 1927, tavv. XXVII, XXVIII \/ Ferrari 1928, p. 3 \/ Carr\u00e0 1929, p. 3 \/ Riv. Vig. <span id=\"OBJ_PREFIX_DWT469_com_zimbra_date\" class=\"Object\" role=\"link\"><span id=\"OBJ_PREFIX_DWT482_com_zimbra_date\" class=\"Object\" role=\"link\">1-11-1931<\/span><\/span>, pp. 1-2 \/ Ill. It. <span id=\"OBJ_PREFIX_DWT470_com_zimbra_date\" class=\"Object\" role=\"link\"><span id=\"OBJ_PREFIX_DWT483_com_zimbra_date\" class=\"Object\" role=\"link\">31-1-1932<\/span><\/span>, p. 156 \/ Riv. Vig. <span id=\"OBJ_PREFIX_DWT471_com_zimbra_date\" class=\"Object\" role=\"link\"><span id=\"OBJ_PREFIX_DWT484_com_zimbra_date\" class=\"Object\" role=\"link\">31-1-1932<\/span><\/span>, p. 4 \/ Accetti 1932, p. 3 \/ Accetti 19322, p. 12 \/ Bagaini 1932, p. 70 \/ Accetti 1938, n. 31 \/ Piatti 1938, p. 1 \/ Accetti 1939, p. 14 \/ Costantini 1940, pp. 78, 464 \/ Piatti 1942, p. 65 \/ Bessone-Aurelj 1947, p. 105 \/ Nicodemi 1949, p. 182 \/ Thieme-Becker, p. 306 \/ Borri 1966, p. 37 \/ Damigella 1981, pp. 93, 119 \/ Larghi, p. 97 \/ Gualdoni 1982, cfr. n. 9 \/ De Micheli 1992, p. 184-5 \/ Monumentale 1992, p. <span id=\"OBJ_PREFIX_DWT472_com_zimbra_phone\" class=\"Object\" role=\"link\"><a href=\"callto:174-5, 177, 190\">174-5, 177, 190<\/a><\/span> \/ La citt\u00e0 1995, pp. <span id=\"OBJ_PREFIX_DWT473_com_zimbra_phone\" class=\"Object\" role=\"link\"><a href=\"callto:118, 325, 335\">118, 325, 335<\/a><\/span> \/ GINEX 1996, pp. 49-50 \/ Italian 2004, pp. 114-15, 138 .<\/p>\n            <\/div>        <\/div>    <\/div><\/section>\n<\/div><br \/>\n<div  class='hr hr-default   avia-builder-el-6  el_after_av_toggle_container  el_before_av_textblock '><span class='hr-inner ' ><span class='hr-inner-style'><\/span><\/span><\/div><br \/>\n<section class=\"av_textblock_section \"  itemscope=\"itemscope\" itemtype=\"https:\/\/schema.org\/CreativeWork\" ><div class='avia_textblock  av_inherit_color '  style='color:#000000; '  itemprop=\"text\" ><p>Altre immagini dell&#8217;opera<\/p>\n<\/div><\/section><br \/>\n<div class='avia-gallery  avia-gallery-1 avia_lazyload avia-gallery-animate avia_animate_when_visible  avia-builder-el-8  el_after_av_textblock  avia-builder-el-last  '  itemprop=\"image\" itemscope=\"itemscope\" itemtype=\"https:\/\/schema.org\/ImageObject\" ><div class='avia-gallery-thumb'> <a href='https:\/\/www.museiciviciviggiutesi.com\/wp-content\/uploads\/2019\/11\/Butti-morehte.jpg' data-rel='gallery-1' data-prev-img='https:\/\/www.museiciviciviggiutesi.com\/wp-content\/uploads\/2019\/11\/Butti-morehte-368x400.jpg' class='first_thumb lightbox ' data-onclick='1' title=''  itemprop=\"thumbnailUrl\" ><img  src='https:\/\/www.museiciviciviggiutesi.com\/wp-content\/uploads\/2019\/11\/Butti-morehte.jpg' width='368' height='568'  title='Butti-morehte' alt='' \/><\/a> <a href='https:\/\/www.museiciviciviggiutesi.com\/wp-content\/uploads\/2019\/11\/Casati-MI-1030x785-1030x785.jpg' data-rel='gallery-1' data-prev-img='https:\/\/www.museiciviciviggiutesi.com\/wp-content\/uploads\/2019\/11\/Casati-MI-1030x785-495x400.jpg' class='lightbox ' data-onclick='2' title=''  itemprop=\"thumbnailUrl\" ><img  src='https:\/\/www.museiciviciviggiutesi.com\/wp-content\/uploads\/2019\/11\/Casati-MI-1030x785-450x343.jpg' width='450' height='343'  title='Casati-MI-1030x785' alt='' \/><\/a> <a href='https:\/\/www.museiciviciviggiutesi.com\/wp-content\/uploads\/2019\/11\/Dscn6717-1030x772-1030x772.jpg' data-rel='gallery-1' data-prev-img='https:\/\/www.museiciviciviggiutesi.com\/wp-content\/uploads\/2019\/11\/Dscn6717-1030x772-495x400.jpg' class='lightbox ' data-onclick='3' title=''  itemprop=\"thumbnailUrl\" ><img  src='https:\/\/www.museiciviciviggiutesi.com\/wp-content\/uploads\/2019\/11\/Dscn6717-1030x772-450x337.jpg' width='450' height='337'  title='Dscn6717-1030x772' alt='' \/><\/a> <a href='https:\/\/www.museiciviciviggiutesi.com\/wp-content\/uploads\/2019\/11\/P5160046-1030x772-1030x772.jpg' data-rel='gallery-1' data-prev-img='https:\/\/www.museiciviciviggiutesi.com\/wp-content\/uploads\/2019\/11\/P5160046-1030x772-495x400.jpg' class='lightbox ' data-onclick='4' title='OLYMPUS DIGITAL CAMERA'  itemprop=\"thumbnailUrl\" ><img data-avia-tooltip='OLYMPUS DIGITAL CAMERA' src='https:\/\/www.museiciviciviggiutesi.com\/wp-content\/uploads\/2019\/11\/P5160046-1030x772-450x337.jpg' width='450' height='337'  title='OLYMPUS DIGITAL CAMERA' alt='' \/><\/a><\/div><\/div><\/p><\/div><\/div><\/div><\/div><!-- close content main div --><\/div><\/div><div id='av_section_1' class='avia-section main_color avia-section-default avia-shadow avia-bg-style-scroll  avia-builder-el-9  el_after_av_one_third  avia-builder-el-last    container_wrap sidebar_right' style='background-color: #f8f8f8;  '  ><div class='container' ><div class='template-page content  av-content-small alpha units'><div class='post-entry post-entry-type-page post-entry-569'><div class='entry-content-wrapper clearfix'>\n<div style='padding-bottom:10px; font-size:26px;' class='av-special-heading av-special-heading-h3  blockquote classic-quote  avia-builder-el-10  el_before_av_hr  avia-builder-el-first   av-inherit-size '><h3 class='av-special-heading-tag '  itemprop=\"headline\"  >Altre opere di Enrico Butti<\/h3><div class='special-heading-border'><div class='special-heading-inner-border' ><\/div><\/div><\/div>\n<div  class='hr hr-short hr-center   avia-builder-el-11  el_after_av_heading  el_before_av_portfolio  avia-builder-el-last  '><span class='hr-inner ' ><span class='hr-inner-style'><\/span><\/span><\/div>\n<div class=' grid-sort-container isotope   no_margin-container with-excerpt-container grid-total-even grid-col-4 grid-links-' data-portfolio-id='1'><div data-ajax-id='608' class=' grid-entry flex_column isotope-item all_sort no_margin post-entry post-entry-608 grid-entry-overview grid-loop-1 grid-parity-odd  museo-enrico-butti_sort  av_one_fourth first default_av_fullwidth '><article class='main_color inner-entry'  itemscope=\"itemscope\" itemtype=\"https:\/\/schema.org\/CreativeWork\" ><a href='http:\/\/www.museiciviciviggiutesi.com\/?page_id=623' title='Stizze, Enrico Butti'  data-rel='grid-1' class='grid-image avia-hover-fx'><img loading=\"lazy\" decoding=\"async\" width=\"260\" height=\"185\" src=\"https:\/\/www.museiciviciviggiutesi.com\/wp-content\/uploads\/2019\/11\/stizze2-260x185.jpg\" class=\"attachment-portfolio_small size-portfolio_small wp-post-image\" alt=\"\" \/><\/a><div class='grid-content'><div class='avia-arrow'><\/div><header class=\"entry-content-header\"><h3 class='grid-entry-title entry-title '  itemprop=\"headline\" >Stizze, Enrico Butti<\/h3><\/header><\/div><footer class=\"entry-footer\"><\/footer><\/article><\/div><div data-ajax-id='604' class=' grid-entry flex_column isotope-item all_sort no_margin post-entry post-entry-604 grid-entry-overview grid-loop-2 grid-parity-even  museo-enrico-butti_sort  av_one_fourth  default_av_fullwidth '><article class='main_color inner-entry'  itemscope=\"itemscope\" itemtype=\"https:\/\/schema.org\/CreativeWork\" ><a href='http:\/\/www.museiciviciviggiutesi.com\/?page_id=531' title='Il Tempo, Enrico Butti'  data-rel='grid-1' class='grid-image avia-hover-fx'><img loading=\"lazy\" decoding=\"async\" width=\"260\" height=\"185\" src=\"https:\/\/www.museiciviciviggiutesi.com\/wp-content\/uploads\/2019\/11\/il-tempo-p2-260x185.jpg\" class=\"attachment-portfolio_small size-portfolio_small wp-post-image\" alt=\"\" srcset=\"https:\/\/www.museiciviciviggiutesi.com\/wp-content\/uploads\/2019\/11\/il-tempo-p2-260x185.jpg 260w, https:\/\/www.museiciviciviggiutesi.com\/wp-content\/uploads\/2019\/11\/il-tempo-p2-450x321.jpg 450w\" sizes=\"auto, (max-width: 260px) 100vw, 260px\" \/><\/a><div class='grid-content'><div class='avia-arrow'><\/div><header class=\"entry-content-header\"><h3 class='grid-entry-title entry-title '  itemprop=\"headline\" >Il Tempo, Enrico Butti<\/h3><\/header><\/div><footer class=\"entry-footer\"><\/footer><\/article><\/div><div data-ajax-id='602' class=' grid-entry flex_column isotope-item all_sort no_margin post-entry post-entry-602 grid-entry-overview grid-loop-3 grid-parity-odd  museo-enrico-butti_sort  av_one_fourth  default_av_fullwidth '><article class='main_color inner-entry'  itemscope=\"itemscope\" itemtype=\"https:\/\/schema.org\/CreativeWork\" ><a href='http:\/\/www.museiciviciviggiutesi.com\/?page_id=494' title='Cristo crocefisso, Enrico Butti'  data-rel='grid-1' class='grid-image avia-hover-fx'><img loading=\"lazy\" decoding=\"async\" width=\"260\" height=\"185\" src=\"https:\/\/www.museiciviciviggiutesi.com\/wp-content\/uploads\/2019\/11\/crocifisso-p1-260x185.jpg\" class=\"attachment-portfolio_small size-portfolio_small wp-post-image\" alt=\"\" srcset=\"https:\/\/www.museiciviciviggiutesi.com\/wp-content\/uploads\/2019\/11\/crocifisso-p1-260x185.jpg 260w, https:\/\/www.museiciviciviggiutesi.com\/wp-content\/uploads\/2019\/11\/crocifisso-p1-450x321.jpg 450w\" sizes=\"auto, (max-width: 260px) 100vw, 260px\" \/><\/a><div class='grid-content'><div class='avia-arrow'><\/div><header class=\"entry-content-header\"><h3 class='grid-entry-title entry-title '  itemprop=\"headline\" >Cristo crocefisso, Enrico Butti<\/h3><\/header><\/div><footer class=\"entry-footer\"><\/footer><\/article><\/div><div data-ajax-id='595' class=' grid-entry flex_column isotope-item all_sort no_margin post-entry post-entry-595 grid-entry-overview grid-loop-4 grid-parity-even  post-entry-last  museo-enrico-butti_sort  av_one_fourth  default_av_fullwidth '><article class='main_color inner-entry'  itemscope=\"itemscope\" itemtype=\"https:\/\/schema.org\/CreativeWork\" ><a href='http:\/\/www.museiciviciviggiutesi.com\/?page_id=511' title='Il Minatore, Enrico Butti'  data-rel='grid-1' class='grid-image avia-hover-fx'><img loading=\"lazy\" decoding=\"async\" width=\"260\" height=\"185\" src=\"https:\/\/www.museiciviciviggiutesi.com\/wp-content\/uploads\/2019\/11\/minatore-p2-1.jpg\" class=\"attachment-portfolio_small size-portfolio_small wp-post-image\" alt=\"\" \/><\/a><div class='grid-content'><div class='avia-arrow'><\/div><header class=\"entry-content-header\"><h3 class='grid-entry-title entry-title '  itemprop=\"headline\" >Il Minatore, Enrico Butti<\/h3><\/header><\/div><footer class=\"entry-footer\"><\/footer><\/article><\/div><\/div>\n<\/div><\/div><\/div><!-- close content main div --><\/div><\/div><div id='after_section_1' class='main_color av_default_container_wrap container_wrap sidebar_right' style=' '  ><div class='container' ><div class='template-page content  av-content-small alpha units'><div class='post-entry post-entry-type-page post-entry-569'><div class='entry-content-wrapper clearfix'><\/p>\n","protected":false},"excerpt":{"rendered":"","protected":false},"author":1,"featured_media":0,"parent":0,"menu_order":0,"comment_status":"closed","ping_status":"closed","template":"","meta":{"footnotes":""},"class_list":["post-569","page","type-page","status-publish","hentry"],"_links":{"self":[{"href":"https:\/\/www.museiciviciviggiutesi.com\/index.php?rest_route=\/wp\/v2\/pages\/569","targetHints":{"allow":["GET"]}}],"collection":[{"href":"https:\/\/www.museiciviciviggiutesi.com\/index.php?rest_route=\/wp\/v2\/pages"}],"about":[{"href":"https:\/\/www.museiciviciviggiutesi.com\/index.php?rest_route=\/wp\/v2\/types\/page"}],"author":[{"embeddable":true,"href":"https:\/\/www.museiciviciviggiutesi.com\/index.php?rest_route=\/wp\/v2\/users\/1"}],"replies":[{"embeddable":true,"href":"https:\/\/www.museiciviciviggiutesi.com\/index.php?rest_route=%2Fwp%2Fv2%2Fcomments&post=569"}],"version-history":[{"count":9,"href":"https:\/\/www.museiciviciviggiutesi.com\/index.php?rest_route=\/wp\/v2\/pages\/569\/revisions"}],"predecessor-version":[{"id":1524,"href":"https:\/\/www.museiciviciviggiutesi.com\/index.php?rest_route=\/wp\/v2\/pages\/569\/revisions\/1524"}],"wp:attachment":[{"href":"https:\/\/www.museiciviciviggiutesi.com\/index.php?rest_route=%2Fwp%2Fv2%2Fmedia&parent=569"}],"curies":[{"name":"wp","href":"https:\/\/api.w.org\/{rel}","templated":true}]}}