{"id":590,"date":"2019-11-19T10:37:41","date_gmt":"2019-11-19T09:37:41","guid":{"rendered":"http:\/\/www.museiciviciviggiutesi.com\/?page_id=590"},"modified":"2019-11-26T17:21:44","modified_gmt":"2019-11-26T16:21:44","slug":"monumento-al-generale-giuseppe-sirtori","status":"publish","type":"page","link":"https:\/\/www.museiciviciviggiutesi.com\/?page_id=590","title":{"rendered":"Monumento al Generale Giuseppe Sirtori"},"content":{"rendered":"<div class=\"flex_column av_two_third  flex_column_div av-zero-column-padding first  avia-builder-el-0  el_before_av_one_third  avia-builder-el-first  \" style='border-radius:0px; '><p><div class='avia-button-wrap avia-button-left  avia-builder-el-1  el_before_av_image  avia-builder-el-first  '><a href='https:\/\/www.museiciviciviggiutesi.com\/?page_id=490'  class='avia-button   avia-icon_select-yes-left-icon avia-color-custom avia-size-small avia-position-left '  style='background-color:#c73a21; border-color:#c73a21; color:#ffffff; ' ><span class='avia_button_icon avia_button_icon_left ' aria-hidden='true' data-av_icon='\ue893' data-av_iconfont='entypo-fontello'><\/span><span class='avia_iconbox_title' >Torna alla lista delle opere<\/span><\/a><\/div><br \/>\n<div class='avia-image-container  av-styling-    avia-builder-el-2  el_after_av_button  avia-builder-el-last   avia-align-center '  itemprop=\"image\" itemscope=\"itemscope\" itemtype=\"https:\/\/schema.org\/ImageObject\"  ><div class='avia-image-container-inner'><div class='avia-image-overlay-wrap'><img class='avia_image' src='https:\/\/www.museiciviciviggiutesi.com\/wp-content\/uploads\/2019\/11\/Monumento-al-Generali-Sirtori1.jpg' alt='' title='Monumento-al-Generali-Sirtori1' height=\"1067\" width=\"800\"  itemprop=\"thumbnailUrl\"  \/><\/div><\/div><\/div><\/p><\/div>\n<div class=\"flex_column av_one_third  flex_column_div av-zero-column-padding   avia-builder-el-3  el_after_av_two_third  el_before_av_section  avia-builder-el-last  \" style='border-radius:0px; '><section class=\"av_textblock_section \"  itemscope=\"itemscope\" itemtype=\"https:\/\/schema.org\/CreativeWork\" ><div class='avia_textblock  '   itemprop=\"text\" ><h3>Monumento al Generale Giuseppe Sirtori<\/h3>\n<p><strong>Artista:\u00a0<\/strong><span id=\"OBJ_PREFIX_DWT569_com_zimbra_url\" class=\"Object\" role=\"link\"><span id=\"OBJ_PREFIX_DWT581_com_zimbra_url\" class=\"Object\" role=\"link\"><a href=\"http:\/\/www.museiciviciviggiutesi.com\/?page_id=453\" target=\"_blank\" rel=\"nofollow noopener noreferrer\">Enrico Butti<\/a><\/span><\/span><br \/>\n<strong>Anno di realizzazione:<\/strong>\u00a01891-1892<\/p>\n<p><strong>Soggetto:<\/strong>\u00a0Monumento celebrativo<br \/>\n<strong>Collocazione:<\/strong>\u00a0Milano, Giardini Pubblici<\/p>\n<\/div><\/section><br \/>\n<div class=\"togglecontainer   toggle_close_all  avia-builder-el-5  el_after_av_textblock  el_before_av_hr  \" >\n<section class=\"av_toggle_section\"  itemscope=\"itemscope\" itemtype=\"https:\/\/schema.org\/CreativeWork\"  >    <div class=\"single_toggle\" data-tags=\"{Tutto} \"  >        <p data-fake-id=\"#toggle-id-1\" class=\"toggler \"  itemprop=\"headline\"   >Dati tecnici<span class=\"toggle_icon\" >        <span class=\"vert_icon\"><\/span><span class=\"hor_icon\"><\/span><\/span><\/p>        <div id=\"toggle-id-1-container\" class=\"toggle_wrap \"  >            <div class=\"toggle_content invers-color \"  itemprop=\"text\"   ><p><strong>Tecnica: <\/strong>Scultura a tutto tondo<br \/>\n<strong>Materiale:<\/strong> Gesso<\/p>\n<p><strong>Dimensioni:<\/strong> 47x18x18<br \/>\n<strong>Stato:<\/strong> Ottimo<\/p>\n<p><strong>Nel museo:<\/strong> Si<\/p>\n            <\/div>        <\/div>    <\/div><\/section>\n<section class=\"av_toggle_section\"  itemscope=\"itemscope\" itemtype=\"https:\/\/schema.org\/CreativeWork\"  >    <div class=\"single_toggle\" data-tags=\"{Tutto} \"  >        <p data-fake-id=\"#toggle-id-2\" class=\"toggler \"  itemprop=\"headline\"   >Descrizione<span class=\"toggle_icon\" >        <span class=\"vert_icon\"><\/span><span class=\"hor_icon\"><\/span><\/span><\/p>        <div id=\"toggle-id-2-container\" class=\"toggle_wrap \"  >            <div class=\"toggle_content invers-color \"  itemprop=\"text\"   ><p>Si tratta del bozzetto del monumento al generale Sirtori eretto nei giardini pubblici di Milano. Presentandolo ai suoi lettori, &#8220;L\u2018Illustrazione Italiana&#8221; del 12 <span id=\"OBJ_PREFIX_DWT570_com_zimbra_date\" class=\"Object\" role=\"link\">giugno <\/span>1892 (p. 370) scriveva: &#8220;&#8230; La statua \u00e8 di stile moderno: un forte sbozzo pi\u00f9 che un lavoro particolareggiato&#8230;&#8221;. In effetti l\u2019opera \u00e8 risolta con gagliarda sicurezza. La posa maschia, accentuata dall\u2018inclinazione del capo, \u00e8 valorizzata da un lavorio di superficie fatto di passaggi secchi, corsivi, che sfruttano al meglio le possibilit\u00e0 di incidenza della senza cadere nel pittoricismo di maniera. Come ben riconoscer\u00e0 il Sapori (1949, p. 27) &#8220;&#8230; La nativa potenza comacina preserv\u00f2 Enrico Butti da eccessivi cadimenti impressionistici&#8230;&#8221;. \u00c8 una delle prove in assoluto pi\u00f9 felici dell\u2019artista, che conferma la sua inclinazione pi\u00f9 per lavori di vasto impianto plastico che per sottigliezze espressive. Da questo bozzetto furono tratte varie fusioni, disperse in molte collezioni private.<\/p>\n            <\/div>        <\/div>    <\/div><\/section>\n<section class=\"av_toggle_section\"  itemscope=\"itemscope\" itemtype=\"https:\/\/schema.org\/CreativeWork\"  >    <div class=\"single_toggle\" data-tags=\"{Tutto} \"  >        <p data-fake-id=\"#toggle-id-3\" class=\"toggler \"  itemprop=\"headline\"   >Esposizioni<span class=\"toggle_icon\" >        <span class=\"vert_icon\"><\/span><span class=\"hor_icon\"><\/span><\/span><\/p>        <div id=\"toggle-id-3-container\" class=\"toggle_wrap \"  >            <div class=\"toggle_content invers-color \"  itemprop=\"text\"   ><ul>\n<li>Padova, Salone del Palazzo della ragione, Scolpire gli eroi, 20\/04-26\/06\/2011<\/li>\n<\/ul>\n            <\/div>        <\/div>    <\/div><\/section>\n<section class=\"av_toggle_section\"  itemscope=\"itemscope\" itemtype=\"https:\/\/schema.org\/CreativeWork\"  >    <div class=\"single_toggle\" data-tags=\"{Tutto} \"  >        <p data-fake-id=\"#toggle-id-4\" class=\"toggler \"  itemprop=\"headline\"   >Bibliografia<span class=\"toggle_icon\" >        <span class=\"vert_icon\"><\/span><span class=\"hor_icon\"><\/span><\/span><\/p>        <div id=\"toggle-id-4-container\" class=\"toggle_wrap \"  >            <div class=\"toggle_content invers-color \"  itemprop=\"text\"   ><p>V. G. (Grubicy) 1891, p. LIII \/ III. It. 12-6-1892, p. 370 \/ Nat. e Arte 15-6-1892, p. 199 \/ Grubicy 1892, s.p. \/ Caravatti 1925, p. 60 \/ Ongaro 1927, p. 5 \/ Prealp. III. 2-10-1927, pp. 3-4 \/ Simoni 1927, tavv. LII, LIII \/ Ferrari 1928, p 3 \/ Carr\u00e0 1929, p. 3 \/ Accetti 19322, p. 11\/ Bonardi 1932, p. 3 \/ Carr\u00e0 1932, p. 3 \/ Riv. Vig. 31-1-1932, p. 3 \/ Costantini 1932, p. 113 \/ Riv. Vig. 5-6-1932, p. 1 \/ Vigezzi 1932, pp. 31, 82 \/ Ojetti-Dami 1933, p. 239 \/ Accetti 1938, n. 28 \/ Costantini 1940, pp. 80, 464 \/ Piatti 1942, p. 66 \/ Bessone-Aurelj 1947, p. 105 \/ Nicodemi 1949, p. 183 \/ Sapori 1949, p. 443 \/ Vollmer 1953, p. 367 \/ Thieme-B ecker, p. 305 \/ Caramel 1972, p. 617 \/ Poggialini Tominetti-Bossaglia 1979, p. 87 \/ Gualdoni 1982, cfr. n. 10 \/ La citt\u00e0 1995, p. 334 \/ Fascino 2011,  p. 66-7, 196 \/ Scolpire 2011, p. 106-7.<\/p>\n            <\/div>        <\/div>    <\/div><\/section>\n<\/div><br \/>\n<div  class='hr hr-default   avia-builder-el-6  el_after_av_toggle_container  el_before_av_textblock '><span class='hr-inner ' ><span class='hr-inner-style'><\/span><\/span><\/div><br \/>\n<section class=\"av_textblock_section \"  itemscope=\"itemscope\" itemtype=\"https:\/\/schema.org\/CreativeWork\" ><div class='avia_textblock  av_inherit_color '  style='color:#000000; '  itemprop=\"text\" ><p>Altre immagini dell&#8217;opera<\/p>\n<\/div><\/section><br \/>\n<div class='avia-gallery  avia-gallery-1 avia_lazyload avia-gallery-animate avia_animate_when_visible  avia-builder-el-8  el_after_av_textblock  avia-builder-el-last  '  itemprop=\"image\" itemscope=\"itemscope\" itemtype=\"https:\/\/schema.org\/ImageObject\" ><div class='avia-gallery-thumb'> <a href='https:\/\/www.museiciviciviggiutesi.com\/wp-content\/uploads\/2019\/11\/P5160035-1030x772-1030x772.jpg' data-rel='gallery-1' data-prev-img='https:\/\/www.museiciviciviggiutesi.com\/wp-content\/uploads\/2019\/11\/P5160035-1030x772-495x400.jpg' class='first_thumb lightbox ' data-onclick='1' title='OLYMPUS DIGITAL CAMERA'  itemprop=\"thumbnailUrl\" ><img data-avia-tooltip='OLYMPUS DIGITAL CAMERA' src='https:\/\/www.museiciviciviggiutesi.com\/wp-content\/uploads\/2019\/11\/P5160035-1030x772-450x337.jpg' width='450' height='337'  title='OLYMPUS DIGITAL CAMERA' alt='' \/><\/a> <a href='https:\/\/www.museiciviciviggiutesi.com\/wp-content\/uploads\/2019\/11\/P51600321-1030x772-1030x772.jpg' data-rel='gallery-1' data-prev-img='https:\/\/www.museiciviciviggiutesi.com\/wp-content\/uploads\/2019\/11\/P51600321-1030x772-495x400.jpg' class='lightbox ' data-onclick='2' title='OLYMPUS DIGITAL CAMERA'  itemprop=\"thumbnailUrl\" ><img data-avia-tooltip='OLYMPUS DIGITAL CAMERA' src='https:\/\/www.museiciviciviggiutesi.com\/wp-content\/uploads\/2019\/11\/P51600321-1030x772-450x337.jpg' width='450' height='337'  title='OLYMPUS DIGITAL CAMERA' alt='' \/><\/a> <a href='https:\/\/www.museiciviciviggiutesi.com\/wp-content\/uploads\/2019\/11\/Sirtori.jpg' data-rel='gallery-1' data-prev-img='https:\/\/www.museiciviciviggiutesi.com\/wp-content\/uploads\/2019\/11\/Sirtori-385x400.jpg' class='lightbox ' data-onclick='3' title=''  itemprop=\"thumbnailUrl\" ><img  src='https:\/\/www.museiciviciviggiutesi.com\/wp-content\/uploads\/2019\/11\/Sirtori.jpg' width='385' height='615'  title='Sirtori' alt='' \/><\/a> <a href='https:\/\/www.museiciviciviggiutesi.com\/wp-content\/uploads\/2019\/11\/SIRTORI-31-ottobre-1979-786x1030-786x1030.jpg' data-rel='gallery-1' data-prev-img='https:\/\/www.museiciviciviggiutesi.com\/wp-content\/uploads\/2019\/11\/SIRTORI-31-ottobre-1979-786x1030-495x400.jpg' class='lightbox ' data-onclick='4' title=''  itemprop=\"thumbnailUrl\" ><img  src='https:\/\/www.museiciviciviggiutesi.com\/wp-content\/uploads\/2019\/11\/SIRTORI-31-ottobre-1979-786x1030-450x590.jpg' width='450' height='590'  title='SIRTORI-31-ottobre-1979-786x1030' alt='' \/><\/a> <a href='https:\/\/www.museiciviciviggiutesi.com\/wp-content\/uploads\/2019\/11\/SIRTORI-Fine-800.jpg' data-rel='gallery-1' data-prev-img='https:\/\/www.museiciviciviggiutesi.com\/wp-content\/uploads\/2019\/11\/SIRTORI-Fine-800-495x315.jpg' class='lightbox ' data-onclick='5' title=''  itemprop=\"thumbnailUrl\" ><img  src='https:\/\/www.museiciviciviggiutesi.com\/wp-content\/uploads\/2019\/11\/SIRTORI-Fine-800-450x286.jpg' width='450' height='286'  title='SIRTORI-Fine-800' alt='' \/><\/a> <a href='https:\/\/www.museiciviciviggiutesi.com\/wp-content\/uploads\/2019\/11\/sirtoririt-788x1030-788x1030.jpg' data-rel='gallery-1' data-prev-img='https:\/\/www.museiciviciviggiutesi.com\/wp-content\/uploads\/2019\/11\/sirtoririt-788x1030-495x400.jpg' class='first_thumb lightbox ' data-onclick='6' title=''  itemprop=\"thumbnailUrl\" ><img  src='https:\/\/www.museiciviciviggiutesi.com\/wp-content\/uploads\/2019\/11\/sirtoririt-788x1030-450x588.jpg' width='450' height='588'  title='sirtoririt-788x1030' alt='' \/><\/a> <a href='https:\/\/www.museiciviciviggiutesi.com\/wp-content\/uploads\/2019\/11\/Milano-Giardini-Sirtori_-di-Giovanni-DallOrto.jpg' data-rel='gallery-1' data-prev-img='https:\/\/www.museiciviciviggiutesi.com\/wp-content\/uploads\/2019\/11\/Milano-Giardini-Sirtori_-di-Giovanni-DallOrto-495x400.jpg' class='lightbox ' data-onclick='7' title=''  itemprop=\"thumbnailUrl\" ><img  src='https:\/\/www.museiciviciviggiutesi.com\/wp-content\/uploads\/2019\/11\/Milano-Giardini-Sirtori_-di-Giovanni-DallOrto-450x293.jpg' width='450' height='293'  title='Milano-Giardini-Sirtori_-di-Giovanni-DallOrto' alt='' \/><\/a> <a href='https:\/\/www.museiciviciviggiutesi.com\/wp-content\/uploads\/2019\/11\/P5160031-1030x772-1030x772.jpg' data-rel='gallery-1' data-prev-img='https:\/\/www.museiciviciviggiutesi.com\/wp-content\/uploads\/2019\/11\/P5160031-1030x772-495x400.jpg' class='lightbox ' data-onclick='8' title='OLYMPUS DIGITAL CAMERA'  itemprop=\"thumbnailUrl\" ><img data-avia-tooltip='OLYMPUS DIGITAL CAMERA' src='https:\/\/www.museiciviciviggiutesi.com\/wp-content\/uploads\/2019\/11\/P5160031-1030x772-450x337.jpg' width='450' height='337'  title='OLYMPUS DIGITAL CAMERA' alt='' \/><\/a> <a href='https:\/\/www.museiciviciviggiutesi.com\/wp-content\/uploads\/2019\/11\/P5160032-1030x772-1030x772.jpg' data-rel='gallery-1' data-prev-img='https:\/\/www.museiciviciviggiutesi.com\/wp-content\/uploads\/2019\/11\/P5160032-1030x772-495x400.jpg' class='lightbox ' data-onclick='9' title='OLYMPUS DIGITAL CAMERA'  itemprop=\"thumbnailUrl\" ><img data-avia-tooltip='OLYMPUS DIGITAL CAMERA' src='https:\/\/www.museiciviciviggiutesi.com\/wp-content\/uploads\/2019\/11\/P5160032-1030x772-450x337.jpg' width='450' height='337'  title='OLYMPUS DIGITAL CAMERA' alt='' \/><\/a> <a href='https:\/\/www.museiciviciviggiutesi.com\/wp-content\/uploads\/2019\/11\/P5160034-1030x772-1030x772.jpg' data-rel='gallery-1' data-prev-img='https:\/\/www.museiciviciviggiutesi.com\/wp-content\/uploads\/2019\/11\/P5160034-1030x772-495x400.jpg' class='lightbox ' data-onclick='10' title='OLYMPUS DIGITAL CAMERA'  itemprop=\"thumbnailUrl\" ><img data-avia-tooltip='OLYMPUS DIGITAL CAMERA' src='https:\/\/www.museiciviciviggiutesi.com\/wp-content\/uploads\/2019\/11\/P5160034-1030x772-450x337.jpg' width='450' height='337'  title='OLYMPUS DIGITAL CAMERA' alt='' \/><\/a><\/div><\/div><\/p><\/div><\/div><\/div><\/div><!-- close content main div --><\/div><\/div><div id='av_section_1' class='avia-section main_color avia-section-default avia-shadow avia-bg-style-scroll  avia-builder-el-9  el_after_av_one_third  avia-builder-el-last    container_wrap sidebar_right' style='background-color: #f8f8f8;  '  ><div class='container' ><div class='template-page content  av-content-small alpha units'><div class='post-entry post-entry-type-page post-entry-590'><div class='entry-content-wrapper clearfix'>\n<div style='padding-bottom:10px; ' class='av-special-heading av-special-heading-h3  blockquote classic-quote  avia-builder-el-10  el_before_av_hr  avia-builder-el-first   '><h3 class='av-special-heading-tag '  itemprop=\"headline\"  >Altre opere di Enrico Butti<\/h3><div class='special-heading-border'><div class='special-heading-inner-border' ><\/div><\/div><\/div>\n<div  class='hr hr-short hr-center   avia-builder-el-11  el_after_av_heading  el_before_av_portfolio  avia-builder-el-last  '><span class='hr-inner ' ><span class='hr-inner-style'><\/span><\/span><\/div>\n<div class=' grid-sort-container isotope   no_margin-container with-title-container grid-total-even grid-col-4 grid-links-' data-portfolio-id='1'><div data-ajax-id='608' class=' grid-entry flex_column isotope-item all_sort no_margin post-entry post-entry-608 grid-entry-overview grid-loop-1 grid-parity-odd  museo-enrico-butti_sort  av_one_fourth first default_av_fullwidth '><article class='main_color inner-entry'  itemscope=\"itemscope\" itemtype=\"https:\/\/schema.org\/CreativeWork\" ><a href='http:\/\/www.museiciviciviggiutesi.com\/?page_id=623' title='Stizze, Enrico Butti'  data-rel='grid-1' class='grid-image avia-hover-fx'><img loading=\"lazy\" decoding=\"async\" width=\"260\" height=\"185\" src=\"https:\/\/www.museiciviciviggiutesi.com\/wp-content\/uploads\/2019\/11\/stizze2-260x185.jpg\" class=\"attachment-portfolio_small size-portfolio_small wp-post-image\" alt=\"\" \/><\/a><div class='grid-content'><div class='avia-arrow'><\/div><header class=\"entry-content-header\"><h3 class='grid-entry-title entry-title '  itemprop=\"headline\" >Stizze, Enrico Butti<\/h3><\/header><\/div><footer class=\"entry-footer\"><\/footer><\/article><\/div><div data-ajax-id='604' class=' grid-entry flex_column isotope-item all_sort no_margin post-entry post-entry-604 grid-entry-overview grid-loop-2 grid-parity-even  museo-enrico-butti_sort  av_one_fourth  default_av_fullwidth '><article class='main_color inner-entry'  itemscope=\"itemscope\" itemtype=\"https:\/\/schema.org\/CreativeWork\" ><a href='http:\/\/www.museiciviciviggiutesi.com\/?page_id=531' title='Il Tempo, Enrico Butti'  data-rel='grid-1' class='grid-image avia-hover-fx'><img loading=\"lazy\" decoding=\"async\" width=\"260\" height=\"185\" src=\"https:\/\/www.museiciviciviggiutesi.com\/wp-content\/uploads\/2019\/11\/il-tempo-p2-260x185.jpg\" class=\"attachment-portfolio_small size-portfolio_small wp-post-image\" alt=\"\" srcset=\"https:\/\/www.museiciviciviggiutesi.com\/wp-content\/uploads\/2019\/11\/il-tempo-p2-260x185.jpg 260w, https:\/\/www.museiciviciviggiutesi.com\/wp-content\/uploads\/2019\/11\/il-tempo-p2-450x321.jpg 450w\" sizes=\"auto, (max-width: 260px) 100vw, 260px\" \/><\/a><div class='grid-content'><div class='avia-arrow'><\/div><header class=\"entry-content-header\"><h3 class='grid-entry-title entry-title '  itemprop=\"headline\" >Il Tempo, Enrico Butti<\/h3><\/header><\/div><footer class=\"entry-footer\"><\/footer><\/article><\/div><div data-ajax-id='602' class=' grid-entry flex_column isotope-item all_sort no_margin post-entry post-entry-602 grid-entry-overview grid-loop-3 grid-parity-odd  museo-enrico-butti_sort  av_one_fourth  default_av_fullwidth '><article class='main_color inner-entry'  itemscope=\"itemscope\" itemtype=\"https:\/\/schema.org\/CreativeWork\" ><a href='http:\/\/www.museiciviciviggiutesi.com\/?page_id=494' title='Cristo crocefisso, Enrico Butti'  data-rel='grid-1' class='grid-image avia-hover-fx'><img loading=\"lazy\" decoding=\"async\" width=\"260\" height=\"185\" src=\"https:\/\/www.museiciviciviggiutesi.com\/wp-content\/uploads\/2019\/11\/crocifisso-p1-260x185.jpg\" class=\"attachment-portfolio_small size-portfolio_small wp-post-image\" alt=\"\" srcset=\"https:\/\/www.museiciviciviggiutesi.com\/wp-content\/uploads\/2019\/11\/crocifisso-p1-260x185.jpg 260w, https:\/\/www.museiciviciviggiutesi.com\/wp-content\/uploads\/2019\/11\/crocifisso-p1-450x321.jpg 450w\" sizes=\"auto, (max-width: 260px) 100vw, 260px\" \/><\/a><div class='grid-content'><div class='avia-arrow'><\/div><header class=\"entry-content-header\"><h3 class='grid-entry-title entry-title '  itemprop=\"headline\" >Cristo crocefisso, Enrico Butti<\/h3><\/header><\/div><footer class=\"entry-footer\"><\/footer><\/article><\/div><div data-ajax-id='595' class=' grid-entry flex_column isotope-item all_sort no_margin post-entry post-entry-595 grid-entry-overview grid-loop-4 grid-parity-even  post-entry-last  museo-enrico-butti_sort  av_one_fourth  default_av_fullwidth '><article class='main_color inner-entry'  itemscope=\"itemscope\" itemtype=\"https:\/\/schema.org\/CreativeWork\" ><a href='http:\/\/www.museiciviciviggiutesi.com\/?page_id=511' title='Il Minatore, Enrico Butti'  data-rel='grid-1' class='grid-image avia-hover-fx'><img loading=\"lazy\" decoding=\"async\" width=\"260\" height=\"185\" src=\"https:\/\/www.museiciviciviggiutesi.com\/wp-content\/uploads\/2019\/11\/minatore-p2-1.jpg\" class=\"attachment-portfolio_small size-portfolio_small wp-post-image\" alt=\"\" \/><\/a><div class='grid-content'><div class='avia-arrow'><\/div><header class=\"entry-content-header\"><h3 class='grid-entry-title entry-title '  itemprop=\"headline\" >Il Minatore, Enrico Butti<\/h3><\/header><\/div><footer class=\"entry-footer\"><\/footer><\/article><\/div><\/div>\n<\/div><\/div><\/div><!-- close content main div --><\/div><\/div><div id='after_section_1' class='main_color av_default_container_wrap container_wrap sidebar_right' style=' '  ><div class='container' ><div class='template-page content  av-content-small alpha units'><div class='post-entry post-entry-type-page post-entry-590'><div class='entry-content-wrapper clearfix'><\/p>\n","protected":false},"excerpt":{"rendered":"","protected":false},"author":1,"featured_media":0,"parent":0,"menu_order":0,"comment_status":"closed","ping_status":"closed","template":"","meta":{"footnotes":""},"class_list":["post-590","page","type-page","status-publish","hentry"],"_links":{"self":[{"href":"https:\/\/www.museiciviciviggiutesi.com\/index.php?rest_route=\/wp\/v2\/pages\/590","targetHints":{"allow":["GET"]}}],"collection":[{"href":"https:\/\/www.museiciviciviggiutesi.com\/index.php?rest_route=\/wp\/v2\/pages"}],"about":[{"href":"https:\/\/www.museiciviciviggiutesi.com\/index.php?rest_route=\/wp\/v2\/types\/page"}],"author":[{"embeddable":true,"href":"https:\/\/www.museiciviciviggiutesi.com\/index.php?rest_route=\/wp\/v2\/users\/1"}],"replies":[{"embeddable":true,"href":"https:\/\/www.museiciviciviggiutesi.com\/index.php?rest_route=%2Fwp%2Fv2%2Fcomments&post=590"}],"version-history":[{"count":5,"href":"https:\/\/www.museiciviciviggiutesi.com\/index.php?rest_route=\/wp\/v2\/pages\/590\/revisions"}],"predecessor-version":[{"id":1500,"href":"https:\/\/www.museiciviciviggiutesi.com\/index.php?rest_route=\/wp\/v2\/pages\/590\/revisions\/1500"}],"wp:attachment":[{"href":"https:\/\/www.museiciviciviggiutesi.com\/index.php?rest_route=%2Fwp%2Fv2%2Fmedia&parent=590"}],"curies":[{"name":"wp","href":"https:\/\/api.w.org\/{rel}","templated":true}]}}