{"id":619,"date":"2019-11-19T11:09:16","date_gmt":"2019-11-19T10:09:16","guid":{"rendered":"http:\/\/www.museiciviciviggiutesi.com\/?page_id=619"},"modified":"2019-11-26T17:24:24","modified_gmt":"2019-11-26T16:24:24","slug":"santa-rosa-da-lima","status":"publish","type":"page","link":"https:\/\/www.museiciviciviggiutesi.com\/?page_id=619","title":{"rendered":"Santa Rosa da Lima"},"content":{"rendered":"<div class=\"flex_column av_two_third  flex_column_div av-zero-column-padding first  avia-builder-el-0  el_before_av_one_third  avia-builder-el-first  \" style='border-radius:0px; '><p><div class='avia-button-wrap avia-button-left  avia-builder-el-1  el_before_av_slideshow  avia-builder-el-first  '><a href='https:\/\/www.museiciviciviggiutesi.com\/?page_id=490'  class='avia-button   avia-icon_select-yes-left-icon avia-color-custom avia-size-small avia-position-left '  style='background-color:#c73a21; border-color:#c73a21; color:#ffffff; ' ><span class='avia_button_icon avia_button_icon_left ' aria-hidden='true' data-av_icon='\ue893' data-av_iconfont='entypo-fontello'><\/span><span class='avia_iconbox_title' >Torna alla lista delle opere<\/span><\/a><\/div><br \/>\n<div  data-size='no scaling'  data-lightbox_size='large'  data-animation='fade'  data-conditional_play=''  data-ids='751,752'  data-video_counter='0'  data-autoplay='true'  data-bg_slider='false'  data-slide_height=''  data-handle='av_slideshow'  data-interval='5'  data-class=' avia-builder-el-2  el_after_av_button  avia-builder-el-last   '  data-css_id=''  data-scroll_down=''  data-control_layout='av-control-default'  data-custom_markup=''  data-perma_caption=''  data-autoplay_stopper=''  data-image_attachment=''  data-min_height='0px'  class='avia-slideshow avia-slideshow-1  av-control-default av-default-height-applied avia-slideshow-no scaling av_slideshow  avia-builder-el-2  el_after_av_button  avia-builder-el-last    avia-fade-slider '  itemprop=\"image\" itemscope=\"itemscope\" itemtype=\"https:\/\/schema.org\/ImageObject\" ><ul class='avia-slideshow-inner ' style='padding-bottom: 110.49723756906%;' ><li  class=' slide-1 ' ><div data-rel='slideshow-1' class='avia-slide-wrap '   ><img src='https:\/\/www.museiciviciviggiutesi.com\/wp-content\/uploads\/2019\/11\/santa-rosa-da-lima1.jpg' width='543' height='600' title='santa-rosa-da-lima1' alt=''  itemprop=\"thumbnailUrl\"   \/><\/div><\/li><li  class=' slide-2 ' ><div data-rel='slideshow-1' class='avia-slide-wrap '   ><img src='https:\/\/www.museiciviciviggiutesi.com\/wp-content\/uploads\/2019\/11\/santa-rosa-da-lima21.jpg' width='543' height='600' title='santa-rosa-da-lima21' alt=''  itemprop=\"thumbnailUrl\"   \/><\/div><\/li><\/ul><div class='avia-slideshow-arrows avia-slideshow-controls'><a href='#prev' class='prev-slide' aria-hidden='true' data-av_icon='\ue87c' data-av_iconfont='entypo-fontello'>Anteriore<\/a><a href='#next' class='next-slide' aria-hidden='true' data-av_icon='\ue87d' data-av_iconfont='entypo-fontello'>Posteriore<\/a><\/div><div class='avia-slideshow-dots avia-slideshow-controls'><a href='#1' class='goto-slide active' >1<\/a><a href='#2' class='goto-slide ' >2<\/a><\/div><\/div><\/p><\/div>\n<div class=\"flex_column av_one_third  flex_column_div av-zero-column-padding   avia-builder-el-3  el_after_av_two_third  el_before_av_section  avia-builder-el-last  \" style='border-radius:0px; '><section class=\"av_textblock_section \"  itemscope=\"itemscope\" itemtype=\"https:\/\/schema.org\/CreativeWork\" ><div class='avia_textblock  '   itemprop=\"text\" ><h3><strong>Santa Rosa da Lima<\/strong><\/h3>\n<p><strong>Artista:\u00a0<\/strong><span id=\"OBJ_PREFIX_DWT713_com_zimbra_url\" class=\"Object\" role=\"link\"><span id=\"OBJ_PREFIX_DWT721_com_zimbra_url\" class=\"Object\" role=\"link\"><a href=\"http:\/\/www.museiciviciviggiutesi.com\/?page_id=453\" target=\"_blank\" rel=\"nofollow noopener noreferrer\">Enrico Butti<\/a><\/span><\/span><br \/>\n<strong>Anno di realizzazione:<\/strong>\u00a01887-1888<\/p>\n<p><strong>Soggetto:<\/strong>\u00a0Soggetto sacro<br \/>\n<strong>Collocazione:<\/strong>\u00a0Milano, Duomo, gugliotto Ovest<\/p>\n<\/div><\/section><br \/>\n<div class=\"togglecontainer   toggle_close_all  avia-builder-el-5  el_after_av_textblock  el_before_av_hr  \" >\n<section class=\"av_toggle_section\"  itemscope=\"itemscope\" itemtype=\"https:\/\/schema.org\/CreativeWork\"  >    <div class=\"single_toggle\" data-tags=\"{Tutto} \"  >        <p data-fake-id=\"#toggle-id-1\" class=\"toggler \"  itemprop=\"headline\"   >Dati tecnici<span class=\"toggle_icon\" >        <span class=\"vert_icon\"><\/span><span class=\"hor_icon\"><\/span><\/span><\/p>        <div id=\"toggle-id-1-container\" class=\"toggle_wrap \"  >            <div class=\"toggle_content invers-color \"  itemprop=\"text\"   ><p><strong>Tecnica:\u00a0<\/strong>Scultura a tutto tondo<br \/>\n<strong>Materiale:<\/strong>\u00a0Gesso<\/p>\n<p><strong>Dimensioni:<\/strong>\u00a0142x49x47<br \/>\n<strong>Stato:<\/strong>\u00a0Ottimo<\/p>\n<p><strong>Nel museo:<\/strong>\u00a0Si<\/p>\n            <\/div>        <\/div>    <\/div><\/section>\n<section class=\"av_toggle_section\"  itemscope=\"itemscope\" itemtype=\"https:\/\/schema.org\/CreativeWork\"  >    <div class=\"single_toggle\" data-tags=\"{Tutto} \"  >        <p data-fake-id=\"#toggle-id-2\" class=\"toggler \"  itemprop=\"headline\"   >Descrizione<span class=\"toggle_icon\" >        <span class=\"vert_icon\"><\/span><span class=\"hor_icon\"><\/span><\/span><\/p>        <div id=\"toggle-id-2-container\" class=\"toggle_wrap \"  >            <div class=\"toggle_content invers-color \"  itemprop=\"text\"   ><p>La datazione di quest&#8217;opera, destinata a un gugliotto di Nord-Ovest del Duomo di Milano, \u00e8 sempre stata oscillante tra il 1876 e il 1888. Entrambi gli anni, in effetti, hanno a che fare con la sua esecuzione, come puntualmente testimonia il Nebbia (1908, pp. 237-238). Nel 1876 il Butti figura nel gruppo di artisti (Grandi, Martegani, Pandiani, Pagani, Bernasconi e altri) cui vengono commissionate alcune sculture per l&#8217;esterno del Duomo, in seguito a un vasto progetto che gi\u00e0 nel 1865-69 aveva coinvolto Barzaghi, Tabacchi, Martegani, Grandi. La collocazione delle opere avvenne per\u00f2 solo nel 1888, tanto che si possono ipotizzare slittamenti anche nell&#8217;esecuzione: com&#8217;\u00e8 normale, d&#8217;altronde, in quasi tutte le sculture di destinazione architettonica, i cui tempi sono dipendenti da quelli del cantiere. Purtroppo i caratteri stilistici del lavoro, abbastanza modesto e di repertorio \u2014 anche se non privo di qualche fresca soluzione \u2014 non sono di grande aiuto a una datazione pi\u00f9 precisa. Il forte volume e il panneggio molto corsivo fanno tuttavia propendere per una datazione tarda, vicina alla data di collocazione: gli anni 1876-78 sono quelli di prove come &#8220;Il falconiere&#8221; e &#8220;Agiatezza perduta&#8221;, di ben differente formulazione. Per curiosit\u00e0 va ricordato che, in seguito, il Butti avr\u00e0 altri rapporti con i lavori del Duomo: nel 1895 sar\u00e0 membro della giuria del concorso per la Porta Maggiore.<\/p>\n            <\/div>        <\/div>    <\/div><\/section>\n<section class=\"av_toggle_section\"  itemscope=\"itemscope\" itemtype=\"https:\/\/schema.org\/CreativeWork\"  >    <div class=\"single_toggle\" data-tags=\"{Tutto} \"  >        <p data-fake-id=\"#toggle-id-3\" class=\"toggler \"  itemprop=\"headline\"   >Bibliografia<span class=\"toggle_icon\" >        <span class=\"vert_icon\"><\/span><span class=\"hor_icon\"><\/span><\/span><\/p>        <div id=\"toggle-id-3-container\" class=\"toggle_wrap \"  >            <div class=\"toggle_content invers-color \"  itemprop=\"text\"   ><p>Nebbia 1908, pp. 237-238 \/ Ongaro 1927, p. 5 \/ Prealp. Ill. <span id=\"OBJ_PREFIX_DWT715_com_zimbra_date\" class=\"Object\" role=\"link\"><span id=\"OBJ_PREFIX_DWT723_com_zimbra_date\" class=\"Object\" role=\"link\">2-10-1927<\/span><\/span>, p. 2 \/ Simoni 1927, tav. XII \/ Carr\u00e0 1929, p. 3 \/ Carr\u00e0 1932, p. 3 \/ Riv. Vig. <span id=\"OBJ_PREFIX_DWT716_com_zimbra_date\" class=\"Object\" role=\"link\"><span id=\"OBJ_PREFIX_DWT724_com_zimbra_date\" class=\"Object\" role=\"link\">31-1-1932<\/span><\/span>, p. 4 \/ Accetti 1938, n. 10 \/ Costantini 1940, p. 464 \/ Bessone-Aurelj 1947, p. 105 \/ Sapori 1949, p. 160, 443 \/ Lavagnino 1956, p. 644 \/ Mele 1960, p. 129 \/ Thieme-Becker, p. 306 \/ Piceni-Cinotti 1962, p. 607 \/ Caramel 1972, p. 617 \/ Poggialini Tominetti-Bossaglia 1979. p. 87 \u00a0\/ Gualdoni 1982, cfr. n. 8 \/ La citt\u00e0 1995, p. 337.<\/p>\n            <\/div>        <\/div>    <\/div><\/section>\n<\/div><br \/>\n<div  class='hr hr-default   avia-builder-el-6  el_after_av_toggle_container  el_before_av_textblock '><span class='hr-inner ' ><span class='hr-inner-style'><\/span><\/span><\/div><br \/>\n<section class=\"av_textblock_section \"  itemscope=\"itemscope\" itemtype=\"https:\/\/schema.org\/CreativeWork\" ><div class='avia_textblock  av_inherit_color '  style='color:#000000; '  itemprop=\"text\" ><p>Altre immagini dell&#8217;opera<\/p>\n<\/div><\/section><br \/>\n<div class='avia-gallery  avia-gallery-1 avia_lazyload avia-gallery-animate avia_animate_when_visible  avia-builder-el-8  el_after_av_textblock  avia-builder-el-last  '  itemprop=\"image\" itemscope=\"itemscope\" itemtype=\"https:\/\/schema.org\/ImageObject\" ><div class='avia-gallery-thumb'> <a href='https:\/\/www.museiciviciviggiutesi.com\/wp-content\/uploads\/2019\/11\/srosalima-772x1030-772x1030.jpg' data-rel='gallery-1' data-prev-img='https:\/\/www.museiciviciviggiutesi.com\/wp-content\/uploads\/2019\/11\/srosalima-772x1030-495x400.jpg' class='first_thumb lightbox ' data-onclick='1' title=''  itemprop=\"thumbnailUrl\" ><img  src='https:\/\/www.museiciviciviggiutesi.com\/wp-content\/uploads\/2019\/11\/srosalima-772x1030-450x600.jpg' width='450' height='600'  title='srosalima-772x1030' alt='' \/><\/a><\/div><\/div><\/p><\/div><\/div><\/div><\/div><!-- close content main div --><\/div><\/div><div id='av_section_1' class='avia-section main_color avia-section-default avia-shadow avia-bg-style-scroll  avia-builder-el-9  el_after_av_one_third  avia-builder-el-last    container_wrap sidebar_right' style='background-color: #f8f8f8;  '  ><div class='container' ><div class='template-page content  av-content-small alpha units'><div class='post-entry post-entry-type-page post-entry-619'><div class='entry-content-wrapper clearfix'>\n<div style='padding-bottom:10px; font-size:26px;' class='av-special-heading av-special-heading-h3  blockquote classic-quote  avia-builder-el-10  el_before_av_hr  avia-builder-el-first   av-inherit-size '><h3 class='av-special-heading-tag '  itemprop=\"headline\"  >Altre opere di Enrico Butti<\/h3><div class='special-heading-border'><div class='special-heading-inner-border' ><\/div><\/div><\/div>\n<div  class='hr hr-short hr-center   avia-builder-el-11  el_after_av_heading  el_before_av_portfolio  avia-builder-el-last  '><span class='hr-inner ' ><span class='hr-inner-style'><\/span><\/span><\/div>\n<div class=' grid-sort-container isotope   no_margin-container with-excerpt-container grid-total-even grid-col-4 grid-links-' data-portfolio-id='1'><div data-ajax-id='608' class=' grid-entry flex_column isotope-item all_sort no_margin post-entry post-entry-608 grid-entry-overview grid-loop-1 grid-parity-odd  museo-enrico-butti_sort  av_one_fourth first default_av_fullwidth '><article class='main_color inner-entry'  itemscope=\"itemscope\" itemtype=\"https:\/\/schema.org\/CreativeWork\" ><a href='http:\/\/www.museiciviciviggiutesi.com\/?page_id=623' title='Stizze, Enrico Butti'  data-rel='grid-1' class='grid-image avia-hover-fx'><img loading=\"lazy\" decoding=\"async\" width=\"260\" height=\"185\" src=\"https:\/\/www.museiciviciviggiutesi.com\/wp-content\/uploads\/2019\/11\/stizze2-260x185.jpg\" class=\"attachment-portfolio_small size-portfolio_small wp-post-image\" alt=\"\" \/><\/a><div class='grid-content'><div class='avia-arrow'><\/div><header class=\"entry-content-header\"><h3 class='grid-entry-title entry-title '  itemprop=\"headline\" >Stizze, Enrico Butti<\/h3><\/header><\/div><footer class=\"entry-footer\"><\/footer><\/article><\/div><div data-ajax-id='604' class=' grid-entry flex_column isotope-item all_sort no_margin post-entry post-entry-604 grid-entry-overview grid-loop-2 grid-parity-even  museo-enrico-butti_sort  av_one_fourth  default_av_fullwidth '><article class='main_color inner-entry'  itemscope=\"itemscope\" itemtype=\"https:\/\/schema.org\/CreativeWork\" ><a href='http:\/\/www.museiciviciviggiutesi.com\/?page_id=531' title='Il Tempo, Enrico Butti'  data-rel='grid-1' class='grid-image avia-hover-fx'><img loading=\"lazy\" decoding=\"async\" width=\"260\" height=\"185\" src=\"https:\/\/www.museiciviciviggiutesi.com\/wp-content\/uploads\/2019\/11\/il-tempo-p2-260x185.jpg\" class=\"attachment-portfolio_small size-portfolio_small wp-post-image\" alt=\"\" srcset=\"https:\/\/www.museiciviciviggiutesi.com\/wp-content\/uploads\/2019\/11\/il-tempo-p2-260x185.jpg 260w, https:\/\/www.museiciviciviggiutesi.com\/wp-content\/uploads\/2019\/11\/il-tempo-p2-450x321.jpg 450w\" sizes=\"auto, (max-width: 260px) 100vw, 260px\" \/><\/a><div class='grid-content'><div class='avia-arrow'><\/div><header class=\"entry-content-header\"><h3 class='grid-entry-title entry-title '  itemprop=\"headline\" >Il Tempo, Enrico Butti<\/h3><\/header><\/div><footer class=\"entry-footer\"><\/footer><\/article><\/div><div data-ajax-id='602' class=' grid-entry flex_column isotope-item all_sort no_margin post-entry post-entry-602 grid-entry-overview grid-loop-3 grid-parity-odd  museo-enrico-butti_sort  av_one_fourth  default_av_fullwidth '><article class='main_color inner-entry'  itemscope=\"itemscope\" itemtype=\"https:\/\/schema.org\/CreativeWork\" ><a href='http:\/\/www.museiciviciviggiutesi.com\/?page_id=494' title='Cristo crocefisso, Enrico Butti'  data-rel='grid-1' class='grid-image avia-hover-fx'><img loading=\"lazy\" decoding=\"async\" width=\"260\" height=\"185\" src=\"https:\/\/www.museiciviciviggiutesi.com\/wp-content\/uploads\/2019\/11\/crocifisso-p1-260x185.jpg\" class=\"attachment-portfolio_small size-portfolio_small wp-post-image\" alt=\"\" srcset=\"https:\/\/www.museiciviciviggiutesi.com\/wp-content\/uploads\/2019\/11\/crocifisso-p1-260x185.jpg 260w, https:\/\/www.museiciviciviggiutesi.com\/wp-content\/uploads\/2019\/11\/crocifisso-p1-450x321.jpg 450w\" sizes=\"auto, (max-width: 260px) 100vw, 260px\" \/><\/a><div class='grid-content'><div class='avia-arrow'><\/div><header class=\"entry-content-header\"><h3 class='grid-entry-title entry-title '  itemprop=\"headline\" >Cristo crocefisso, Enrico Butti<\/h3><\/header><\/div><footer class=\"entry-footer\"><\/footer><\/article><\/div><div data-ajax-id='595' class=' grid-entry flex_column isotope-item all_sort no_margin post-entry post-entry-595 grid-entry-overview grid-loop-4 grid-parity-even  post-entry-last  museo-enrico-butti_sort  av_one_fourth  default_av_fullwidth '><article class='main_color inner-entry'  itemscope=\"itemscope\" itemtype=\"https:\/\/schema.org\/CreativeWork\" ><a href='http:\/\/www.museiciviciviggiutesi.com\/?page_id=511' title='Il Minatore, Enrico Butti'  data-rel='grid-1' class='grid-image avia-hover-fx'><img loading=\"lazy\" decoding=\"async\" width=\"260\" height=\"185\" src=\"https:\/\/www.museiciviciviggiutesi.com\/wp-content\/uploads\/2019\/11\/minatore-p2-1.jpg\" class=\"attachment-portfolio_small size-portfolio_small wp-post-image\" alt=\"\" \/><\/a><div class='grid-content'><div class='avia-arrow'><\/div><header class=\"entry-content-header\"><h3 class='grid-entry-title entry-title '  itemprop=\"headline\" >Il Minatore, Enrico Butti<\/h3><\/header><\/div><footer class=\"entry-footer\"><\/footer><\/article><\/div><\/div>\n<\/div><\/div><\/div><!-- close content main div --><\/div><\/div><div id='after_section_1' class='main_color av_default_container_wrap container_wrap sidebar_right' style=' '  ><div class='container' ><div class='template-page content  av-content-small alpha units'><div class='post-entry post-entry-type-page post-entry-619'><div class='entry-content-wrapper clearfix'><\/p>\n","protected":false},"excerpt":{"rendered":"","protected":false},"author":1,"featured_media":0,"parent":0,"menu_order":0,"comment_status":"closed","ping_status":"closed","template":"","meta":{"footnotes":""},"class_list":["post-619","page","type-page","status-publish","hentry"],"_links":{"self":[{"href":"https:\/\/www.museiciviciviggiutesi.com\/index.php?rest_route=\/wp\/v2\/pages\/619","targetHints":{"allow":["GET"]}}],"collection":[{"href":"https:\/\/www.museiciviciviggiutesi.com\/index.php?rest_route=\/wp\/v2\/pages"}],"about":[{"href":"https:\/\/www.museiciviciviggiutesi.com\/index.php?rest_route=\/wp\/v2\/types\/page"}],"author":[{"embeddable":true,"href":"https:\/\/www.museiciviciviggiutesi.com\/index.php?rest_route=\/wp\/v2\/users\/1"}],"replies":[{"embeddable":true,"href":"https:\/\/www.museiciviciviggiutesi.com\/index.php?rest_route=%2Fwp%2Fv2%2Fcomments&post=619"}],"version-history":[{"count":6,"href":"https:\/\/www.museiciviciviggiutesi.com\/index.php?rest_route=\/wp\/v2\/pages\/619\/revisions"}],"predecessor-version":[{"id":1505,"href":"https:\/\/www.museiciviciviggiutesi.com\/index.php?rest_route=\/wp\/v2\/pages\/619\/revisions\/1505"}],"wp:attachment":[{"href":"https:\/\/www.museiciviciviggiutesi.com\/index.php?rest_route=%2Fwp%2Fv2%2Fmedia&parent=619"}],"curies":[{"name":"wp","href":"https:\/\/api.w.org\/{rel}","templated":true}]}}