{"id":659,"date":"2019-11-19T13:11:53","date_gmt":"2019-11-19T12:11:53","guid":{"rendered":"http:\/\/www.museiciviciviggiutesi.com\/?page_id=659"},"modified":"2019-11-22T11:27:35","modified_gmt":"2019-11-22T10:27:35","slug":"ettore-cedraschi","status":"publish","type":"page","link":"https:\/\/www.museiciviciviggiutesi.com\/?page_id=659","title":{"rendered":"Ettore Cedraschi"},"content":{"rendered":"<div class=\"flex_column av_one_full  flex_column_div av-zero-column-padding first  avia-builder-el-0  el_before_av_one_fourth  avia-builder-el-first  \" style='border-radius:0px; '><div style='padding-bottom:10px; font-size:26px;' class='av-special-heading av-special-heading-h3  blockquote modern-quote  avia-builder-el-1  avia-builder-el-no-sibling   av-inherit-size '><h3 class='av-special-heading-tag '  itemprop=\"headline\"  >Ettore Cedraschi<\/h3><div class ='av-subheading av-subheading_below  ' style='font-size:14px;'><p>Viggi\u00f9, 21 Novembre 1909 &#8211; Milano, 19 Dicembre 1996<\/p>\n<\/div><div class='special-heading-border'><div class='special-heading-inner-border' ><\/div><\/div><\/div><\/div><div class=\"flex_column av_one_fourth  flex_column_div av-zero-column-padding first  avia-builder-el-2  el_after_av_one_full  el_before_av_three_fourth  column-top-margin\" style='border-radius:0px; '><div class='avia-image-container avia_animated_image avia_animate_when_almost_visible left-to-right av-styling-    avia-builder-el-3  avia-builder-el-no-sibling   avia-align-center '  itemprop=\"image\" itemscope=\"itemscope\" itemtype=\"https:\/\/schema.org\/ImageObject\"  ><div class='avia-image-container-inner'><div class='avia-image-overlay-wrap'><img class='avia_image' src='https:\/\/www.museiciviciviggiutesi.com\/wp-content\/uploads\/2019\/11\/ettore-cedraschi-1.jpg' alt='' title='ettore-cedraschi' height=\"238\" width=\"172\"  itemprop=\"thumbnailUrl\"  \/><\/div><\/div><\/div><\/div><div class=\"flex_column av_three_fourth  flex_column_div av-zero-column-padding   avia-builder-el-4  el_after_av_one_fourth  el_before_av_one_full  column-top-margin\" style='border-radius:0px; '><section class=\"av_textblock_section \"  itemscope=\"itemscope\" itemtype=\"https:\/\/schema.org\/CreativeWork\" ><div class='avia_textblock  '   itemprop=\"text\" ><p>Il giovane Cedraschi frequenta i corsi serali della Scuola d\u2019Arte Industriale di Viggi\u00f9 e durante il giorno si d\u00e0 da fare nella bottega del padre Pietro, che lo avvia con seriet\u00e0 e passione all\u2019apprendimento del mestiere.<br \/>\nA diciotto anni inizia a lavorare a Milano presso artisti affermati e negli anni Trenta, in societ\u00e0 con i fratelli, apre una bottega artigiana in cui sculture commissionate da altri artisti e dalla Fabbrica del Duomo vengono tradotte in marmo.<\/p>\n<p>Dopo la II Guerra Mondiale riesce ad avviare una piccola attivit\u00e0 parallela, lavorando in un piccolo studio a Milano: solo nel 1960 lascia la collaborazione con i fratelli e, ormai inserito nel contesto milanese, partecipa a numerose mostre collettive alla Permanente.<\/p>\n<p>Della sua vasta produzione, sempre caratterizzata da un tratteggio classico e lineare e dalla compostezza delle forme, si ricordano le opere di genere funerario, i ritratti in bronzo e terracotta, i Monumenti ai Caduti e sette statue per il Duomo: quattro per l\u2019altare di S. Giovanni Bono e, per l\u2019esterno, il S. Nicola di Flue sul fianco destro, il S. Camillo de Lellis per una guglia, il S. Riccardo Pampuri (santo medico e religioso beatificato e canonizzato negli anni Ottanta) sul transetto nord. Oltre a quest\u2019ultima opera, realizza su commissione dei Fatebenefratelli anche la statuetta raffigurante S. Giovanni di Dio che viene donata ai religiosi per il 50\u00b0 di professione.<\/p>\n<\/div><\/section><\/div><div class=\"flex_column av_one_full  flex_column_div av-zero-column-padding first  avia-builder-el-6  el_after_av_three_fourth  avia-builder-el-last  column-top-margin\" style='border-radius:0px; '><p><div  class='hr hr-default   avia-builder-el-7  el_before_av_heading  avia-builder-el-first '><span class='hr-inner ' ><span class='hr-inner-style'><\/span><\/span><\/div><br \/>\n<div style='padding-bottom:10px; font-size:26px;' class='av-special-heading av-special-heading-h3  blockquote classic-quote  avia-builder-el-8  el_after_av_hr  el_before_av_hr   av-inherit-size '><h3 class='av-special-heading-tag '  itemprop=\"headline\"  >Alcune opere presenti al Museo del \u2019900<\/h3><div class='special-heading-border'><div class='special-heading-inner-border' ><\/div><\/div><\/div><br \/>\n<div  class='hr hr-short hr-center   avia-builder-el-9  el_after_av_heading  el_before_av_portfolio  avia-builder-el-last  '><span class='hr-inner ' ><span class='hr-inner-style'><\/span><\/span><\/div><br \/>\n<div class=' grid-sort-container isotope   no_margin-container with-title-container grid-total-even grid-col-4 grid-links-' data-portfolio-id='1'><div data-ajax-id='606' class=' grid-entry flex_column isotope-item all_sort no_margin post-entry post-entry-606 grid-entry-overview grid-loop-1 grid-parity-odd  museo-del-900_sort  av_one_fourth first default_av_fullwidth '><article class='main_color inner-entry'  itemscope=\"itemscope\" itemtype=\"https:\/\/schema.org\/CreativeWork\" ><a href='http:\/\/www.museiciviciviggiutesi.com\/?page_id=734' title='Misticismo, Giacomo Buzzi Reschini'  data-rel='grid-1' class='grid-image avia-hover-fx'><img loading=\"lazy\" decoding=\"async\" width=\"260\" height=\"185\" src=\"https:\/\/www.museiciviciviggiutesi.com\/wp-content\/uploads\/2019\/11\/misticismo-p1-1.jpg\" class=\"attachment-portfolio_small size-portfolio_small wp-post-image\" alt=\"\" \/><\/a><div class='grid-content'><div class='avia-arrow'><\/div><header class=\"entry-content-header\"><h3 class='grid-entry-title entry-title '  itemprop=\"headline\" >Misticismo, Giacomo Buzzi Reschini<\/h3><\/header><\/div><footer class=\"entry-footer\"><\/footer><\/article><\/div><div data-ajax-id='222' class=' grid-entry flex_column isotope-item all_sort no_margin post-entry post-entry-222 grid-entry-overview grid-loop-2 grid-parity-even  museo-del-900_sort  av_one_fourth  default_av_fullwidth '><article class='main_color inner-entry'  itemscope=\"itemscope\" itemtype=\"https:\/\/schema.org\/CreativeWork\" ><a href='http:\/\/www.museiciviciviggiutesi.com\/?page_id=762' title='Autoritratto, Enrico Rusconi'  data-rel='grid-1' class='grid-image avia-hover-fx'><img loading=\"lazy\" decoding=\"async\" width=\"260\" height=\"185\" src=\"https:\/\/www.museiciviciviggiutesi.com\/wp-content\/uploads\/2019\/11\/autoritratto-enrico-rusconi-p-260x185.jpg\" class=\"attachment-portfolio_small size-portfolio_small wp-post-image\" alt=\"\" \/><\/a><div class='grid-content'><div class='avia-arrow'><\/div><header class=\"entry-content-header\"><h3 class='grid-entry-title entry-title '  itemprop=\"headline\" >Autoritratto, Enrico Rusconi<\/h3><\/header><\/div><footer class=\"entry-footer\"><\/footer><\/article><\/div><div data-ajax-id='220' class=' grid-entry flex_column isotope-item all_sort no_margin post-entry post-entry-220 grid-entry-overview grid-loop-3 grid-parity-odd  museo-del-900_sort  av_one_fourth  default_av_fullwidth '><article class='main_color inner-entry'  itemscope=\"itemscope\" itemtype=\"https:\/\/schema.org\/CreativeWork\" ><a href='http:\/\/www.museiciviciviggiutesi.com\/?page_id=749' title='Autoritratto,Vincenzo Catt\u00f2'  data-rel='grid-1' class='grid-image avia-hover-fx'><img loading=\"lazy\" decoding=\"async\" width=\"260\" height=\"185\" src=\"https:\/\/www.museiciviciviggiutesi.com\/wp-content\/uploads\/2019\/11\/autoritratto-vincenzo-catto-p-260x185.jpg\" class=\"attachment-portfolio_small size-portfolio_small wp-post-image\" alt=\"\" \/><\/a><div class='grid-content'><div class='avia-arrow'><\/div><header class=\"entry-content-header\"><h3 class='grid-entry-title entry-title '  itemprop=\"headline\" >Autoritratto,Vincenzo Catt\u00f2<\/h3><\/header><\/div><footer class=\"entry-footer\"><\/footer><\/article><\/div><div data-ajax-id='218' class=' grid-entry flex_column isotope-item all_sort no_margin post-entry post-entry-218 grid-entry-overview grid-loop-4 grid-parity-even  post-entry-last  museo-del-900_sort  av_one_fourth  default_av_fullwidth '><article class='main_color inner-entry'  itemscope=\"itemscope\" itemtype=\"https:\/\/schema.org\/CreativeWork\" ><a href='http:\/\/www.museiciviciviggiutesi.com\/?page_id=800' title='Estasi, Nando Conti'  data-rel='grid-1' class='grid-image avia-hover-fx'><img loading=\"lazy\" decoding=\"async\" width=\"260\" height=\"185\" src=\"https:\/\/www.museiciviciviggiutesi.com\/wp-content\/uploads\/2019\/11\/estasi-p-260x185.jpg\" class=\"attachment-portfolio_small size-portfolio_small wp-post-image\" alt=\"\" \/><\/a><div class='grid-content'><div class='avia-arrow'><\/div><header class=\"entry-content-header\"><h3 class='grid-entry-title entry-title '  itemprop=\"headline\" >Estasi, Nando Conti<\/h3><\/header><\/div><footer class=\"entry-footer\"><\/footer><\/article><\/div><\/div><br \/>\n<div  class='hr hr-short hr-center   avia-builder-el-11  el_after_av_portfolio  el_before_av_button  avia-builder-el-first  '><span class='hr-inner ' ><span class='hr-inner-style'><\/span><\/span><\/div><br \/>\n<div class='avia-button-wrap avia-button-center  avia-builder-el-12  el_after_av_hr  avia-builder-el-last  '><a href='https:\/\/www.museiciviciviggiutesi.com\/?page_id=692'  class='avia-button   avia-icon_select-no avia-color-custom avia-size-large avia-position-center '  style='background-color:#c6c6c5; border-color:#c6c6c5; color:#ffffff; ' ><span class='avia_iconbox_title' >Vedi tutte le opere<\/span><\/a><\/div><\/p><\/div><\/p>\n","protected":false},"excerpt":{"rendered":"","protected":false},"author":1,"featured_media":0,"parent":0,"menu_order":0,"comment_status":"closed","ping_status":"closed","template":"","meta":{"footnotes":""},"class_list":["post-659","page","type-page","status-publish","hentry"],"_links":{"self":[{"href":"https:\/\/www.museiciviciviggiutesi.com\/index.php?rest_route=\/wp\/v2\/pages\/659","targetHints":{"allow":["GET"]}}],"collection":[{"href":"https:\/\/www.museiciviciviggiutesi.com\/index.php?rest_route=\/wp\/v2\/pages"}],"about":[{"href":"https:\/\/www.museiciviciviggiutesi.com\/index.php?rest_route=\/wp\/v2\/types\/page"}],"author":[{"embeddable":true,"href":"https:\/\/www.museiciviciviggiutesi.com\/index.php?rest_route=\/wp\/v2\/users\/1"}],"replies":[{"embeddable":true,"href":"https:\/\/www.museiciviciviggiutesi.com\/index.php?rest_route=%2Fwp%2Fv2%2Fcomments&post=659"}],"version-history":[{"count":2,"href":"https:\/\/www.museiciviciviggiutesi.com\/index.php?rest_route=\/wp\/v2\/pages\/659\/revisions"}],"predecessor-version":[{"id":1247,"href":"https:\/\/www.museiciviciviggiutesi.com\/index.php?rest_route=\/wp\/v2\/pages\/659\/revisions\/1247"}],"wp:attachment":[{"href":"https:\/\/www.museiciviciviggiutesi.com\/index.php?rest_route=%2Fwp%2Fv2%2Fmedia&parent=659"}],"curies":[{"name":"wp","href":"https:\/\/api.w.org\/{rel}","templated":true}]}}