{"id":928,"date":"2019-11-19T17:55:30","date_gmt":"2019-11-19T16:55:30","guid":{"rendered":"http:\/\/www.museiciviciviggiutesi.com\/?page_id=928"},"modified":"2019-11-26T17:10:27","modified_gmt":"2019-11-26T16:10:27","slug":"bozzetto-per-il-concorso-per-la-realizzazione-della-v-porta-del-duomo-di-milano","status":"publish","type":"page","link":"https:\/\/www.museiciviciviggiutesi.com\/?page_id=928","title":{"rendered":"Bozzetto per il concorso per la realizzazione della V porta del Duomo di Milano"},"content":{"rendered":"<div class=\"flex_column av_two_third  flex_column_div av-zero-column-padding first  avia-builder-el-0  el_before_av_one_third  avia-builder-el-first  \" style='border-radius:0px; '><p><div class='avia-button-wrap avia-button-left  avia-builder-el-1  el_before_av_slideshow  avia-builder-el-first  '><a href='https:\/\/www.museiciviciviggiutesi.com\/?page_id=692'  class='avia-button   avia-icon_select-yes-left-icon avia-color-custom avia-size-small avia-position-left '  style='background-color:#c6c6c5; border-color:#c6c6c5; color:#ffffff; ' ><span class='avia_button_icon avia_button_icon_left ' aria-hidden='true' data-av_icon='\ue893' data-av_iconfont='entypo-fontello'><\/span><span class='avia_iconbox_title' >Torna alla lista delle opere<\/span><\/a><\/div><br \/>\n<div  data-size='no scaling'  data-lightbox_size='large'  data-animation='fade'  data-conditional_play=''  data-ids='931,932,933'  data-video_counter='0'  data-autoplay='true'  data-bg_slider='false'  data-slide_height=''  data-handle='av_slideshow'  data-interval='5'  data-class=' avia-builder-el-2  el_after_av_button  avia-builder-el-last   '  data-css_id=''  data-scroll_down=''  data-control_layout='av-control-default'  data-custom_markup=''  data-perma_caption=''  data-autoplay_stopper=''  data-image_attachment=''  data-min_height='0px'  class='avia-slideshow avia-slideshow-1  av-control-default av-default-height-applied avia-slideshow-no scaling av_slideshow  avia-builder-el-2  el_after_av_button  avia-builder-el-last    avia-fade-slider '  itemprop=\"image\" itemscope=\"itemscope\" itemtype=\"https:\/\/schema.org\/ImageObject\" ><ul class='avia-slideshow-inner ' style='padding-bottom: 74.95145631068%;' ><li  class=' slide-1 ' ><div data-rel='slideshow-1' class='avia-slide-wrap '   ><img src='https:\/\/www.museiciviciviggiutesi.com\/wp-content\/uploads\/2019\/11\/Immagine-056-1030x772.jpg' width='1030' height='772' title='Immagine-056-1030x772' alt=''  itemprop=\"thumbnailUrl\"   \/><\/div><\/li><li  class=' slide-2 ' ><div data-rel='slideshow-1' class='avia-slide-wrap '   ><img src='https:\/\/www.museiciviciviggiutesi.com\/wp-content\/uploads\/2019\/11\/P9170089-772x1030.jpg' width='772' height='1030' title='OLYMPUS DIGITAL CAMERA' alt=''  itemprop=\"thumbnailUrl\"   \/><\/div><\/li><li  class=' slide-3 ' ><div data-rel='slideshow-1' class='avia-slide-wrap '   ><img src='https:\/\/www.museiciviciviggiutesi.com\/wp-content\/uploads\/2019\/11\/P9170090-1030x772.jpg' width='1030' height='772' title='OLYMPUS DIGITAL CAMERA' alt=''  itemprop=\"thumbnailUrl\"   \/><\/div><\/li><\/ul><div class='avia-slideshow-arrows avia-slideshow-controls'><a href='#prev' class='prev-slide' aria-hidden='true' data-av_icon='\ue87c' data-av_iconfont='entypo-fontello'>Anteriore<\/a><a href='#next' class='next-slide' aria-hidden='true' data-av_icon='\ue87d' data-av_iconfont='entypo-fontello'>Posteriore<\/a><\/div><div class='avia-slideshow-dots avia-slideshow-controls'><a href='#1' class='goto-slide active' >1<\/a><a href='#2' class='goto-slide ' >2<\/a><a href='#3' class='goto-slide ' >3<\/a><\/div><\/div><\/p><\/div>\n<div class=\"flex_column av_one_third  flex_column_div av-zero-column-padding   avia-builder-el-3  el_after_av_two_third  el_before_av_section  avia-builder-el-last  \" style='border-radius:0px; '><section class=\"av_textblock_section \"  itemscope=\"itemscope\" itemtype=\"https:\/\/schema.org\/CreativeWork\" ><div class='avia_textblock  '   itemprop=\"text\" ><h3>Bozzetto per il concorso per la realizzazione della V porta del Duomo di Milano<\/h3>\n<p><strong>Artista:\u00a0<\/strong><a href=\"http:\/\/www.museiciviciviggiutesi.com\/?page_id=668\" target=\"_blank\" rel=\"nofollow noopener noreferrer\">Nando Conti<\/a><br \/>\n<strong>Anno di realizzazione:<\/strong>\u00a01959<br \/>\n<strong>Soggetto:<\/strong>\u00a0Narrazione storico-religiosa<br \/>\n<strong>Collocazione:<\/strong>\u00a0Viggi\u00f9, Museo degli artisti viggiutesi del Novecento<\/p>\n<\/div><\/section><br \/>\n<div class=\"togglecontainer   toggle_close_all  avia-builder-el-5  el_after_av_textblock  el_before_av_hr  \" >\n<section class=\"av_toggle_section\"  itemscope=\"itemscope\" itemtype=\"https:\/\/schema.org\/CreativeWork\"  >    <div class=\"single_toggle\" data-tags=\"{Tutto} \"  >        <p data-fake-id=\"#toggle-id-1\" class=\"toggler \"  itemprop=\"headline\"   >Dati tecnici<span class=\"toggle_icon\" >        <span class=\"vert_icon\"><\/span><span class=\"hor_icon\"><\/span><\/span><\/p>        <div id=\"toggle-id-1-container\" class=\"toggle_wrap \"  >            <div class=\"toggle_content invers-color \"  itemprop=\"text\"   ><p><strong>Tecnica:\u00a0<\/strong>Portale a formelle con raffigurazioni storiche<br \/>\n<strong>Materiale:<\/strong>\u00a0Gesso<\/p>\n<p><strong>Dimensioni:<\/strong>\u00a0170x12x80<br \/>\n<strong>Stato:<\/strong>\u00a0Buono<\/p>\n<p><strong>Nel museo:<\/strong>\u00a0Si<\/p>\n            <\/div>        <\/div>    <\/div><\/section>\n<section class=\"av_toggle_section\"  itemscope=\"itemscope\" itemtype=\"https:\/\/schema.org\/CreativeWork\"  >    <div class=\"single_toggle\" data-tags=\"{Tutto} \"  >        <p data-fake-id=\"#toggle-id-2\" class=\"toggler \"  itemprop=\"headline\"   >Descrizione<span class=\"toggle_icon\" >        <span class=\"vert_icon\"><\/span><span class=\"hor_icon\"><\/span><\/span><\/p>        <div id=\"toggle-id-2-container\" class=\"toggle_wrap \"  >            <div class=\"toggle_content invers-color \"  itemprop=\"text\"   ><p>All\u2019inizio degli anni \u201950, la Veneranda Fabbrica del Duomo di Milano, bandisce il concorso per la realizzazione dei battenti bronzei della quinta porta del Duomo. Il tema del concorso, che era stato suggerito dallo stesso cardinal Schuster sar\u00e0: \u201cOrigini e vicende della Cattedrale\u201d. Tra i partecipanti al concorso, oltre a Nando Conti, si annoveravano i pi\u00f9 grandi scultori del periodo tra cui Lucio Fontana, Francesco Messina, Enrico Manfrini e Luciano Minguzzi. Il compito dei partecipanti al concorso, era quello di realizzare il modello complessivo del portale e l\u2019ingrandimento di una delle sue formelle. Nando Conti esegue il modello del portale ed il particolare della formella raffigurante il momento in cui il progettista del Duomo presenta il proprio progetto al Signore milanese Gian Galeazzo Visconti. La trattazione del Conti era classica e forse un po\u2019 retorica e si distanziava moltissimo dalle avanguardistiche proposte di Fontana che destrutturavano la caratteristica conformazione del portale dove i vari episodi non apparivano rinchiusi in precisi riquadri, ma fluivano in una narrazione libera e movimentata, a dare come l\u2019impressione di una storia in progressione, pi\u00f9 che un susseguirsi di singoli ed isolati episodi.<br \/>\nLa commissione giudicante fu ben impressionata da questo lavoro, ma forse \u201cintimorita\u201d da quell\u2019estrema sintesi formale, chiese a Fontana di \u201criequilibrare\u201d l\u2019insieme, riproponendo cio\u00e8 un nuovo bozzetto. Richiesta, peraltro, che venne estesa anche agli altri partecipanti ritenuti pi\u00f9 meritevoli, e cio\u00e8 Enrico Manfrini, Francesco Messina e Luciano Minguzzi.<br \/>\nDal nuovo esame risultarono vincitori ex equo Fontana e Minguzzi, mentre il conti si classificher\u00e0 al terzo posto. Sar\u00e0 quest\u2019ultimo, con una proposta all\u2019altezza delle sue qualit\u00e0 di scultore, a ottenere infine la commissione della quinta porta del Duomo, che oggi ancora possiamo ammirare.<\/p>\n<div><\/div>\n            <\/div>        <\/div>    <\/div><\/section>\n<section class=\"av_toggle_section\"  itemscope=\"itemscope\" itemtype=\"https:\/\/schema.org\/CreativeWork\"  >    <div class=\"single_toggle\" data-tags=\"{Tutto} \"  >        <p data-fake-id=\"#toggle-id-3\" class=\"toggler \"  itemprop=\"headline\"   >Bibliografia<span class=\"toggle_icon\" >        <span class=\"vert_icon\"><\/span><span class=\"hor_icon\"><\/span><\/span><\/p>        <div id=\"toggle-id-3-container\" class=\"toggle_wrap \"  >            <div class=\"toggle_content invers-color \"  itemprop=\"text\"   ><p>Picasass, Varese, Macchione, 1995; G. Bottarelli, W. Guerra, Dizionario: Architetti, ceramisti, incisori, pittori e scultori di varse e del Varesotto dal sec XII al sec. XX; Varese, Archivio Artistico Varesino, 1998; Marina Degl&#8217;Innocenti, Nando Conti (1906-1960) &#8211; Opere, Associazione Amici dei Musei Viggiutesi, Comune di Viggi\u00f9, 2006<\/p>\n            <\/div>        <\/div>    <\/div><\/section>\n<\/div><br \/>\n<div  class='hr hr-default   avia-builder-el-6  el_after_av_toggle_container  el_before_av_textblock '><span class='hr-inner ' ><span class='hr-inner-style'><\/span><\/span><\/div><br \/>\n<section class=\"av_textblock_section \"  itemscope=\"itemscope\" itemtype=\"https:\/\/schema.org\/CreativeWork\" ><div class='avia_textblock  '   itemprop=\"text\" ><p>Altre immagini dell&#8217;opera<\/p>\n<\/div><\/section><br \/>\n<div class='avia-gallery  avia-gallery-1 avia_lazyload avia-gallery-animate avia_animate_when_visible  avia-builder-el-8  el_after_av_textblock  avia-builder-el-last  '  itemprop=\"image\" itemscope=\"itemscope\" itemtype=\"https:\/\/schema.org\/ImageObject\" ><div class='avia-gallery-thumb'> <a href='https:\/\/www.museiciviciviggiutesi.com\/wp-content\/uploads\/2019\/11\/P9170090-1030x772-1030x772.jpg' data-rel='gallery-1' data-prev-img='https:\/\/www.museiciviciviggiutesi.com\/wp-content\/uploads\/2019\/11\/P9170090-1030x772-495x400.jpg' class='first_thumb lightbox ' data-onclick='1' title='OLYMPUS DIGITAL CAMERA'  itemprop=\"thumbnailUrl\" ><img data-avia-tooltip='OLYMPUS DIGITAL CAMERA' src='https:\/\/www.museiciviciviggiutesi.com\/wp-content\/uploads\/2019\/11\/P9170090-1030x772-450x337.jpg' width='450' height='337'  title='OLYMPUS DIGITAL CAMERA' alt='' \/><\/a> <a href='https:\/\/www.museiciviciviggiutesi.com\/wp-content\/uploads\/2019\/11\/P9170089-772x1030-772x1030.jpg' data-rel='gallery-1' data-prev-img='https:\/\/www.museiciviciviggiutesi.com\/wp-content\/uploads\/2019\/11\/P9170089-772x1030-495x400.jpg' class='lightbox ' data-onclick='2' title='OLYMPUS DIGITAL CAMERA'  itemprop=\"thumbnailUrl\" ><img data-avia-tooltip='OLYMPUS DIGITAL CAMERA' src='https:\/\/www.museiciviciviggiutesi.com\/wp-content\/uploads\/2019\/11\/P9170089-772x1030-450x600.jpg' width='450' height='600'  title='OLYMPUS DIGITAL CAMERA' alt='' \/><\/a> <a href='https:\/\/www.museiciviciviggiutesi.com\/wp-content\/uploads\/2019\/11\/Immagine-056-1030x772-1030x772.jpg' data-rel='gallery-1' data-prev-img='https:\/\/www.museiciviciviggiutesi.com\/wp-content\/uploads\/2019\/11\/Immagine-056-1030x772-495x400.jpg' class='lightbox ' data-onclick='3' title=''  itemprop=\"thumbnailUrl\" ><img  src='https:\/\/www.museiciviciviggiutesi.com\/wp-content\/uploads\/2019\/11\/Immagine-056-1030x772-450x337.jpg' width='450' height='337'  title='Immagine-056-1030x772' alt='' \/><\/a><\/div><\/div><\/p><\/div><\/div><\/div><\/div><!-- close content main div --><\/div><\/div><div id='av_section_1' class='avia-section main_color avia-section-default avia-shadow avia-bg-style-scroll  avia-builder-el-9  el_after_av_one_third  avia-builder-el-last    container_wrap sidebar_right' style='background-color: #f8f8f8;  '  ><div class='container' ><div class='template-page content  av-content-small alpha units'><div class='post-entry post-entry-type-page post-entry-928'><div class='entry-content-wrapper clearfix'>\n<div style='padding-bottom:10px; font-size:26px;' class='av-special-heading av-special-heading-h3  blockquote classic-quote  avia-builder-el-10  el_before_av_hr  avia-builder-el-first   av-inherit-size '><h3 class='av-special-heading-tag '  itemprop=\"headline\"  >Altre opere del Museo del \u2019900<\/h3><div class='special-heading-border'><div class='special-heading-inner-border' ><\/div><\/div><\/div>\n<div  class='hr hr-short hr-center   avia-builder-el-11  el_after_av_heading  el_before_av_portfolio  avia-builder-el-last  '><span class='hr-inner ' ><span class='hr-inner-style'><\/span><\/span><\/div>\n<div class=' grid-sort-container isotope   no_margin-container with-title-container grid-total-even grid-col-4 grid-links-' data-portfolio-id='1'><div data-ajax-id='606' class=' grid-entry flex_column isotope-item all_sort no_margin post-entry post-entry-606 grid-entry-overview grid-loop-1 grid-parity-odd  museo-del-900_sort  av_one_fourth first default_av_fullwidth '><article class='main_color inner-entry'  itemscope=\"itemscope\" itemtype=\"https:\/\/schema.org\/CreativeWork\" ><a href='http:\/\/www.museiciviciviggiutesi.com\/?page_id=734' title='Misticismo, Giacomo Buzzi Reschini'  data-rel='grid-1' class='grid-image avia-hover-fx'><img loading=\"lazy\" decoding=\"async\" width=\"260\" height=\"185\" src=\"https:\/\/www.museiciviciviggiutesi.com\/wp-content\/uploads\/2019\/11\/misticismo-p1-1.jpg\" class=\"attachment-portfolio_small size-portfolio_small wp-post-image\" alt=\"\" \/><\/a><div class='grid-content'><div class='avia-arrow'><\/div><header class=\"entry-content-header\"><h3 class='grid-entry-title entry-title '  itemprop=\"headline\" >Misticismo, Giacomo Buzzi Reschini<\/h3><\/header><\/div><footer class=\"entry-footer\"><\/footer><\/article><\/div><div data-ajax-id='222' class=' grid-entry flex_column isotope-item all_sort no_margin post-entry post-entry-222 grid-entry-overview grid-loop-2 grid-parity-even  museo-del-900_sort  av_one_fourth  default_av_fullwidth '><article class='main_color inner-entry'  itemscope=\"itemscope\" itemtype=\"https:\/\/schema.org\/CreativeWork\" ><a href='http:\/\/www.museiciviciviggiutesi.com\/?page_id=762' title='Autoritratto, Enrico Rusconi'  data-rel='grid-1' class='grid-image avia-hover-fx'><img loading=\"lazy\" decoding=\"async\" width=\"260\" height=\"185\" src=\"https:\/\/www.museiciviciviggiutesi.com\/wp-content\/uploads\/2019\/11\/autoritratto-enrico-rusconi-p-260x185.jpg\" class=\"attachment-portfolio_small size-portfolio_small wp-post-image\" alt=\"\" \/><\/a><div class='grid-content'><div class='avia-arrow'><\/div><header class=\"entry-content-header\"><h3 class='grid-entry-title entry-title '  itemprop=\"headline\" >Autoritratto, Enrico Rusconi<\/h3><\/header><\/div><footer class=\"entry-footer\"><\/footer><\/article><\/div><div data-ajax-id='220' class=' grid-entry flex_column isotope-item all_sort no_margin post-entry post-entry-220 grid-entry-overview grid-loop-3 grid-parity-odd  museo-del-900_sort  av_one_fourth  default_av_fullwidth '><article class='main_color inner-entry'  itemscope=\"itemscope\" itemtype=\"https:\/\/schema.org\/CreativeWork\" ><a href='http:\/\/www.museiciviciviggiutesi.com\/?page_id=749' title='Autoritratto,Vincenzo Catt\u00f2'  data-rel='grid-1' class='grid-image avia-hover-fx'><img loading=\"lazy\" decoding=\"async\" width=\"260\" height=\"185\" src=\"https:\/\/www.museiciviciviggiutesi.com\/wp-content\/uploads\/2019\/11\/autoritratto-vincenzo-catto-p-260x185.jpg\" class=\"attachment-portfolio_small size-portfolio_small wp-post-image\" alt=\"\" \/><\/a><div class='grid-content'><div class='avia-arrow'><\/div><header class=\"entry-content-header\"><h3 class='grid-entry-title entry-title '  itemprop=\"headline\" >Autoritratto,Vincenzo Catt\u00f2<\/h3><\/header><\/div><footer class=\"entry-footer\"><\/footer><\/article><\/div><div data-ajax-id='218' class=' grid-entry flex_column isotope-item all_sort no_margin post-entry post-entry-218 grid-entry-overview grid-loop-4 grid-parity-even  post-entry-last  museo-del-900_sort  av_one_fourth  default_av_fullwidth '><article class='main_color inner-entry'  itemscope=\"itemscope\" itemtype=\"https:\/\/schema.org\/CreativeWork\" ><a href='http:\/\/www.museiciviciviggiutesi.com\/?page_id=800' title='Estasi, Nando Conti'  data-rel='grid-1' class='grid-image avia-hover-fx'><img loading=\"lazy\" decoding=\"async\" width=\"260\" height=\"185\" src=\"https:\/\/www.museiciviciviggiutesi.com\/wp-content\/uploads\/2019\/11\/estasi-p-260x185.jpg\" class=\"attachment-portfolio_small size-portfolio_small wp-post-image\" alt=\"\" \/><\/a><div class='grid-content'><div class='avia-arrow'><\/div><header class=\"entry-content-header\"><h3 class='grid-entry-title entry-title '  itemprop=\"headline\" >Estasi, Nando Conti<\/h3><\/header><\/div><footer class=\"entry-footer\"><\/footer><\/article><\/div><\/div>\n<\/div><\/div><\/div><!-- close content main div --><\/div><\/div><div id='after_section_1' class='main_color av_default_container_wrap container_wrap sidebar_right' style=' '  ><div class='container' ><div class='template-page content  av-content-small alpha units'><div class='post-entry post-entry-type-page post-entry-928'><div class='entry-content-wrapper clearfix'><\/p>\n","protected":false},"excerpt":{"rendered":"","protected":false},"author":1,"featured_media":0,"parent":0,"menu_order":0,"comment_status":"closed","ping_status":"closed","template":"","meta":{"footnotes":""},"class_list":["post-928","page","type-page","status-publish","hentry"],"_links":{"self":[{"href":"https:\/\/www.museiciviciviggiutesi.com\/index.php?rest_route=\/wp\/v2\/pages\/928","targetHints":{"allow":["GET"]}}],"collection":[{"href":"https:\/\/www.museiciviciviggiutesi.com\/index.php?rest_route=\/wp\/v2\/pages"}],"about":[{"href":"https:\/\/www.museiciviciviggiutesi.com\/index.php?rest_route=\/wp\/v2\/types\/page"}],"author":[{"embeddable":true,"href":"https:\/\/www.museiciviciviggiutesi.com\/index.php?rest_route=\/wp\/v2\/users\/1"}],"replies":[{"embeddable":true,"href":"https:\/\/www.museiciviciviggiutesi.com\/index.php?rest_route=%2Fwp%2Fv2%2Fcomments&post=928"}],"version-history":[{"count":5,"href":"https:\/\/www.museiciviciviggiutesi.com\/index.php?rest_route=\/wp\/v2\/pages\/928\/revisions"}],"predecessor-version":[{"id":1451,"href":"https:\/\/www.museiciviciviggiutesi.com\/index.php?rest_route=\/wp\/v2\/pages\/928\/revisions\/1451"}],"wp:attachment":[{"href":"https:\/\/www.museiciviciviggiutesi.com\/index.php?rest_route=%2Fwp%2Fv2%2Fmedia&parent=928"}],"curies":[{"name":"wp","href":"https:\/\/api.w.org\/{rel}","templated":true}]}}