{"id":972,"date":"2019-11-20T10:41:21","date_gmt":"2019-11-20T09:41:21","guid":{"rendered":"http:\/\/www.museiciviciviggiutesi.com\/?page_id=972"},"modified":"2021-08-07T18:27:15","modified_gmt":"2021-08-07T16:27:15","slug":"luigi-buzzi-leone","status":"publish","type":"page","link":"https:\/\/www.museiciviciviggiutesi.com\/?page_id=972","title":{"rendered":"Luigi Buzzi Leone"},"content":{"rendered":"<div class=\"flex_column av_one_full  flex_column_div av-zero-column-padding first  avia-builder-el-0  el_before_av_one_fourth  avia-builder-el-first  \" style='border-radius:0px; '><div style='padding-bottom:10px; ' class='av-special-heading av-special-heading-h3  blockquote modern-quote  avia-builder-el-1  avia-builder-el-no-sibling   '><h3 class='av-special-heading-tag '  itemprop=\"headline\"  >Luigi Buzzi Leone<\/h3><div class ='av-subheading av-subheading_below  ' style='font-size:15px;'><p>Viggi\u00f9, 24 Novembre 1823 &#8211; Ivi, 14 Marzo 1909<\/p>\n<\/div><div class='special-heading-border'><div class='special-heading-inner-border' ><\/div><\/div><\/div><\/div><div class=\"flex_column av_one_fourth  flex_column_div av-zero-column-padding first  avia-builder-el-2  el_after_av_one_full  el_before_av_three_fourth  column-top-margin\" style='border-radius:0px; '><div class='avia-image-container  av-styling-    avia-builder-el-3  avia-builder-el-no-sibling   avia-align-center '  itemprop=\"image\" itemscope=\"itemscope\" itemtype=\"https:\/\/schema.org\/ImageObject\"  ><div class='avia-image-container-inner'><div class='avia-image-overlay-wrap'><img class='avia_image' src='https:\/\/www.museiciviciviggiutesi.com\/wp-content\/uploads\/2019\/11\/Luigi-Buzzi-Leone2.jpg' alt='' title='Luigi-Buzzi-Leone2' height=\"238\" width=\"172\"  itemprop=\"thumbnailUrl\"  \/><\/div><\/div><\/div><\/div><\/p>\n<div class=\"flex_column av_three_fourth  flex_column_div av-zero-column-padding   avia-builder-el-4  el_after_av_one_fourth  el_before_av_one_full  column-top-margin\" style='border-radius:0px; '><section class=\"av_textblock_section \"  itemscope=\"itemscope\" itemtype=\"https:\/\/schema.org\/CreativeWork\" ><div class='avia_textblock  '   itemprop=\"text\" ><p>Esponente pi\u00f9 famoso della famiglia dei Buzzi Leone, Luigi si trasferisce in giovane et\u00e0 a Milano per frequentare l\u2019Accademia di Brera e gli studi di Pompeo Marchesi ed Innocenzo Fraccaroli, distinguendosi per la vincita di diversi concorsi. Nel 1851 si trasferisce a Roma per 3 anni per perfezionarsi, ammirando da vicino i capolavori di classicit\u00e0 e stringendo nuove ed importanti amicizie. Ritornato a Milano, vi rimane per lungo tempo: lavora nella Fabbrica del Duomo, per la quale realizza Santa Monica, San Dionigi e San Vitale, quindi, aderendo alla poetica veristica, tra il 1864 ed il 1867 esegue le statue del Giorno e della Notte per il Palazzo dell\u2019Amministrazione del Duomo in Camposanto. Verso la fine degli anni \u201950 \u00e8 attivo anche nel cantiere del Duomo di Como. Durante il suo soggiorno milanese il Buzzi Leone compare in diverse esposizioni con lavori a bassorilievo o busti di piccolo formato, destinati ad arredare interni domestici o a decorare tombe di famiglia; tuttavia, nonostante la modestia di questi lavori, avr\u00e0 l\u2019opportunit\u00e0 di esporre, a fianco di artisti di pi\u00f9 consolidata fama, alle mostre internazionali di Londra e Parigi. A Viggi\u00f9 trascorre gli anni della maturit\u00e0 e della vecchiaia.<\/p>\n<p>A Varese lascia diverse sue opere: il monumento al Cacciatore delle Alpi in piazza Podest\u00e0, la targa commemorativa a Carlo Carcano, in bronzo, ed il busto di Garibaldi, tradotto in marmo nel 1901 per il precoce deterioramento dell\u2019originale in pietra, oggi entrambi nel Palazzo Comunale.<\/p>\n<p>A Viggi\u00f9 si conservano, di sua mano: il Monumento funerario per Francesco Marinoni e quello per Luca Bossi (1869), il busto di Leopoldina Lazzaroni nobile Marinoni (1873), tutti al cimitero vecchio e il Putto a cavallo di un Delfino (1891), cortile del palazzo del Comune.<br \/>\nPresso il museo degli Artisti Viggiutesi dell\u2019800 \u00e8 l\u2019artista meglio rappresentato come numero di opere: vi si conservano infatti i gessi donati dalla famiglia Gunella a trent\u2019anni dalla scomparsa dell\u2019artista, tra cui:<\/p>\n<ul>\n<li>un Angelo<\/li>\n<li>una raffigurazione dell\u2019Industria<\/li>\n<li>la Francesca da Rimini (1862)<\/li>\n<li>i bozzetti per il Monumento alle 5 giornate di Milano<\/li>\n<li>tre gessi relativi al monumento al Cacciatore delle Alpi di Varese<\/li>\n<li>il gesso del Giorno e della Notte, progetto per l\u2019orologio della Veneranda Fabbrica del Duomo di Milano<\/li>\n<li>diversi medaglioni e busti, sia maschili che femminili<\/li>\n<li>bassorilievi con scene mitologiche<\/li>\n<\/ul>\n<\/div><\/section><\/div>\n<div class=\"flex_column av_one_full  flex_column_div av-zero-column-padding first  avia-builder-el-6  el_after_av_three_fourth  avia-builder-el-last  column-top-margin\" style='border-radius:0px; '><p><div  class='hr hr-default   avia-builder-el-7  el_before_av_heading  avia-builder-el-first '><span class='hr-inner ' ><span class='hr-inner-style'><\/span><\/span><\/div><br \/>\n<div style='padding-bottom:10px; ' class='av-special-heading av-special-heading-h3  blockquote classic-quote  avia-builder-el-8  el_after_av_hr  el_before_av_hr   '><h3 class='av-special-heading-tag '  itemprop=\"headline\"  >Alcune opere presenti al Museo dell \u2019800<\/h3><div class='special-heading-border'><div class='special-heading-inner-border' ><\/div><\/div><\/div><br \/>\n<div  class='hr hr-short hr-center   avia-builder-el-9  el_after_av_heading  el_before_av_portfolio  avia-builder-el-last  '><span class='hr-inner ' ><span class='hr-inner-style'><\/span><\/span><\/div><br \/>\n<div class=\"av-portfolio-grid-sorting-container\"><div class='sort_width_container  av-sort-yes' data-portfolio-id='1' ><div id='js_sort_items' ><div class='sort_by_cat hidden '><a href=\"#\" data-filter=\"all_sort\" class=\"all_sort_button active_sort\"><span class=\"inner_sort_button\"><span>Tutto<\/span><small class=\"av-cat-count\"> 4 <\/small><\/span><\/a><span class='text-sep museo-del-800_sort_sep'>\/<\/span><a href=\"#\" data-filter=\"museo-del-800_sort\" class=\"museo-del-800_sort_button\" ><span class=\"inner_sort_button\"><span>Museo del &#039;800<\/span><small class='av-cat-count'> 4 <\/small><\/span><\/a><\/div><\/div><\/div><div class=' grid-sort-container isotope   no_margin-container with-title-container grid-total-even grid-col-4 grid-links-' data-portfolio-id='1'><div data-ajax-id='98' class=' grid-entry flex_column isotope-item all_sort no_margin post-entry post-entry-98 grid-entry-overview grid-loop-1 grid-parity-odd  museo-del-800_sort  av_one_fourth first default_av_fullwidth '><article class='main_color inner-entry'  itemscope=\"itemscope\" itemtype=\"https:\/\/schema.org\/CreativeWork\" ><a href='http:\/\/www.museiciviciviggiutesi.com\/?page_id=1026' title='Busto ritratto di Felice Argenti, Stefano Butti'  data-rel='grid-1' class='grid-image avia-hover-fx'><img loading=\"lazy\" decoding=\"async\" width=\"260\" height=\"185\" src=\"https:\/\/www.museiciviciviggiutesi.com\/wp-content\/uploads\/2019\/11\/Busto-ritratto-di-Felice-Argenti-Stefano-Butti-p-260x185.jpg\" class=\"attachment-portfolio_small size-portfolio_small wp-post-image\" alt=\"\" \/><\/a><div class='grid-content'><div class='avia-arrow'><\/div><header class=\"entry-content-header\"><h3 class='grid-entry-title entry-title '  itemprop=\"headline\" >Busto ritratto di Felice Argenti, Stefano Butti<\/h3><\/header><\/div><footer class=\"entry-footer\"><\/footer><\/article><\/div><div data-ajax-id='96' class=' grid-entry flex_column isotope-item all_sort no_margin post-entry post-entry-96 grid-entry-overview grid-loop-2 grid-parity-even  museo-del-800_sort  av_one_fourth  default_av_fullwidth '><article class='main_color inner-entry'  itemscope=\"itemscope\" itemtype=\"https:\/\/schema.org\/CreativeWork\" ><a href='http:\/\/www.museiciviciviggiutesi.com\/?page_id=1031' title='Cloe e Dafne, Angelo Botticelli'  data-rel='grid-1' class='grid-image avia-hover-fx'><img loading=\"lazy\" decoding=\"async\" width=\"260\" height=\"185\" src=\"https:\/\/www.museiciviciviggiutesi.com\/wp-content\/uploads\/2019\/11\/Angelo-Bottinelli-Cloe-e-Dafne-p-260x185.jpg\" class=\"attachment-portfolio_small size-portfolio_small wp-post-image\" alt=\"\" \/><\/a><div class='grid-content'><div class='avia-arrow'><\/div><header class=\"entry-content-header\"><h3 class='grid-entry-title entry-title '  itemprop=\"headline\" >Cloe e Dafne, Angelo Botticelli<\/h3><\/header><\/div><footer class=\"entry-footer\"><\/footer><\/article><\/div><div data-ajax-id='94' class=' grid-entry flex_column isotope-item all_sort no_margin post-entry post-entry-94 grid-entry-overview grid-loop-3 grid-parity-odd  museo-del-800_sort  av_one_fourth  default_av_fullwidth '><article class='main_color inner-entry'  itemscope=\"itemscope\" itemtype=\"https:\/\/schema.org\/CreativeWork\" ><a href='http:\/\/www.museiciviciviggiutesi.com\/?page_id=1001' title='Il garibaldino, Luigi Buzzi Leone'  data-rel='grid-1' class='grid-image avia-hover-fx'><img loading=\"lazy\" decoding=\"async\" width=\"260\" height=\"185\" src=\"https:\/\/www.museiciviciviggiutesi.com\/wp-content\/uploads\/2019\/11\/il-garibaldino-luigi-buzzi-leone-p-260x185.jpg\" class=\"attachment-portfolio_small size-portfolio_small wp-post-image\" alt=\"\" \/><\/a><div class='grid-content'><div class='avia-arrow'><\/div><header class=\"entry-content-header\"><h3 class='grid-entry-title entry-title '  itemprop=\"headline\" >Il garibaldino, Luigi Buzzi Leone<\/h3><\/header><\/div><footer class=\"entry-footer\"><\/footer><\/article><\/div><div data-ajax-id='92' class=' grid-entry flex_column isotope-item all_sort no_margin post-entry post-entry-92 grid-entry-overview grid-loop-4 grid-parity-even  post-entry-last  museo-del-800_sort  av_one_fourth  default_av_fullwidth '><article class='main_color inner-entry'  itemscope=\"itemscope\" itemtype=\"https:\/\/schema.org\/CreativeWork\" ><a href='http:\/\/www.museiciviciviggiutesi.com\/?page_id=1054' title='Autoritratto (Antonio Bottinelli)'  data-rel='grid-1' class='grid-image avia-hover-fx'><img loading=\"lazy\" decoding=\"async\" width=\"260\" height=\"185\" src=\"https:\/\/www.museiciviciviggiutesi.com\/wp-content\/uploads\/2019\/11\/autoritratto-bottinelli-antonio-p-260x185.jpg\" class=\"attachment-portfolio_small size-portfolio_small wp-post-image\" alt=\"\" \/><\/a><div class='grid-content'><div class='avia-arrow'><\/div><header class=\"entry-content-header\"><h3 class='grid-entry-title entry-title '  itemprop=\"headline\" >Autoritratto (Antonio Bottinelli)<\/h3><\/header><\/div><footer class=\"entry-footer\"><\/footer><\/article><\/div><\/div><\/div>   <!--   class=\"av-portfolio-grid-sorting-container\"  --><div class='pagination-wrap pagination-portfolio '><nav class='pagination'><span class='pagination-meta'>Pagina 1 di 3<\/span><span class='current'>1<\/span><a href='https:\/\/www.museiciviciviggiutesi.com\/index.php?rest_route=%2Fwp%2Fv2%2Fpages%2F972&#038;paged=2' class='inactive next_page' >2<\/a><a href='https:\/\/www.museiciviciviggiutesi.com\/index.php?rest_route=%2Fwp%2Fv2%2Fpages%2F972&#038;paged=3' class='inactive' >3<\/a><\/nav>\n<\/div><br \/>\n<div  class='hr hr-short hr-center   avia-builder-el-11  el_after_av_portfolio  el_before_av_button  avia-builder-el-first  '><span class='hr-inner ' ><span class='hr-inner-style'><\/span><\/span><\/div><br \/>\n<div class='avia-button-wrap avia-button-center  avia-builder-el-12  el_after_av_hr  avia-builder-el-last  '><a href='https:\/\/www.museiciviciviggiutesi.com\/?page_id=963'  class='avia-button   avia-icon_select-no avia-color-custom avia-size-large avia-position-center '  style='background-color:#c6c6c5; border-color:#c6c6c5; color:#ffffff; ' ><span class='avia_iconbox_title' >Vedi tutte le opere<\/span><\/a><\/div><\/p><\/div>\n","protected":false},"excerpt":{"rendered":"","protected":false},"author":1,"featured_media":0,"parent":0,"menu_order":0,"comment_status":"closed","ping_status":"closed","template":"","meta":{"footnotes":""},"class_list":["post-972","page","type-page","status-publish","hentry"],"_links":{"self":[{"href":"https:\/\/www.museiciviciviggiutesi.com\/index.php?rest_route=\/wp\/v2\/pages\/972","targetHints":{"allow":["GET"]}}],"collection":[{"href":"https:\/\/www.museiciviciviggiutesi.com\/index.php?rest_route=\/wp\/v2\/pages"}],"about":[{"href":"https:\/\/www.museiciviciviggiutesi.com\/index.php?rest_route=\/wp\/v2\/types\/page"}],"author":[{"embeddable":true,"href":"https:\/\/www.museiciviciviggiutesi.com\/index.php?rest_route=\/wp\/v2\/users\/1"}],"replies":[{"embeddable":true,"href":"https:\/\/www.museiciviciviggiutesi.com\/index.php?rest_route=%2Fwp%2Fv2%2Fcomments&post=972"}],"version-history":[{"count":5,"href":"https:\/\/www.museiciviciviggiutesi.com\/index.php?rest_route=\/wp\/v2\/pages\/972\/revisions"}],"predecessor-version":[{"id":1617,"href":"https:\/\/www.museiciviciviggiutesi.com\/index.php?rest_route=\/wp\/v2\/pages\/972\/revisions\/1617"}],"wp:attachment":[{"href":"https:\/\/www.museiciviciviggiutesi.com\/index.php?rest_route=%2Fwp%2Fv2%2Fmedia&parent=972"}],"curies":[{"name":"wp","href":"https:\/\/api.w.org\/{rel}","templated":true}]}}